{"id":21849,"date":"2026-01-18T21:32:06","date_gmt":"2026-01-18T21:32:06","guid":{"rendered":"https:\/\/trade.colart.com\/ee\/product\/cont%c3%a9-%c3%a0-paris-carr%c3%a9s-coloured-portrait-set-of-12\/"},"modified":"2026-04-17T07:55:30","modified_gmt":"2026-04-17T07:55:30","slug":"cont%c3%a9-%c3%a0-paris-carr%c3%a9s-coloured-portrait-set-of-12","status":"publish","type":"product","link":"https:\/\/trade.colart.com\/ee\/product\/cont%c3%a9-%c3%a0-paris-carr%c3%a9s-coloured-portrait-set-of-12\/","title":{"rendered":"Cont\u00e9 \u00e0 Paris Carr\u00e9s Coloured Portrait Set of 12"},"content":{"rendered":"","protected":false},"excerpt":{"rendered":"<p> <span class=\"more_dots\">&#8230;<\/span><\/p>\n<p><a class=\"btn btn-secondary understrap-read-more-link\" href=\"https:\/\/trade.colart.com\/ee\/product\/cont%c3%a9-%c3%a0-paris-carr%c3%a9s-coloured-portrait-set-of-12\/\">Read More&#8230;<span class=\"screen-reader-text\"> from Cont\u00e9 \u00e0 Paris Carr\u00e9s Coloured Portrait Set of 12<\/span><\/a><\/p>\n","protected":false},"featured_media":22441,"comment_status":"closed","ping_status":"closed","template":"","meta":{"_acf_changed":false},"product_brand":[],"product_cat":[2474],"product_tag":[],"class_list":{"0":"post-21849","1":"product","2":"type-product","3":"status-publish","4":"has-post-thumbnail","6":"product_cat-conte-a-paris-carre-carre-set","8":"first","9":"instock","10":"shipping-taxable","11":"purchasable","12":"product-type-simple"},"acf":[],"_links":{"self":[{"href":"https:\/\/trade.colart.com\/ee\/wp-json\/wp\/v2\/product\/21849","targetHints":{"allow":["GET"]}}],"collection":[{"href":"https:\/\/trade.colart.com\/ee\/wp-json\/wp\/v2\/product"}],"about":[{"href":"https:\/\/trade.colart.com\/ee\/wp-json\/wp\/v2\/types\/product"}],"replies":[{"embeddable":true,"href":"https:\/\/trade.colart.com\/ee\/wp-json\/wp\/v2\/comments?post=21849"}],"wp:featuredmedia":[{"embeddable":true,"href":"https:\/\/trade.colart.com\/ee\/wp-json\/wp\/v2\/media\/22441"}],"wp:attachment":[{"href":"https:\/\/trade.colart.com\/ee\/wp-json\/wp\/v2\/media?parent=21849"}],"wp:term":[{"taxonomy":"product_brand","embeddable":true,"href":"https:\/\/trade.colart.com\/ee\/wp-json\/wp\/v2\/product_brand?post=21849"},{"taxonomy":"product_cat","embeddable":true,"href":"https:\/\/trade.colart.com\/ee\/wp-json\/wp\/v2\/product_cat?post=21849"},{"taxonomy":"product_tag","embeddable":true,"href":"https:\/\/trade.colart.com\/ee\/wp-json\/wp\/v2\/product_tag?post=21849"}],"curies":[{"name":"wp","href":"https:\/\/api.w.org\/{rel}","templated":true}]}}