{"id":22300,"date":"2025-02-26T01:07:31","date_gmt":"2025-02-26T01:07:31","guid":{"rendered":"https:\/\/trade.colart.com\/ee\/product\/lefranc-bourgeois-lino-printing-sheet\/"},"modified":"2026-04-17T08:37:44","modified_gmt":"2026-04-17T08:37:44","slug":"lefranc-bourgeois-lino-printing-sheet","status":"publish","type":"product","link":"https:\/\/trade.colart.com\/ee\/product\/lefranc-bourgeois-lino-printing-sheet\/","title":{"rendered":"Lino Printing Sheet"},"content":{"rendered":"","protected":false},"excerpt":{"rendered":"<p>Imprimez des cr\u00e9ations inspirantes avec nos feuilles d&#8217;impression sp\u00e9ciale linogravure. Ces feuilles d&#8217;impression grises sont en linol\u00e9um souple et flexible, un mat\u00e9riau con\u00e7u pour la gravure. Sculptez des sillons sur la feuille avec votre gouge, appliquez de l&#8217;encre ou de la peinture et imprimez.<\/p>\n<p>Chaque feuille contient une image pour dix impressions. Cela vous permet d&#8217;imprimer des motifs et des s\u00e9ries. Adapt\u00e9es \u00e0 un usage domestique ou scolaire, ces feuilles sont con\u00e7ues pour les encres \u00e0 base d&#8217;eau. <span class=\"more_dots\">&#8230;<\/span><\/p>\n<p><a class=\"btn btn-secondary understrap-read-more-link\" href=\"https:\/\/trade.colart.com\/ee\/product\/lefranc-bourgeois-lino-printing-sheet\/\">Read More&#8230;<span class=\"screen-reader-text\"> from Lino Printing Sheet<\/span><\/a><\/p>\n","protected":false},"featured_media":22799,"comment_status":"closed","ping_status":"closed","template":"","meta":{"_acf_changed":false},"product_brand":[],"product_cat":[2438],"product_tag":[],"class_list":{"0":"post-22300","1":"product","2":"type-product","3":"status-publish","4":"has-post-thumbnail","6":"product_cat-lefranc-bourgeois-fine-art-lino-printing-linoprinting-inks-linoprinting-ink-sets","8":"first","9":"instock","10":"shipping-taxable","11":"purchasable","12":"product-type-variable"},"acf":[],"_links":{"self":[{"href":"https:\/\/trade.colart.com\/ee\/wp-json\/wp\/v2\/product\/22300","targetHints":{"allow":["GET"]}}],"collection":[{"href":"https:\/\/trade.colart.com\/ee\/wp-json\/wp\/v2\/product"}],"about":[{"href":"https:\/\/trade.colart.com\/ee\/wp-json\/wp\/v2\/types\/product"}],"replies":[{"embeddable":true,"href":"https:\/\/trade.colart.com\/ee\/wp-json\/wp\/v2\/comments?post=22300"}],"wp:featuredmedia":[{"embeddable":true,"href":"https:\/\/trade.colart.com\/ee\/wp-json\/wp\/v2\/media\/22799"}],"wp:attachment":[{"href":"https:\/\/trade.colart.com\/ee\/wp-json\/wp\/v2\/media?parent=22300"}],"wp:term":[{"taxonomy":"product_brand","embeddable":true,"href":"https:\/\/trade.colart.com\/ee\/wp-json\/wp\/v2\/product_brand?post=22300"},{"taxonomy":"product_cat","embeddable":true,"href":"https:\/\/trade.colart.com\/ee\/wp-json\/wp\/v2\/product_cat?post=22300"},{"taxonomy":"product_tag","embeddable":true,"href":"https:\/\/trade.colart.com\/ee\/wp-json\/wp\/v2\/product_tag?post=22300"}],"curies":[{"name":"wp","href":"https:\/\/api.w.org\/{rel}","templated":true}]}}