{"id":19798,"date":"2021-12-02T16:46:28","date_gmt":"2021-12-02T16:46:28","guid":{"rendered":"https:\/\/trade.colart.com\/es\/?page_id=19798"},"modified":"2021-12-08T11:16:21","modified_gmt":"2021-12-08T11:16:21","slug":"politica-de-privacidad","status":"publish","type":"page","link":"https:\/\/trade.colart.com\/es\/politica-de-privacidad\/","title":{"rendered":"Pol\u00edtica de Privacidad"},"content":{"rendered":"<div id=\"pl-19798\"  class=\"panel-layout\" ><div id=\"pg-19798-0\"  class=\"panel-grid panel-no-style\" ><div id=\"pgc-19798-0-0\"  class=\"panel-grid-cell\" ><div id=\"panel-19798-0-0-0\" class=\"so-panel widget widget_colart_headline_widget colart_headline_widget panel-first-child panel-last-child\" data-index=\"0\" >\n<div class=\"headline_only\">\n\n    <div class=\"row\">\n        <div class=\"col-12\">\n            <h3 class=\"description text-uppercase mb-0 \" style=\"\">Pol\u00edtica de Privacidad<\/h3>\n        <\/div>\n    <\/div>\n<\/div>\n\n\n\n\n\n<\/div><script>if (typeof widgets === 'undefined') var widgets = [];  widgets.push({'colart-headline-widget-headline-only':0.0001});<\/script><\/div><\/div><div id=\"pg-19798-1\"  class=\"panel-grid panel-no-style\" ><div id=\"pgc-19798-1-0\"  class=\"panel-grid-cell\" ><div id=\"panel-19798-1-0-0\" class=\"so-panel widget widget_text panel-first-child panel-last-child\" data-index=\"1\" >\t\t\t<div class=\"textwidget\"><p>1. \u00bfQui\u00e9nes somos?<\/p>\n<p>1.1 Somos Colart International Holdings Limited. Somos los propietarios y operadores de este sitio web (el &#8220;Portal Comercial Colart&#8221;). Por favor, p\u00f3ngase en contacto con nosotros por correo electr\u00f3nico si tiene alguna pregunta o comentario sobre esta pol\u00edtica.<\/p>\n<p>&nbsp;<\/p>\n<p>2. \u00bfQu\u00e9 finalidad tiene esta pol\u00edtica?<\/p>\n<p>2.1 Esta pol\u00edtica le indica c\u00f3mo tratamos sus &#8220;datos personales&#8221; (es decir, la informaci\u00f3n sobre cualquier persona viva identificada o identificable). A efectos del Reglamento General de Protecci\u00f3n de Datos, somos el responsable del tratamiento de los datos personales que recogemos. Siga leyendo para saber qu\u00e9 tipo de datos personales recopilamos, c\u00f3mo los utilizamos y protegemos, a qui\u00e9n se los revelamos y c\u00f3mo puede acceder a ellos y rectificarlos o solicitar que dejemos de procesarlos.<\/p>\n<p>2.2 Al utilizar el \u201cPortal\u201d, usted acepta esta pol\u00edtica, nuestros t\u00e9rminos y condiciones y nuestra pol\u00edtica de cookies. Por favor, no utilice el \u201cPortal\u201d a menos que est\u00e9 completamente satisfecho con esta pol\u00edtica, la pol\u00edtica de cookies y los t\u00e9rminos y condiciones. Si utiliza el \u201cPortal\u201d, supondremos que lo acepta.<\/p>\n<p>&nbsp;<\/p>\n<p>3. \u00bfPodr\u00eda cambiar la pol\u00edtica?<\/p>\n<p>3.1 Es muy posible que lo haga, por lo que debe comprobarlo cada vez que visite el \u201cPortal\u201d. Si utiliza el Sitio despu\u00e9s de la fecha de entrada en vigor indicada en la parte superior de la pol\u00edtica revisada, acepta esta pol\u00edtica, nuestra pol\u00edtica de cookies y los t\u00e9rminos y condiciones.<\/p>\n<p>&nbsp;<\/p>\n<p>4. \u00bfQu\u00e9 datos personales o de otro tipo recogemos?<\/p>\n<p>Informaci\u00f3n que nos proporciona<\/p>\n<p>4.1 Recogemos y almacenamos la informaci\u00f3n que nos proporciona a trav\u00e9s de los formularios que rellena en el \u201cPortal\u201d -como su nombre, direcci\u00f3n, direcci\u00f3n de correo electr\u00f3nico, n\u00famero de tel\u00e9fono, tipo de artista, preferencias de medios art\u00edsticos- o cuando se comunica con nosotros por tel\u00e9fono, correo electr\u00f3nico o de alguna otra manera. Usted puede elegir qu\u00e9 informaci\u00f3n proporcionarnos a trav\u00e9s de estos formularios, pero algunos de estos datos pueden ser necesarios para proporcionarle determinados servicios o bienes (por ejemplo, la direcci\u00f3n de facturaci\u00f3n o de entrega si nos hace un pedido). Si decide no proporcionar dicha informaci\u00f3n, no podremos proporcionarle dichos servicios o bienes.<\/p>\n<p>Informaci\u00f3n que recopilamos sobre usted<\/p>\n<p>4.2 Recibimos y almacenamos cierta informaci\u00f3n autom\u00e1ticamente cuando usted interact\u00faa con nosotros. Algunos ejemplos son la informaci\u00f3n de conexi\u00f3n, como el pa\u00eds y la ciudad, el tipo y la versi\u00f3n del navegador, su sistema operativo y su plataforma, un n\u00famero de referencia \u00fanico vinculado a los datos que introduce en nuestro sistema, los datos de inicio de sesi\u00f3n, el flujo de clics de la URL completa hac\u00eda, a trav\u00e9s y desde nuestro sitio (incluida la fecha y la hora), el n\u00famero de cookie, la actividad en el sitio, incluidas las p\u00e1ginas que ha visitado, las b\u00fasquedas que ha realizado, los productos comprados, los gustos, los comentarios y las cargas.<\/p>\n<p>Informaci\u00f3n que recibimos de otras fuentes<\/p>\n<p>4.3 Podemos recibir informaci\u00f3n sobre usted si utiliza cualquiera de los otros sitios web que operamos o los otros servicios que proporcionamos. Tambi\u00e9n colaboramos estrechamente con terceros (incluidos, por ejemplo, socios comerciales, subcontratistas de servicios t\u00e9cnicos, de pago y de entrega, redes de publicidad, proveedores de an\u00e1lisis, proveedores de informaci\u00f3n de b\u00fasqueda, agencias de referencia de cr\u00e9dito) y podemos recibir informaci\u00f3n sobre usted de ellos.<\/p>\n<p>&nbsp;<\/p>\n<p>5. \u00bfQu\u00e9 pasa con las cookies?<\/p>\n<p>5.1 Utilizamos cookies en el \u201cPortal\u201d. Encontrar\u00e1 todos los detalles en nuestra pol\u00edtica de cookies por separado.<\/p>\n<p>&nbsp;<\/p>\n<p>6. \u00bfCu\u00e1l es nuestra base legal para el tratamiento de datos personales?<\/p>\n<p>6.1 De acuerdo con el Reglamento General de Protecci\u00f3n de Datos, tenemos varias bases legales para procesar sus datos personales:<\/p>\n<p>(a) Cumplimiento de un contrato con usted: en el caso de los datos necesarios para proporcionarle bienes o servicios (que ver\u00e1 como campos obligatorios en cualquier pedido o proceso de registro), procesamos los datos para proporcionarle dichos bienes y servicios.<\/p>\n<p>(b) Consentimiento: cuando usted haya dado su consentimiento (por ejemplo, aceptando que nos pongamos en contacto con usted para ofrecerle noticias que puedan interesarle), trataremos los datos sobre la base de ese consentimiento.<\/p>\n<p>(c) Intereses leg\u00edtimos: para el resto de los datos que recopilamos, los procesamos en el inter\u00e9s leg\u00edtimo de operar nuestro negocio.<\/p>\n<p>&nbsp;<\/p>\n<p>7. \u00bfC\u00f3mo protegemos los datos personales?<\/p>\n<p>7.1 Utilizamos sus datos personales para prestar nuestros servicios derivados de cualquier contrato celebrado entre usted y nosotros y para proporcionarle la informaci\u00f3n, los productos y otros servicios que nos solicite. Esto incluye el env\u00edo de mensajes de servicio\/transacci\u00f3n, la tramitaci\u00f3n de pagos y\/o el cumplimiento de pedidos.<\/p>\n<p>7.2 Utilizamos sus datos personales para ayudarnos a comunicarnos con usted de forma eficaz si intenta ponerse en contacto con nosotros por correo electr\u00f3nico.<\/p>\n<p>7.3 S\u00f3lo queremos enviarle comunicaciones relacionadas con el marketing que consideremos que pueden interesarle y si usted ha dado su permiso en el \u201cPortal\u201d. Tenga en cuenta que, aunque decida no recibir nuestros correos electr\u00f3nicos de marketing, seguir\u00e1 recibiendo nuestros correos electr\u00f3nicos transaccionales, como los mensajes relacionados con sus pedidos, las actualizaciones de los productos y servicios que nos haya comprado o la informaci\u00f3n sobre su cuenta.<\/p>\n<p>7.4 Podemos utilizar los datos personales para reconocerle cuando visite o regrese al \u201cPortal\u201d para hacer un seguimiento an\u00f3nimo del tr\u00e1fico y los patrones de uso, para prevenir o detectar fraudes o abusos o para ayudarnos a mejorar el \u201cPortal\u201d. Para ello, podemos utilizar cookies. Consulte nuestra pol\u00edtica de cookies.<\/p>\n<p>7.5 Podemos utilizar sus datos personales para mostrarle anuncios en nuestro sitio web adaptados a usted y a sus preferencias. Para ello, podemos utilizar cookies. Consulte nuestra pol\u00edtica de cookies.<\/p>\n<p>7.6 Si nos proporciona una direcci\u00f3n de correo electr\u00f3nico de un tercero para remitirnos a alguien, utilizaremos esa direcci\u00f3n de correo electr\u00f3nico s\u00f3lo para transmitir el mensaje de remisi\u00f3n y luego la borraremos inmediatamente. Deber\u00e1 obtener el consentimiento de la persona cuyos datos proporcione antes de facilitarnos esos datos.<\/p>\n<p>7.7 Conservamos los datos personales de las cuentas cerradas para cumplir con las obligaciones legales, hacer cumplir nuestros t\u00e9rminos y condiciones, prevenir el fraude, cobrar las tarifas adeudadas, resolver disputas, solucionar problemas, ayudar en cualquier investigaci\u00f3n y tomar otras medidas permitidas por la ley.<\/p>\n<p>7.8 Podemos acceder, eliminar, alterar, almacenar o utilizar de otro modo cualquier dato personal si tenemos motivos para creer que incumple nuestros t\u00e9rminos y condiciones, o que dichas medidas son necesarias para protegernos a nosotros o a otros, o que se ha cometido un acto delictivo, o si nos lo exige la ley o la autoridad competente.<\/p>\n<p>&nbsp;<\/p>\n<p>8. \u00bfC\u00f3mo aseguramos los datos personales?<\/p>\n<p>8.1 La seguridad es una gran prioridad. Tomamos todas las precauciones pertinentes para proteger los datos personales.<\/p>\n<p>8.2 El correo electr\u00f3nico y otras comunicaciones electr\u00f3nicas no son seguras si no han sido codificadas. Sus comunicaciones pueden pasar por servidores en varios pa\u00edses, incluyendo pa\u00edses fuera del Espacio Econ\u00f3mico Europeo (EEE) antes de llegar a nosotros. Aunque haremos todo lo posible para proteger sus datos personales, no podemos garantizar la seguridad de sus datos transmitidos al Sitio; cualquier transmisi\u00f3n es bajo su propio riesgo. No aceptamos la responsabilidad de cualquier acceso no autorizado o p\u00e9rdida de datos personales que se derive de una causa ajena a nuestro control. Tampoco podemos responsabilizarnos de las acciones u omisiones de otros usuarios o de terceros que puedan hacer un uso indebido de sus datos personales recogidos en el \u201cPortal\u201d.<\/p>\n<p>9. \u00bfA qui\u00e9n revelamos los datos personales?<\/p>\n<p>9.1 Los datos de pago, incluidos los n\u00fameros de las tarjetas de cr\u00e9dito, se facilitan directamente a nuestro socio bancario. Nosotros no recibimos dicha informaci\u00f3n. Para garantizar que sus datos no se utilicen sin consentimiento, sus datos personales pueden ser suministrados a terceros, incluidas las agencias de referencia crediticia y de prevenci\u00f3n del fraude, que pueden mantener un registro de esa informaci\u00f3n.<\/p>\n<p>9.2 Podemos permitir el acceso a sus datos personales a terceros que nos prestan un servicio. Algunos ejemplos son los proveedores de plataformas de comercio electr\u00f3nico, los transportistas (para permitir la entrega de mercanc\u00edas), los anfitriones de sitios web y las empresas que nos ayudan a realizar comunicaciones o a supervisar nuestro sitio.<\/p>\n<p>9.3 Si ha dado su permiso en nuestro sitio web, podemos proporcionar sus datos personales a otras empresas de nuestro grupo, es decir, a nuestras filiales, a nuestra sociedad de cartera \u00faltima y a sus filiales, tal y como se define en el art\u00edculo 1159 de la Ley de Sociedades del Reino Unido de 2006, o a terceros seleccionados, para que puedan enviarle mensajes de correo electr\u00f3nico (u otras comunicaciones) con detalles sobre bienes o servicios que puedan ser de su inter\u00e9s, incluida la informaci\u00f3n sobre ofertas especiales o promociones. Puede cambiar su configuraci\u00f3n de privacidad y sus preferencias en &#8220;Tu cuenta&#8221;.<\/p>\n<p>9.4 Podemos revelar los datos personales en la medida en que sea razonablemente necesario:<\/p>\n<p>a) Si tenemos motivos para creer que ha infringido nuestras condiciones, o que dichas medidas son necesarias para protegernos a nosotros o a otros, o que se ha cometido un acto delictivo, o si estamos obligados a hacerlo por ley o por la autoridad competente; o<\/p>\n<p>b) En el caso de una venta real o propuesta de fusi\u00f3n o combinaci\u00f3n de negocios que implique la totalidad o la parte relevante de nuestro negocio.<\/p>\n<p>c) Si tenemos el deber de revelar o compartir sus datos personales para cumplir con cualquier obligaci\u00f3n legal, o para hacer cumplir o aplicar nuestros t\u00e9rminos y condiciones y otros acuerdos; o para proteger los derechos, la propiedad o la seguridad de nosotros, nuestros clientes u otros. Esto incluye el intercambio de informaci\u00f3n con otras empresas y organizaciones con el fin de proteger el fraude y reducir el riesgo de cr\u00e9dito.<\/p>\n<p>9.5 Podemos almacenar o transferir datos personales fuera del EEE para los fines indicados en esta pol\u00edtica. De ser as\u00ed, cumpliremos, por supuesto, con la legislaci\u00f3n aplicable en materia de transferencia de datos fuera de la UE.<\/p>\n<p>9.6 Salvo que se incluya espec\u00edficamente en esta pol\u00edtica, este documento se refiere \u00fanicamente al uso y la divulgaci\u00f3n de la informaci\u00f3n que recopilamos de usted. Si usted divulga su informaci\u00f3n a terceros, ya sean otros usuarios de nuestro sitio o de otros sitios web, pueden aplicarse normas diferentes al uso o divulgaci\u00f3n de su informaci\u00f3n.<\/p>\n<p>&nbsp;<\/p>\n<p>10. \u00bfCu\u00e1les son sus derechos en relaci\u00f3n con sus datos personales?<\/p>\n<p>10.1 Puede ponerse en contacto con nosotros por correo electr\u00f3nico para:<\/p>\n<p>(a) solicitar el acceso a los datos personales que tenemos sobre usted, o una copia de los mismos, ya sea para revisarlos usted mismo o para facilitarlos a otro responsable del tratamiento;<\/p>\n<p>(b) solicitar la supresi\u00f3n o correcci\u00f3n de los datos personales que tenemos sobre usted;<\/p>\n<p>(c) oponerse a que utilicemos sus datos personales y\/o solicitar que restrinjamos o dejemos de utilizar esos datos, o bien oponerse a que los utilicemos;<\/p>\n<p>(d) retirar su consentimiento para el tratamiento de sus datos personales, cuando tratemos los datos sobre la base del consentimiento.<\/p>\n<p>10.2 Si lo desea, puede eliminar definitivamente su cuenta con nosotros por los medios explicados anteriormente.<\/p>\n<p>10.3 Para obtener informaci\u00f3n sobre sus derechos en virtud de las leyes de protecci\u00f3n de datos en la Uni\u00f3n Europea, consulte https:\/\/ec.europa.eu\/info\/law\/law-topic\/data-protection_en.<\/p>\n<\/div>\n\t\t<\/div><\/div><\/div><\/div>","protected":false},"excerpt":{"rendered":"<p>1. \u00bfQui\u00e9nes somos? 1.1 Somos Colart International Holdings Limited. Somos los propietarios y operadores de este sitio web (el &#8220;Portal Comercial Colart&#8221;). Por favor, p\u00f3ngase en contacto con nosotros por correo electr\u00f3nico si tiene alguna pregunta o comentario sobre esta pol\u00edtica. &nbsp; 2. \u00bfQu\u00e9 finalidad tiene esta pol\u00edtica? 2.1 Esta pol\u00edtica le indica c\u00f3mo tratamos <span class=\"more_dots\">&#8230;<\/span><\/p>\n<p><a class=\"btn btn-secondary understrap-read-more-link\" href=\"https:\/\/trade.colart.com\/es\/politica-de-privacidad\/\">Read More&#8230;<span class=\"screen-reader-text\"> from Pol\u00edtica de Privacidad<\/span><\/a><\/p>\n","protected":false},"author":6,"featured_media":0,"parent":0,"menu_order":0,"comment_status":"closed","ping_status":"closed","template":"","meta":{"_acf_changed":false,"footnotes":""},"colart_campaign":[],"class_list":["post-19798","page","type-page","status-publish","hentry"],"acf":[],"_links":{"self":[{"href":"https:\/\/trade.colart.com\/es\/wp-json\/wp\/v2\/pages\/19798","targetHints":{"allow":["GET"]}}],"collection":[{"href":"https:\/\/trade.colart.com\/es\/wp-json\/wp\/v2\/pages"}],"about":[{"href":"https:\/\/trade.colart.com\/es\/wp-json\/wp\/v2\/types\/page"}],"author":[{"embeddable":true,"href":"https:\/\/trade.colart.com\/es\/wp-json\/wp\/v2\/users\/6"}],"replies":[{"embeddable":true,"href":"https:\/\/trade.colart.com\/es\/wp-json\/wp\/v2\/comments?post=19798"}],"version-history":[{"count":6,"href":"https:\/\/trade.colart.com\/es\/wp-json\/wp\/v2\/pages\/19798\/revisions"}],"predecessor-version":[{"id":21009,"href":"https:\/\/trade.colart.com\/es\/wp-json\/wp\/v2\/pages\/19798\/revisions\/21009"}],"wp:attachment":[{"href":"https:\/\/trade.colart.com\/es\/wp-json\/wp\/v2\/media?parent=19798"}],"wp:term":[{"taxonomy":"colart_campaign","embeddable":true,"href":"https:\/\/trade.colart.com\/es\/wp-json\/wp\/v2\/colart_campaign?post=19798"}],"curies":[{"name":"wp","href":"https:\/\/api.w.org\/{rel}","templated":true}]}}