{"id":20130,"date":"2021-12-03T11:41:35","date_gmt":"2021-12-03T11:41:35","guid":{"rendered":"https:\/\/trade.colart.com\/es\/?page_id=20130"},"modified":"2026-05-04T13:28:19","modified_gmt":"2026-05-04T13:28:19","slug":"terminos-y-condiciones","status":"publish","type":"page","link":"https:\/\/trade.colart.com\/es\/terminos-y-condiciones\/","title":{"rendered":"T\u00e9rminos y Condiciones"},"content":{"rendered":"<div id=\"pl-20130\"  class=\"panel-layout\" ><div id=\"pg-20130-0\"  class=\"panel-grid panel-no-style\" ><div id=\"pgc-20130-0-0\"  class=\"panel-grid-cell\" ><div id=\"panel-20130-0-0-0\" class=\"so-panel widget widget_colart_headline_widget colart_headline_widget panel-first-child panel-last-child\" data-index=\"0\" >\n<div class=\"headline_only\">\n\n    <div class=\"row\">\n        <div class=\"col-12\">\n            <h3 class=\"description text-uppercase mb-0 \" style=\"\">T\u00e9rminos y Condiciones Generales de Venta 2026<\/h3>\n        <\/div>\n    <\/div>\n<\/div>\n\n\n\n\n\n<\/div><script>if (typeof widgets === 'undefined') var widgets = [];  widgets.push({'colart-headline-widget-headline-only':0.0000});<\/script><\/div><\/div><div id=\"pg-20130-1\"  class=\"panel-grid panel-no-style\" ><div id=\"pgc-20130-1-0\"  class=\"panel-grid-cell\" ><div id=\"panel-20130-1-0-0\" class=\"so-panel widget widget_text panel-first-child panel-last-child\" data-index=\"1\" >\t\t\t<div class=\"textwidget\"><p><b><span data-contrast=\"auto\">T\u00c9RMINOS Y CONDICIONES GENERALES DE VENTA\u00a0<\/span><\/b><span data-ccp-props=\"{&quot;201341983&quot;:0,&quot;335551550&quot;:2,&quot;335551620&quot;:2,&quot;335559685&quot;:145,&quot;335559738&quot;:89,&quot;335559740&quot;:259}\">\u00a0<\/span><\/p>\n<p><b><span data-contrast=\"auto\">&#8211;\u00a0Colart\u00a02026\u00a0&#8211;<\/span><\/b><span data-ccp-props=\"{&quot;335551550&quot;:2,&quot;335551620&quot;:2,&quot;335559685&quot;:145,&quot;335559737&quot;:93,&quot;335559738&quot;:158}\">\u00a0<\/span><\/p>\n<p><em>Versi\u00f3n en espa\u00f1ol<\/em><\/p>\n<p>Las presentes Condiciones Generales de Venta entran en vigor el 1 de enero de 2026 (versi\u00f3n 1) y se aplicar\u00e1n a las Condiciones Comerciales (si procede) y a todos los Pedidos de Productos presentados por el Cliente al Proveedor. Al realizar un Pedido, el Cliente se compromete a respetar las presentes Condiciones.<\/p>\n<p>Los presentes T\u00e9rminos y Condiciones Generales de Venta se aplican a todas las empresas pertenecientes al \u00abGrupo Colart\u00bb, denominadas uniformemente en el presente documento el \u00abProveedor\u00bb.<\/p>\n<p><a href=\"https:\/\/trade.colart.com\/es\/wp-content\/uploads\/sites\/9\/2026\/05\/FINAL-EU-Terms-Conditions-of-Sale-2026-SP-1.pdf\" target=\"_blank\" rel=\"noopener\">&gt; T\u00e9rminos y Condiciones Generales de Venta &lt;<\/a><\/p>\n<p>&nbsp;<\/p>\n<p><em>Versi\u00f3n en portugu\u00e9s<\/em><\/p>\n<p>Os presentes Termos e Condi\u00e7\u00f5es de Venda entraram em vigor a 1 de janeiro de 2026 (vers\u00e3o 1) e ser\u00e3o aplic\u00e1veis \u200b\u200baos Termos Comerciais (se aplic\u00e1vel) e a toda as Encomendas de Produtos enviados pelo Cliente ao Fornecedor. Ao fazer uma encomenda, o Cliente concorda em cumprir estes Termos.<\/p>\n<p>Os presentes Termos e Condi\u00e7\u00f5es Gerais de Venda aplicam-se a todas as empresas pertencentes ao \u2018Grupo Colart\u2019, que s\u00e3o aqui referidas uniformemente como o \u2018Fornecedor\u2019.<\/p>\n<p><a href=\"https:\/\/trade.colart.com\/es\/wp-content\/uploads\/sites\/9\/2026\/05\/FINAL-EU-Terms-Conditions-of-Sale-2026-PT-1.pdf\" target=\"_blank\" rel=\"noopener\">&gt; Termos e Condi\u00e7\u00f5es Gerais de Venda &lt;<\/a><\/p>\n<\/div>\n\t\t<\/div><\/div><\/div><\/div>","protected":false},"excerpt":{"rendered":"<p>T\u00c9RMINOS Y CONDICIONES GENERALES DE VENTA\u00a0\u00a0 &#8211;\u00a0Colart\u00a02026\u00a0&#8211;\u00a0 Versi\u00f3n en espa\u00f1ol Las presentes Condiciones Generales de Venta entran en vigor el 1 de enero de 2026 (versi\u00f3n 1) y se aplicar\u00e1n a las Condiciones Comerciales (si procede) y a todos los Pedidos de Productos presentados por el Cliente al Proveedor. Al realizar un Pedido, el Cliente <span class=\"more_dots\">&#8230;<\/span><\/p>\n<p><a class=\"btn btn-secondary understrap-read-more-link\" href=\"https:\/\/trade.colart.com\/es\/terminos-y-condiciones\/\">Read More&#8230;<span class=\"screen-reader-text\"> from T\u00e9rminos y Condiciones<\/span><\/a><\/p>\n","protected":false},"author":1625,"featured_media":0,"parent":0,"menu_order":0,"comment_status":"closed","ping_status":"closed","template":"","meta":{"_acf_changed":false,"footnotes":""},"colart_campaign":[],"class_list":["post-20130","page","type-page","status-publish","hentry"],"acf":[],"_links":{"self":[{"href":"https:\/\/trade.colart.com\/es\/wp-json\/wp\/v2\/pages\/20130","targetHints":{"allow":["GET"]}}],"collection":[{"href":"https:\/\/trade.colart.com\/es\/wp-json\/wp\/v2\/pages"}],"about":[{"href":"https:\/\/trade.colart.com\/es\/wp-json\/wp\/v2\/types\/page"}],"author":[{"embeddable":true,"href":"https:\/\/trade.colart.com\/es\/wp-json\/wp\/v2\/users\/1625"}],"replies":[{"embeddable":true,"href":"https:\/\/trade.colart.com\/es\/wp-json\/wp\/v2\/comments?post=20130"}],"version-history":[{"count":7,"href":"https:\/\/trade.colart.com\/es\/wp-json\/wp\/v2\/pages\/20130\/revisions"}],"predecessor-version":[{"id":38129,"href":"https:\/\/trade.colart.com\/es\/wp-json\/wp\/v2\/pages\/20130\/revisions\/38129"}],"wp:attachment":[{"href":"https:\/\/trade.colart.com\/es\/wp-json\/wp\/v2\/media?parent=20130"}],"wp:term":[{"taxonomy":"colart_campaign","embeddable":true,"href":"https:\/\/trade.colart.com\/es\/wp-json\/wp\/v2\/colart_campaign?post=20130"}],"curies":[{"name":"wp","href":"https:\/\/api.w.org\/{rel}","templated":true}]}}