{"id":33033,"date":"2024-08-14T15:13:21","date_gmt":"2024-08-14T15:13:21","guid":{"rendered":"https:\/\/trade.colart.com\/es\/?page_id=33033"},"modified":"2024-12-06T10:32:14","modified_gmt":"2024-12-06T10:32:14","slug":"nuevos-productos","status":"publish","type":"page","link":"https:\/\/trade.colart.com\/es\/nuevos-productos\/","title":{"rendered":"Nuevos Productos"},"content":{"rendered":"<div id=\"pl-33033\"  class=\"panel-layout\" ><div id=\"pg-33033-0\"  class=\"panel-grid panel-no-style\" ><div id=\"pgc-33033-0-0\"  class=\"panel-grid-cell\" ><div id=\"panel-33033-0-0-0\" class=\"so-panel widget widget_colart_headline_widget colart_headline_widget panel-first-child\" data-index=\"0\" >\n<div class=\"headline_with_description\">\n\n    <div class=\"row\">\n        <div class=\"col-12\">\n            <h3 class=\"description text-uppercase \" style=\"\">Nuevos Productos<\/h3>\n            <div style=\"\">Descubre las &uacute;ltimas novedades de todas nuestras marcas.<\/div>\n        <\/div>\n    <\/div>\n<\/div>\n\n\n\n\n\n<\/div><script>if (typeof widgets === 'undefined') var widgets = [];  widgets.push({'colart-headline-widget-with-description-multiline':0.0001});<\/script><div id=\"panel-33033-0-0-1\" class=\"widget_text so-panel widget widget_custom_html panel-last-child\" data-index=\"1\" ><div class=\"textwidget custom-html-widget\">\t\t\t\t\t<script>\n\t\t\tjQuery('document').ready(function($) {\n\t\t\t\tlet selector = '#advanced_search';\n\n\t\t\t\tif ($('a[href=\"' + selector + '\"]').length > 0) {\n\t\t\t\t\t$('a[href=\"' + selector + '\"]').trigger('click');\n\t\t\t\t}\n\t\t\t\tsetTimeout(() => {\n\n\n\t\t\t\t\tif (selector == '#free_text') {\n\t\t\t\t\t\tlet simple_search = '';\n\t\t\t\t\t\t$('[data-attribute_name=\"ATR_PRODUCT_NAME\"]').val(simple_search).change();\n\t\t\t\t\t\t$('.free-text-search-faster').removeClass('disabled').trigger('click');\n\t\t\t\t\t} else if (selector == '#advanced_search') {\n\t\t\t\t\t\tlet trigger_load = false;\n\t\t\t\t\t\tconsole.log('inside condition');\n\t\t\t\t\t\tlet brand_name = '';\n\t\t\t\t\t\tlet range_name = '';\n\t\t\t\t\t\tlet product_name = '';\n\t\t\t\t\t\tlet metric_size = '';\n\t\t\t\t\t\tlet colour_group = '';\n\t\t\t\t\t\tlet colour_code = '';\n\t\t\t\t\t\tlet collection = 'New Products';\n\n\t\t\t\t\t\tif (brand_name != '') {\n\t\t\t\t\t\t\t$(\"#brand\").select2(\"trigger\", \"select\", {\n\t\t\t\t\t\t\t\tdata: {\n\t\t\t\t\t\t\t\t\tid: brand_name,\n\t\t\t\t\t\t\t\t\ttext: brand_name\n\t\t\t\t\t\t\t\t}\n\t\t\t\t\t\t\t});\n\t\t\t\t\t\t\ttrigger_load = true;\n\t\t\t\t\t\t}\n\n\t\t\t\t\t\tif (range_name != '') {\n\t\t\t\t\t\t\t$(\"#range\").select2(\"trigger\", \"select\", {\n\t\t\t\t\t\t\t\tdata: {\n\t\t\t\t\t\t\t\t\tid: range_name,\n\t\t\t\t\t\t\t\t\ttext: range_name\n\t\t\t\t\t\t\t\t}\n\t\t\t\t\t\t\t});\n\t\t\t\t\t\t\ttrigger_load = true;\n\t\t\t\t\t\t}\n\n\t\t\t\t\t\tif (product_name != '') {\n\t\t\t\t\t\t\t$(\"#name\").select2(\"trigger\", \"select\", {\n\t\t\t\t\t\t\t\tdata: {\n\t\t\t\t\t\t\t\t\tid: product_name,\n\t\t\t\t\t\t\t\t\ttext: product_name\n\t\t\t\t\t\t\t\t}\n\t\t\t\t\t\t\t});\n\t\t\t\t\t\t\ttrigger_load = true;\n\t\t\t\t\t\t}\n\n\t\t\t\t\t\tif (metric_size != '') {\n\t\t\t\t\t\t\t$(\"#metric_size\").select2(\"trigger\", \"select\", {\n\t\t\t\t\t\t\t\tdata: {\n\t\t\t\t\t\t\t\t\tid: metric_size,\n\t\t\t\t\t\t\t\t\ttext: metric_size\n\t\t\t\t\t\t\t\t}\n\t\t\t\t\t\t\t});\n\t\t\t\t\t\t\ttrigger_load = true;\n\t\t\t\t\t\t}\n\n\t\t\t\t\t\tif (colour_group != '') {\n\t\t\t\t\t\t\t$(\"#colour_group\").select2(\"trigger\", \"select\", {\n\t\t\t\t\t\t\t\tdata: {\n\t\t\t\t\t\t\t\t\tid: colour_group,\n\t\t\t\t\t\t\t\t\ttext: colour_group\n\t\t\t\t\t\t\t\t}\n\t\t\t\t\t\t\t});\n\t\t\t\t\t\t\ttrigger_load = true;\n\t\t\t\t\t\t}\n\n\t\t\t\t\t\tif (colour_code != '' && brand_name != '') {\n\t\t\t\t\t\t\tlet brand_colour_codes = {\n\t\t\t\t\t\t\t\t'Liquitex': 'ATR_LIQUITEX_COLOUR_CODE',\n\t\t\t\t\t\t\t\t'Winsor & Newton': 'ATR_WN_COLOUR_CODE',\n\t\t\t\t\t\t\t};\n\t\t\t\t\t\t\tjQuery('.advanced-search-field-row.colour-code').\n\t\t\t\t\t\t\thide().\n\t\t\t\t\t\t\taddClass('dont-show');\n\t\t\t\t\t\t\tjQuery('[data-attribute_name=\"' + brand_colour_codes[brand_name] + '\"]').\n\t\t\t\t\t\t\tclosest('.row').\n\t\t\t\t\t\t\tremoveClass('dont-show');\n\n\t\t\t\t\t\t\tjQuery('.advanced-search-field-row').not('.dont-show').show();\n\t\t\t\t\t\t\tjQuery('.dont-show').removeClass('dont-show');\n\t\t\t\t\t\t\tconsole.log('aa ', jQuery('[data-attribute_name=\"' + brand_colour_codes[brand_name] + '\"]').next());\n\t\t\t\t\t\t\tjQuery('[data-attribute_name=\"' + brand_colour_codes[brand_name] + '\"]').select2(\"trigger\", \"select\", {\n\t\t\t\t\t\t\t\tdata: {\n\t\t\t\t\t\t\t\t\tid: colour_code,\n\t\t\t\t\t\t\t\t\ttext: colour_code\n\t\t\t\t\t\t\t\t}\n\t\t\t\t\t\t\t});\n\t\t\t\t\t\t\ttrigger_load = true;\n\t\t\t\t\t\t}\n\n\t\t\t\t\t\tif (collection != '') {\n\t\t\t\t\t\t\t$(\"#ATR_ES_B2B_SALE_CATEGORIES\").select2(\"trigger\", \"select\", {\n\t\t\t\t\t\t\t\tdata: {\n\t\t\t\t\t\t\t\t\tid: collection,\n\t\t\t\t\t\t\t\t\ttext: collection\n\t\t\t\t\t\t\t\t}\n\t\t\t\t\t\t\t});\n\t\t\t\t\t\t\ttrigger_load = true;\n\t\t\t\t\t\t}\n\t\t\t\t\t\tif (trigger_load) {\n\t\t\t\t\t\t\t$('.advanced-search-search-faster').trigger('click');\n\t\t\t\t\t\t}\n\n\t\t\t\t\t}\n\n\t\t\t\t}, 1000);\n\t\t\t});\n\t\t<\/script>\n\n\n\t\t<style>\n\t\t.headline_wrapper {\n\t\t\tdisplay: none;\n\t\t}\n\n\t\t.full_range_button {\n\t\t\tdisplay: none;\n\t\t}\n\n\t\t\t<\/style>\n\n\n\n\n\n\t<div id=\"quick_shop_2\" class=\"\" data-current_page=\"1\" data-total_pages=\"1\" data-locale=\"es_ES\" data-determine-locale=\"es_ES\">\n\n\t\t<div class=\"mt-3 quick-shop-top d-none\">\n\t\t\t<h2 class=\"\">Compra R\u00e1pida<\/h2>\n\t\t\t<!-- <button type=\"button\" class=\"quick-shop-close col-6 col-lg-6 btn\" data-dismiss=\"modal\" aria-label=\"Close\">Close<i class=\"fa-light fa-xmark\"><\/i><\/button> -->\n\t\t<\/div>\n\t\t<div id=\"search_by\" class=\"mt-5 d-none\">\n\t\t\t<ul class=\"nav nav-pills mb-3 mb-md-0 text-center text-md-left\">\n\t\t\t\t<!-- \t\t\t\t<li class=\"nav-item\"><a class=\"nav-link active\" href=\"#about\" data-toggle=\"tab\">Acerca de<\/a><\/li>\n\t\t\t\t -->\n\n\t\t\t\t<li class=\"nav-item\"><a class=\"btn btn-xl btn-outline-secondary\" href=\"#free_text\" data-toggle=\"tab\">Quick Search<\/a><\/li>\n\n\t\t\t\t<li class=\"nav-item\"><a class=\"btn btn-xl btn-outline-secondary\" href=\"#advanced_search\" data-toggle=\"tab\">B\u00fasqueda Avanzada<\/a><\/li>\n\n\t\t\t\t\t\t\t\t\t<li class=\"nav-item\"><a class=\"btn btn-xl btn-outline-secondary\" href=\"#scan_barcode\" data-toggle=\"tab\">Escanear c\u00f3digo de barras<\/a>\n\t\t\t\t\t<\/li>\n\n\t\t\t\t\t<li class=\"nav-item\"><a class=\"btn btn-xl btn-outline-secondary\" href=\"#upload_excel\" data-toggle=\"tab\">Subir Excel<\/a>\n\t\t\t\t\t<\/li>\n\t\t\t\t\n\t\t\t<\/ul>\n\n\t\t\t<div class=\"tab-content clearfix pt-3 pt-md-5 mb-lg-4\">\n\t\t\t\t<!-- \t\t\t\t<div class=\"tab-pane active\" id=\"about\">\n\n\t\t\t\t\t<div class=\"row\">\n\t\t\t\t\t\t<div class=\"col-md pb-3\">\n\t\t\t\t\t\t\tBienvenido a la secci\u00f3n de \" Compra R\u00e1pida\", dispone de 4 opciones para realizar un pedido, haga clic en las pesta\u00f1as para obtener m\u00e1s informaci\u00f3n.\t\t\t\t\t\t<\/div>\n\t\t\t\t\t<\/div>\n\n\t\t\t\t<\/div>\n\t\t\t\t -->\n\n\t\t\t\t<div class=\"tab-pane\" id=\"free_text\">\n\t\t\t\t\t<div class=\"d-flex search-wrap\">\n\t\t\t\t\t\t<input type=\"text\" class=\"form-control\" data-attribute_name=\"ATR_PRODUCT_NAME\" value=\"\" placeholder=\"Enter Product Code, Product Name or Barcode\" \/>\n\t\t\t\t\t\t<!-- <p class=\"mt-2\">Se admiten coincidencias parciales.<\/p> -->\n\n\t\t\t\t\t\t<!-- \/\/SPEED IMPROVEMENTS TOUCH POINT -->\n\t\t\t\t\t\t<!-- echo '<span class=\"btn btn-black btn-lg free-text-search-faster search_2023 disabled\">'. __('Search', 'colart').'<\/span>'; -->\n\t\t\t\t\t\t<span class=\"btn btn-black btn-lg free-text-search-faster search_2023 disabled\">Buscar<\/span>\n\n\t\t\t\t\t\t<!-- <span class=\"btn btn-primary free-text-search\" style=\"display:none;\">Buscar<\/span> -->\n\n\t\t\t\t\t<\/div>\n\t\t\t\t\t<p class=\"messages\"><\/p>\n\t\t\t\t<\/div>\n\n\t\t\t\t<div class=\"tab-pane\" id=\"advanced_search\">\n\t\t\t\t\t<div class=\"search-wrap\">\n\t\t\t\t\t\t<div class=\"row mb-4 advanced-search-field-row col-3 mr-4\" style=\"\">\t<div class=\"\">\t\t<select placeholder=\"Marca\"  data-placeholder= \"Marca\" class=\"form-control form-control-sm powerd-by-ajax-and-select2\" data-attribute_name=\"ATR_BRAND_NAME\" id=\"brand\">\t\t<option value=\"\"><\/option>\t\t<\/select>\t<\/div><\/div><div class=\"row mb-4 advanced-search-field-row col-9\" style=\"\">\t<div class=\"\">\t\t<select placeholder=\"Gama\"  data-placeholder= \"Gama\" class=\"form-control form-control-sm powerd-by-ajax-and-select2\" data-attribute_name=\"ATR_ECOMMERCE_RANGE_NAME\" id=\"range\">\t\t<option value=\"\"><\/option>\t\t<\/select>\t<\/div><\/div><div class=\"row mb-4 advanced-search-field-row col-12\" style=\"\">\t<div class=\"\">\t\t<select placeholder=\"Nombre del Producto\"  data-placeholder= \"Nombre del Producto\" class=\"form-control form-control-sm powerd-by-ajax-and-select2\" data-attribute_name=\"ATR_PRODUCT_NAME\" id=\"name\">\t\t<option value=\"\"><\/option>\t\t<\/select>\t<\/div><\/div><div class=\"row mb-4 advanced-search-field-row col-3 mr-4\" style=\"\">\t<div class=\"\">\t\t<select placeholder=\"Tama\u00f1o M\u00e9trico\"  data-placeholder= \"Tama\u00f1o M\u00e9trico\" class=\"form-control form-control-sm powerd-by-ajax-and-select2\" data-attribute_name=\"ATR_CUSTOMER_FACING_SIZE_METRIC\" id=\"metric_size\">\t\t<option value=\"\"><\/option>\t\t<\/select>\t<\/div><\/div><div class=\"row mb-4 advanced-search-field-row colour-group col-6 mr-4\" style=\"\">\t<div class=\"\">\t\t<select placeholder=\"Grupo de Color\"  data-placeholder= \"Grupo de Color\" class=\"form-control form-control-sm powerd-by-ajax-and-select2\" data-attribute_name=\"ATR_COLOUR_GROUPING\" id=\"colour_group\">\t\t<option value=\"\"><\/option>\t\t<\/select>\t<\/div><\/div><div class=\"row mb-4 advanced-search-field-row colour-code col-3 disabled\" style=\"\">\t<div class=\"\">\t\t<select placeholder=\"C\u00f3digo de color\"  data-placeholder= \"C\u00f3digo de color\" class=\"form-control form-control-sm powerd-by-ajax-and-select2\" data-attribute_name=\"\" id=\"colour_code\">\t\t<option value=\"\"><\/option>\t\t<\/select>\t<\/div><\/div><div class=\"row mb-4 advanced-search-field-row colour-code col-3\" style=\"display:none\">\t<div class=\"\">\t\t<select placeholder=\"C\u00f3digo de color\"  data-placeholder= \"C\u00f3digo de color\" class=\"form-control form-control-sm powerd-by-ajax-and-select2\" data-attribute_name=\"ATR_LIQUITEX_COLOUR_CODE\" id=\"liquitex_colour_code\">\t\t<option value=\"\"><\/option>\t\t<\/select>\t<\/div><\/div><div class=\"row mb-4 advanced-search-field-row colour-code col-3\" style=\"display:none\">\t<div class=\"\">\t\t<select placeholder=\"C\u00f3digo de color\"  data-placeholder= \"C\u00f3digo de color\" class=\"form-control form-control-sm powerd-by-ajax-and-select2\" data-attribute_name=\"ATR_WN_COLOUR_CODE\" id=\"wn_colour_code\">\t\t<option value=\"\"><\/option>\t\t<\/select>\t<\/div><\/div><div class=\"row mb-4 advanced-search-field-row col-3\" style=\"display:block\">\t<div class=\"\">\t\t<select placeholder=\"Collections\"  data-placeholder= \"Collections\" class=\"form-control form-control-sm powerd-by-ajax-and-select2\" data-attribute_name=\"ATR_ES_B2B_SALE_CATEGORIES\" id=\"ATR_ES_B2B_SALE_CATEGORIES\">\t\t<option value=\"\"><\/option>\t\t<\/select>\t<\/div><\/div>\t\t\t\t\t<\/div>\n\t\t\t\t\t<!--Buttons to clear form & submit search-->\n\t\t\t\t\t<div class=\"mt-3\">\n\t\t\t\t\t\t<!-- \/\/SPEED IMPROVEMENTS TOUCH POINT -->\n\t\t\t\t\t\t<span class=\"btn btn-black btn-xl mr-4 advanced-search-search-faster search_2023 disabled\">Buscar<\/span>\n\t\t\t\t\t\t<span class=\"clear disabled\">Clear All<\/span>\n\t\t\t\t\t\t<p class=\"messages\"><\/p>\n\t\t\t\t\t<\/div>\n\t\t\t\t<\/div>\n\n\t\t\t\t<div class=\"tab-pane\" id=\"scan_barcode\">\n\t\t\t\t\t<div class=\"row\">\n\t\t\t\t\t\t<div class=\"col-3 col-lg-3\">\n\t\t\t\t\t\t\t<!-- <i class=\"fas fa-barcode-read scanner-icon\"><\/i> -->\n\t\t\t\t\t\t\t<img decoding=\"async\" src=\"https:\/\/trade.colart.com\/es\/wp-content\/themes\/colart-b2b\/images\/barcode.svg\" \/>\n\t\t\t\t\t\t<\/div>\n\t\t\t\t\t\t<div class=\"col-9 col-lg-9\">\n\t\t\t\t\t\t\tPor favor, escanee el c\u00f3digo de barras con su esc\u00e1ner. Los resultados aparecer\u00e1n a continuaci\u00f3n, puede elegir las cantidades y a\u00f1adirlas a la cesta.\t\t\t\t\t\t\t<span class=\"scans d-block\"><\/span>\n\t\t\t\t\t\t<\/div>\n\t\t\t\t\t<\/div>\n\t\t\t\t<\/div>\n\n\t\t\t\t<div class=\"tab-pane\" id=\"upload_excel\">\n\t\t\t\t\t<div class=\"row\">\n\t\t\t\t\t\t<div class=\"col-12 mb-5\">\n\n\t\t\t\t\t\t\t<p class=\"font-weight-bold mb-3\">Puede utilizar esta herramienta para cargar r\u00e1pidamente un pedido preparado en Microsoft Excel.<\/p>\n\t\t\t\t\t\t\t<p class=\"mb-5\">Para empezar, descargue la plantilla abajo para crear su pedido. Esta plantilla est\u00e1 correctamente formateada para garantizar que los c\u00f3digos de producto se reciban como texto y se carguen con \u00e9xito.<\/p>\n\n\t\t\t\t\t\t\t<a href=\"https:\/\/trade.colart.com\/es\/wp-content\/uploads\/sites\/9\/2025\/06\/plantilla-de-carga-de-excel.xlsx\" class=\"download-proforma mb-3 mr-5\"><i class=\"fa fa-arrow-down-to-line mr-2\"><\/i>Plantilla de Pedido<\/a>\n\n\t\t\t\t\t\t<\/div>\n\n\t\t\t\t\t\t<div class=\"col-12\">\n\t\t\t\t\t\t\t<div>\n\t\t\t\t\t\t\t\t<p><strong class=\"mb-2 font-weight-bold\" style=\"text-decoration: underline;\">Por favor f\u00edjese:<\/strong><\/p>\n\t\t\t\t\t\t\t\t<p class=\"mb-5\">\n\t\t\t\t\t\t\t\t\tEl archivo Excel <strong class=\"font-weight-bold\">debe<\/strong> incluir los <strong class=\"font-weight-bold\">c\u00f3digos de producto<\/strong> o los <strong class=\"font-weight-bold\">c\u00f3digos de barras de los art\u00edculos Colart<\/strong> y la cantidad de cada art\u00edculo.  La cantidad ser\u00e1 redondeada a la cantidad de orden m\u00faltiple m\u00e1s pr\u00f3xima (MOQ) para cada art\u00edculo pedido.\t\t\t\t\t\t\t\t<\/p>\n\t\t\t\t\t\t\t<\/div>\n\t\t\t\t\t\t\t<div class=\"upload-wrap\">\n\t\t\t\t\t\t\t\t<strong class=\"mb-2 d-block\">Upload via excel<\/strong>\n\t\t\t\t\t\t\t\t<!-- SPEED IMPROVEMENTS TOUCH POINT -->\n\t\t\t\t\t\t\t\t<label for=\"fileInput\" class=\"btn btn-lg btn-black mb-4\">\n\t\t\t\t\t\t\t\t\tSeleccionar Archivo\t\t\t\t\t\t\t\t\t<input type=\"file\" id=\"fileInput\" class=\"d-none\">\n\t\t\t\t\t\t\t\t<\/label>\n\t\t\t\t\t\t\t\t<ol class=\"mb-4\" id=\"excel_upload_progress\" style=\"padding-inline-start:20px\"><\/ol>\n\t\t\t\t\t\t\t<\/div>\n\n\t\t\t\t\t\t<\/div>\n\t\t\t\t\t<\/div>\n\n\t\t\t\t\t<div style=\"display:none;\" class=\"excel_upload_completed row ml-3 mr-3\">\n\t\t\t\t\t\t<h2 class=\"text-center text-uppercase col-12\">Carga completada<\/h2>\n\t\t\t\t\t\t<p class=\"text-center col-12 mb-3\">\n\t\t\t\t\t\t\t<span class=\"found\"><\/span> art\u00edculo(s) fueron encontrados con \u00e9xito.<span class=\"fail-suffix\" style=\"display:none;\"><span class=\"fail\"><\/span> art\u00edculo(s) no fueron reconocidos.<\/span>\t\t\t\t\t\t<\/p>\n\t\t\t\t\t<\/div>\n\n\t\t\t\t\t<div id=\"failed_excel\" style=\"display:none;\" class=\"excel_upload_completed row ml-3 mr-3 mb-3\"><\/div>\n\n\t\t\t\t\t<!--managing old codes touch point-->\n\t\t\t\t\t<div id=\"\" style=\"display:none;\" class=\"row ml-3 mr-3 old-code-msg\">\n\t\t\t\t\t\t<div class=\"col-2\"><\/div>\n\t\t\t\t\t\t<p class=\"text-center col-12 mt-2 mb-3\">\n\t\t\t\t\t\t\t<i class=\"far fa-person-sign d-none\" style=\"font-size:18px;\"><\/i>\n\t\t\t\t\t\t\tHa utilizado <span class=\"old_code_count\"><\/span> c\u00f3digo(s) reemplazado(s). Consulte los resultados de la carga a continuaci\u00f3n para obtener m\u00e1s detalles.<span class=\"d-none\"><br \/>Puede leer sobre nuestros cambios de c\u00f3digo <a target=\"_blank\" href=\"\">aqu\u00ed<\/a><\/span>.\t\t\t\t\t\t<\/p>\n\t\t\t\t\t\t<div class=\"col-2\"><\/div>\n\t\t\t\t\t<\/div>\n\n\n\t\t\t\t\t<div id=\"old_code_excel\" style=\"display:none;\" class=\"excel_upload_completed row ml-3 mr-3 mb-3\"><\/div>\n\n\t\t\t\t\t<div id=\"\" style=\"display:none;\" class=\"excel_upload_completed row ml-3 mr-3\">\n\t\t\t\t\t\t<div class=\"col-2\"><\/div>\n\t\t\t\t\t\t<p class=\"mt-2 col-8 text-center\">Por favor, revise todos los art\u00edculos a continuaci\u00f3n y haga clic en el bot\u00f3n cuando est\u00e9 listo. Las cantidades se redondear\u00e1n para cumplir con las cantidades de los pedidos m\u00faltiples cuando corresponda.<\/p>\n\t\t\t\t\t\t<div class=\"col-2\"><\/div>\n\t\t\t\t\t\t<div class=\"col-2 d-none\"><\/div>\n\t\t\t\t\t<\/div>\n\t\t\t\t<\/div>\n\t\t\t<\/div>\n\t\t<\/div>\n\n\t\t<!-- <div id=\"results_heading\" class=\"d-none row mt-5 pt-3 pt-md-0 border border-secondary border-bottom-0\">\n\t\t\t<div class=\"col-4 text-center\"><\/div>\n\t\t\t<div class=\"col-4 text-center\">\n\t\t\t\t<h2 class=\"text-uppercase mb-2\"><span id=\"brand_specific_search\"><\/span>Buscar Resultados<\/h2>\n\t\t\t\t<div id=\"results_info\" class=\"pb-3\" style=\"\">\t<span id=\"counter\">0<\/span> product(s)<\/div>\t\t\t<\/div>\n\t\t\t<div class=\"col-4 text-right\" style=\"padding-right:0px;\">\n\t\t\t\t<div class=\"btn btn-primary text-uppercase add-all-to-basket mt-1 mb-4 disabled\">A\u00f1adir todo a la cesta<\/div>\t\t\t<\/div>\n\t\t<\/div> -->\n\n\t\t<div id=\"excel_results_heading\" style=\"display:none;\" class=\"row mt-5 pt-3 pt-md-0\">\n\t\t\t<div class=\"col-4 text-center\"><\/div>\n\t\t\t<div class=\"col-4 text-center\">\n\t\t\t\t<h2 class=\"text-uppercase\">Cargar Resultados<\/h2>\n\t\t\t\t<p class=\"mb-4\"><span class=\"found\"><\/span> los art\u00edculos han sido importados con \u00e9xito<\/p>\n\t\t\t<\/div>\n\t\t\t<div class=\"col-4 text-right\" style=\"padding-right:0px;\">\n\t\t\t\t<div class=\"btn btn-primary text-uppercase add-all-to-basket mt-1 mb-4\">A\u00f1adir todo a la cesta<\/div>\t\t\t<\/div>\n\t\t<\/div>\n\n\t\t<div id=\"results_loading\"><div class=\"row loading mt-5 p-0 p-md-5 full-width\" style=\"display:none;\">\t<div class=\"col-12 text-center pb-4\">\t\t<div class=\"spinner-border text-secondary\" role=\"status\">\t\t<span class=\"sr-only\">Loading...<\/span>\t\t<\/div>\t<\/div><\/div><\/div>\n\t\t<div class=\"row quickshop_add_additional_buttons\">\n\t\t\t\t\t<\/div>\n\t\t<!-- <div id=\"results_headers\" class=\"d-none row  mt-5 custom-gutter border border-bottom-0 border-secondary\">\n\t\t\t<div class=\"pt-2 ATR_PRODUCT_ORDER_NUMBER results-header col-4 col-md border-secondary border-right\">\n\t\t\t\t<span class=\"d-none d-md-block d-lg-none\">Imagen<\/span>\n\t\t\t\t<span class=\"d-none d-lg-block\">Imagen \/ Muestra<\/span>\n\t\t\t<\/div>\n\t\t\t\t<div class=\"ATR_PRODUCT_CODE results-header pt-2 col border-secondary border-right\">   C\u00f3digos\t<\/div>\t<div class=\"ATR_RANGE_NAME results-header pt-2 col-md-2 col-lg border-secondary border-right\">   Gama\t<\/div>\t<div class=\"ATR_CUSTOMER_FACING_SIZE_METRIC results-header pt-2 col col-lg-1 border-secondary border-right\">   Tama\u00f1o M\u00e9trico\t<\/div>\t<div class=\"colour-name results-header pt-2 col col-lg-1 text-break border-secondary border-right\">   Nombre Color\t<\/div>\t<div class=\"colour-code results-header pt-2 col col-lg-1 border-secondary border-right\">   C\u00f3digo de color\t<\/div>\t<div class=\"ATR_PRODUCT_NAME results-header pt-2 col-md-3 col-lg-2 border-secondary border-right\">   Nombre del Producto\t<\/div>\n\t\t\t\t\t\t\t<div class=\"col-8 col-md-2 col-lg pt-2 results-header\">\n\t\t\t\t\t<div>\n\t\t\t\t\t\tPVD\t\t\t\t\t<\/div>\n\t\t\t\t<\/div>\n\t\t\t\t\t<\/div> -->\n\n\t\t<!-- <div id=\"results\" class=\"mb-4\"><\/div> -->\n\n\t\t<nav id=\"quickshop_results_pagination\" aria-label=\"Pagination\" style=\"display: none\">\n    <ul class=\"pagination justify-content-center\">\n        <li id=\"quickshop-results-pagination-previous\" class=\"quickshop-results-page-item page-item previous disabled\"><a class=\"page-link\" href=\"javascript: void(0)\">Previous<\/a><\/li>\n        <li id=\"quickshop-results-pagination-next\" class=\"quickshop-results-page-item page-item next\"><a class=\"page-link\" href=\"javascript: void(0)\">Next<\/a><\/li>     \n    <\/ul>\n    <div class=\"row justify-content-center\"> \n        <input id= \"quickshop-results-page-picker\" type=\"number\" max=\"35\" value=\"1\" class=\"form-control\" style=\"width:40px\"\/>\n        <span id=\"quickshop-results-page-count\" value=\"1\" style=\"width:40px;padding: .375rem .75rem;line-height: 1.5;\"><\/span>\n        <button id=\"quickshop-results-pagination-submit\" type=\"button\" class=\"btn btn-primary\">Go To Page<\/button>\n    <\/div>\n<\/nav>\n\t\t<div class=\"row mt-4 pt-3 pt-md-0\">\n\t\t\t<div class=\"col-8 text-center\"><\/div>\n\t\t\t<div class=\"col-4 text-right\" style=\"padding-right:0px; display:none;\">\n\t\t\t\t<div class=\"btn btn-primary text-uppercase add-all-to-basket mt-1 mb-4 disabled\">A\u00f1adir todo a la cesta<\/div>\n\t\t\t<\/div>\n\t\t<\/div>\n\n\t\t<!-- Modal --><div class=\"modal fade\" id=\"range_modal\" tabindex=\"-1\" role=\"dialog\" aria-labelledby=\"range_title\" aria-hidden=\"true\">\t<div class=\"modal-dialog\" role=\"document\">\t\t<div class=\"modal-content\">\t\t\t<div class=\"modal-header\">\t\t\t\t<div class=\"container-fluid\">\t\t\t\t<div class=\"row\">\t\t\t\t\t<h3 class=\"col-12 modal-title\"><\/h3>\t\t\t\t<\/div>\t\t\t\t<\/div>\t\t\t\t<button type=\"button\" class=\"close\" data-dismiss=\"modal\" aria-label=\"Close\">\t\t\t\t\t<span aria-hidden=\"true\">&times;<\/span>\t\t\t\t<\/button>\t\t\t<\/div>\t\t\t<div class=\"modal-body\">\t\t\t\t<div class=\"container-fluid\">\t\t\t\t\t<div class=\"row\">\t\t\t\t\t\t<div class=\"col description\">\t\t\t\t\t\t<\/div>\t\t\t\t\t\t<div class=\"col image\">\t\t\t\t\t\t<\/div>\t\t\t\t\t<\/div>\t\t\t\t<\/div><div class=\"row loading mt-5 p-0 p-md-5 full-width\" style=\"display:none;\">\t<div class=\"col-12 text-center pb-4\">\t\t<div class=\"spinner-border text-secondary\" role=\"status\">\t\t<span class=\"sr-only\">Loading...<\/span>\t\t<\/div>\t<\/div><\/div>\t\t\t<\/div>\t\t\t<div class=\"modal-footer\">\t\t\t\t<button type=\"button\" class=\"btn btn-primary\" data-dismiss=\"modal\">Cerrar<\/button>\t\t\t<\/div>\t\t<\/div>\t<\/div><\/div><!-- Modal --><div class=\"modal fade\" id=\"mass_update_modal\" tabindex=\"-1\" role=\"dialog\" aria-labelledby=\"mass_update_title\" aria-hidden=\"true\">\t<div class=\"modal-dialog\" role=\"document\">\t\t<div class=\"modal-content\">\t\t\t<div class=\"modal-header d-none\">\t\t\t\t<div class=\"modal-title text-center pt-4\" id=\"mass_update_title\" style=\"width:100%;\"><i class=\"h1 fal fa-shopping-cart\"><\/i><br \/><h3 class=\"modal-mass-update-header\"><\/h3><h3 class=\"modal-mass-update-sub-header\"><\/h3><\/div>\t\t\t\t<button type=\"button\" class=\"close\" data-dismiss=\"modal\" aria-label=\"Close\">\t\t\t\t<span aria-hidden=\"true\">&times;<\/span>\t\t\t\t<\/button>\t\t\t<\/div>\t\t\t<div class=\"modal-body text-center\">\t\t\t\t<p class=\"modal-mass-update-content\"><\/p>\t\t\t\t<div class=\"percentage-complete-wrapper mb-3\"><h4 class=\"percentage-complete\" data-total-update=\"\">0%<\/h4><\/div>Actualizaci\u00f3n de la cesta en curso, por favor espere unos momentos.\t\t\t\t<div class=\"issues-message alert alert-info mt-4\" style=\"display:none;\"><p>Unfortunately, at this time, we were not able to add these items to your basket.<\/p><div class=\"product-titles\"><\/div><\/div>\t\t\t\t<div class=\"error-message alert alert-error mt-4\" style=\"display:none;\"><\/div>\t\t\t\t<button type=\"button\" class=\"btn btn-primary close-modal-mass-update\" data-dismiss=\"modal\" style=\"display:none;\">Cerrar<\/button>\t\t\t<\/div>\t\t\t<div class=\"modal-footer\" style=\"display:none;\">\t\t\t\t<button type=\"button\" class=\"btn btn-primary\" data-dismiss=\"modal\">Cerrar<\/button>\t\t\t<\/div>\t\t<\/div>\t<\/div><\/div>\t<\/div>\n\n<\/div><\/div><\/div><\/div><\/div>","protected":false},"excerpt":{"rendered":"<p>Nuevos Productos Descubre las &uacute;ltimas novedades de todas nuestras marcas. Compra R\u00e1pida Quick Search B\u00fasqueda Avanzada Escanear c\u00f3digo de barras Subir Excel Buscar Buscar Clear All Por favor, escanee el c\u00f3digo de barras con su esc\u00e1ner. Los resultados aparecer\u00e1n a continuaci\u00f3n, puede elegir las cantidades y a\u00f1adirlas a la cesta. Puede utilizar esta herramienta para <span class=\"more_dots\">&#8230;<\/span><\/p>\n<p><a class=\"btn btn-secondary understrap-read-more-link\" href=\"https:\/\/trade.colart.com\/es\/nuevos-productos\/\">Read More&#8230;<span class=\"screen-reader-text\"> from Nuevos Productos<\/span><\/a><\/p>\n","protected":false},"author":6,"featured_media":0,"parent":0,"menu_order":0,"comment_status":"closed","ping_status":"closed","template":"","meta":{"_acf_changed":false,"footnotes":""},"colart_campaign":[],"class_list":["post-33033","page","type-page","status-publish","hentry"],"acf":[],"_links":{"self":[{"href":"https:\/\/trade.colart.com\/es\/wp-json\/wp\/v2\/pages\/33033","targetHints":{"allow":["GET"]}}],"collection":[{"href":"https:\/\/trade.colart.com\/es\/wp-json\/wp\/v2\/pages"}],"about":[{"href":"https:\/\/trade.colart.com\/es\/wp-json\/wp\/v2\/types\/page"}],"author":[{"embeddable":true,"href":"https:\/\/trade.colart.com\/es\/wp-json\/wp\/v2\/users\/6"}],"replies":[{"embeddable":true,"href":"https:\/\/trade.colart.com\/es\/wp-json\/wp\/v2\/comments?post=33033"}],"version-history":[{"count":5,"href":"https:\/\/trade.colart.com\/es\/wp-json\/wp\/v2\/pages\/33033\/revisions"}],"predecessor-version":[{"id":34137,"href":"https:\/\/trade.colart.com\/es\/wp-json\/wp\/v2\/pages\/33033\/revisions\/34137"}],"wp:attachment":[{"href":"https:\/\/trade.colart.com\/es\/wp-json\/wp\/v2\/media?parent=33033"}],"wp:term":[{"taxonomy":"colart_campaign","embeddable":true,"href":"https:\/\/trade.colart.com\/es\/wp-json\/wp\/v2\/colart_campaign?post=33033"}],"curies":[{"name":"wp","href":"https:\/\/api.w.org\/{rel}","templated":true}]}}