{"id":7,"date":"2021-08-23T10:58:11","date_gmt":"2021-08-23T10:58:11","guid":{"rendered":"https:\/\/trade.colart.com\/es\/my-account\/"},"modified":"2021-11-19T15:32:01","modified_gmt":"2021-11-19T15:32:01","slug":"mi-cuenta","status":"publish","type":"page","link":"https:\/\/trade.colart.com\/es\/mi-cuenta\/","title":{"rendered":"My account"},"content":{"rendered":"<h1 class=\"show-if-logged-in\"><i class=\"fal fa-user\"><\/i>Mi Cuenta<\/h1>\r\n<div class=\"hide-if-logged-in\">\r\n<h1>Acceder\/Registrarse<\/h1>\r\n<div class=\"alert alert-info\">\u00bfEs nuevo en Colart y quiere solicitar una cuenta de comercio online? Utilice el formulario de contacto que encontrar\u00e1 en la pagina principal del sitio web de Colart, pinchando aqu\u00ed.<\/div>\r\n<p>\u00bfYa tiene una cuenta comercial de Colart offline y quiere registrarse para hacer pedidos online? No hay problema. Reg\u00edstrese aqu\u00ed utilizando su direcci\u00f3n de correo electr\u00f3nico y su n\u00famero de cliente. Recibir\u00e1 un correo electr\u00f3nico con su nueva contrase\u00f1a y podr\u00e1 acceder al \u00e1rea de &#8220;Mi Cuenta&#8221; inmediatamente, no obstante, le rogamos que nos conceda 1-2 d\u00edas laborables para verificar su cuenta, hasta entonces no podr\u00e1 comprar.<\/p>\r\n<\/div>\r\n<div class=\"woocommerce\"><\/div>\n","protected":false},"excerpt":{"rendered":"<p>Mi Cuenta Acceder\/Registrarse \u00bfEs nuevo en Colart y quiere solicitar una cuenta de comercio online? Utilice el formulario de contacto que encontrar\u00e1 en la pagina principal del sitio web de Colart, pinchando aqu\u00ed. \u00bfYa tiene una cuenta comercial de Colart offline y quiere registrarse para hacer pedidos online? No hay problema. Reg\u00edstrese aqu\u00ed utilizando su <span class=\"more_dots\">&#8230;<\/span><\/p>\n<p><a class=\"btn btn-secondary understrap-read-more-link\" href=\"https:\/\/trade.colart.com\/es\/mi-cuenta\/\">Read More&#8230;<span class=\"screen-reader-text\"> from My account<\/span><\/a><\/p>\n","protected":false},"author":1,"featured_media":0,"parent":0,"menu_order":0,"comment_status":"closed","ping_status":"closed","template":"","meta":{"_acf_changed":false,"footnotes":""},"colart_campaign":[],"class_list":["post-7","page","type-page","status-publish","hentry"],"acf":[],"_links":{"self":[{"href":"https:\/\/trade.colart.com\/es\/wp-json\/wp\/v2\/pages\/7","targetHints":{"allow":["GET"]}}],"collection":[{"href":"https:\/\/trade.colart.com\/es\/wp-json\/wp\/v2\/pages"}],"about":[{"href":"https:\/\/trade.colart.com\/es\/wp-json\/wp\/v2\/types\/page"}],"author":[{"embeddable":true,"href":"https:\/\/trade.colart.com\/es\/wp-json\/wp\/v2\/users\/1"}],"replies":[{"embeddable":true,"href":"https:\/\/trade.colart.com\/es\/wp-json\/wp\/v2\/comments?post=7"}],"version-history":[{"count":5,"href":"https:\/\/trade.colart.com\/es\/wp-json\/wp\/v2\/pages\/7\/revisions"}],"predecessor-version":[{"id":19207,"href":"https:\/\/trade.colart.com\/es\/wp-json\/wp\/v2\/pages\/7\/revisions\/19207"}],"wp:attachment":[{"href":"https:\/\/trade.colart.com\/es\/wp-json\/wp\/v2\/media?parent=7"}],"wp:term":[{"taxonomy":"colart_campaign","embeddable":true,"href":"https:\/\/trade.colart.com\/es\/wp-json\/wp\/v2\/colart_campaign?post=7"}],"curies":[{"name":"wp","href":"https:\/\/api.w.org\/{rel}","templated":true}]}}