{"id":18690,"date":"2026-04-07T08:12:39","date_gmt":"2026-04-07T08:12:39","guid":{"rendered":"https:\/\/trade.colart.com\/es\/product\/snazaroo-profesionales-minikit-para-principiantes\/"},"modified":"2026-05-12T16:06:52","modified_gmt":"2026-05-12T16:06:52","slug":"snazaroo-profesionales-minikit-para-principiantes","status":"publish","type":"product","link":"https:\/\/trade.colart.com\/es\/product\/snazaroo-profesionales-minikit-para-principiantes\/","title":{"rendered":"Snazaroo Profesionales &#8211; Minikit para Principiantes"},"content":{"rendered":"<p>Empiece con este completo minikit f\u00e1cil de usar. Es ideal para cualquier ocasi\u00f3n, desde fiestas de ni\u00f1os hasta eventos escolares para recaudaciones de fondos. Permite pintar m\u00e1s de 300 caras. Contiene: 6 pinturas faciales de 18 ml (blanco, negro, rojo intenso, amarillo intenso, azul cielo y verde hierba), 2 esponjas de alta densidad, 3 pinceles de pintura facial (1 redondo, 1 fino y 1 plano), 1 purpurina en gel plateada de 12 ml, 1 gu\u00eda de pintura facial paso a paso y una caja para kit f\u00e1cil de limpiar.<\/p>\n","protected":false},"excerpt":{"rendered":"<p>Empiece con este completo minikit f\u00e1cil de usar. Es ideal para cualquier ocasi\u00f3n, desde fiestas de ni\u00f1os hasta eventos escolares para recaudaciones de fondos. Permite pintar m\u00e1s de 300 caras. Contiene: 6 pinturas faciales de 18 ml (blanco, negro, rojo intenso, amarillo intenso, azul cielo y verde hierba), 2 esponjas de alta densidad, 3 pinceles de pintura facial (1 redondo, 1 fino y 1 plano), 1 purpurina en gel plateada de 12 ml, 1 gu\u00eda de pintura facial paso a paso y una caja para kit f\u00e1cil de limpiar. <span class=\"more_dots\">&#8230;<\/span><\/p>\n<p><a class=\"btn btn-secondary understrap-read-more-link\" href=\"https:\/\/trade.colart.com\/es\/product\/snazaroo-profesionales-minikit-para-principiantes\/\">Read More&#8230;<span class=\"screen-reader-text\"> from Snazaroo Profesionales &#8211; Minikit para Principiantes<\/span><\/a><\/p>\n","protected":false},"featured_media":26450,"comment_status":"closed","ping_status":"closed","template":"","meta":{"_acf_changed":false},"product_brand":[],"product_cat":[984],"product_tag":[],"class_list":{"0":"post-18690","1":"product","2":"type-product","3":"status-publish","4":"has-post-thumbnail","6":"product_cat-snazaroo-mini-kits","8":"first","9":"instock","10":"shipping-taxable","11":"purchasable","12":"product-type-simple"},"acf":[],"_links":{"self":[{"href":"https:\/\/trade.colart.com\/es\/wp-json\/wp\/v2\/product\/18690","targetHints":{"allow":["GET"]}}],"collection":[{"href":"https:\/\/trade.colart.com\/es\/wp-json\/wp\/v2\/product"}],"about":[{"href":"https:\/\/trade.colart.com\/es\/wp-json\/wp\/v2\/types\/product"}],"replies":[{"embeddable":true,"href":"https:\/\/trade.colart.com\/es\/wp-json\/wp\/v2\/comments?post=18690"}],"wp:featuredmedia":[{"embeddable":true,"href":"https:\/\/trade.colart.com\/es\/wp-json\/wp\/v2\/media\/26450"}],"wp:attachment":[{"href":"https:\/\/trade.colart.com\/es\/wp-json\/wp\/v2\/media?parent=18690"}],"wp:term":[{"taxonomy":"product_brand","embeddable":true,"href":"https:\/\/trade.colart.com\/es\/wp-json\/wp\/v2\/product_brand?post=18690"},{"taxonomy":"product_cat","embeddable":true,"href":"https:\/\/trade.colart.com\/es\/wp-json\/wp\/v2\/product_cat?post=18690"},{"taxonomy":"product_tag","embeddable":true,"href":"https:\/\/trade.colart.com\/es\/wp-json\/wp\/v2\/product_tag?post=18690"}],"curies":[{"name":"wp","href":"https:\/\/api.w.org\/{rel}","templated":true}]}}