{"id":20881,"date":"2024-04-18T13:56:34","date_gmt":"2024-04-18T13:56:34","guid":{"rendered":"https:\/\/trade.colart.com\/es\/product\/snazaroo-snazaroo-purpurina-en-polvo\/"},"modified":"2026-01-08T10:16:48","modified_gmt":"2026-01-08T10:16:48","slug":"snazaroo-snazaroo-purpurina-en-polvo","status":"publish","type":"product","link":"https:\/\/trade.colart.com\/es\/product\/snazaroo-snazaroo-purpurina-en-polvo\/","title":{"rendered":"Snazaroo Purpurina en polvo"},"content":{"rendered":"<p>El toque final ideal, nuestra selecci\u00f3n de geles de purpurina y purpurina suelta es perfecta para festivales y efectos m\u00e1gicos. <\/p>\n","protected":false},"excerpt":{"rendered":"<p>Esta purpurina en polvo de color fucsia aportar\u00e1 brillo a sus dise\u00f1os de pintura facial. Se puede aplicar directamente sobre la pintura facial en cuanto est\u00e9 completado el dise\u00f1o. <span class=\"more_dots\">&#8230;<\/span><\/p>\n<p><a class=\"btn btn-secondary understrap-read-more-link\" href=\"https:\/\/trade.colart.com\/es\/product\/snazaroo-snazaroo-purpurina-en-polvo\/\">Read More&#8230;<span class=\"screen-reader-text\"> from Snazaroo Purpurina en polvo<\/span><\/a><\/p>\n","protected":false},"featured_media":18613,"comment_status":"closed","ping_status":"closed","template":"","meta":{"_acf_changed":false},"product_brand":[],"product_cat":[987],"product_tag":[],"class_list":{"0":"post-20881","1":"product","2":"type-product","3":"status-publish","4":"has-post-thumbnail","6":"product_cat-snazaroo-accesorios-geles-y-polvos-purpurina","7":"no-variations-price","8":"d-none","10":"first","11":"outofstock","12":"shipping-taxable","13":"purchasable","14":"product-type-variable"},"acf":[],"_links":{"self":[{"href":"https:\/\/trade.colart.com\/es\/wp-json\/wp\/v2\/product\/20881","targetHints":{"allow":["GET"]}}],"collection":[{"href":"https:\/\/trade.colart.com\/es\/wp-json\/wp\/v2\/product"}],"about":[{"href":"https:\/\/trade.colart.com\/es\/wp-json\/wp\/v2\/types\/product"}],"replies":[{"embeddable":true,"href":"https:\/\/trade.colart.com\/es\/wp-json\/wp\/v2\/comments?post=20881"}],"wp:featuredmedia":[{"embeddable":true,"href":"https:\/\/trade.colart.com\/es\/wp-json\/wp\/v2\/media\/18613"}],"wp:attachment":[{"href":"https:\/\/trade.colart.com\/es\/wp-json\/wp\/v2\/media?parent=20881"}],"wp:term":[{"taxonomy":"product_brand","embeddable":true,"href":"https:\/\/trade.colart.com\/es\/wp-json\/wp\/v2\/product_brand?post=20881"},{"taxonomy":"product_cat","embeddable":true,"href":"https:\/\/trade.colart.com\/es\/wp-json\/wp\/v2\/product_cat?post=20881"},{"taxonomy":"product_tag","embeddable":true,"href":"https:\/\/trade.colart.com\/es\/wp-json\/wp\/v2\/product_tag?post=20881"}],"curies":[{"name":"wp","href":"https:\/\/api.w.org\/{rel}","templated":true}]}}