{"id":25106,"date":"2025-03-27T01:01:28","date_gmt":"2025-03-27T01:01:28","guid":{"rendered":"https:\/\/trade.colart.com\/es\/product\/snazaroo-snazaroo-clasicos\/"},"modified":"2026-05-14T00:47:41","modified_gmt":"2026-05-14T00:47:41","slug":"snazaroo-snazaroo-clasicos","status":"publish","type":"product","link":"https:\/\/trade.colart.com\/es\/product\/snazaroo-snazaroo-clasicos\/","title":{"rendered":"Snazaroo Cl\u00e1sicos"},"content":{"rendered":"<p>Explora nuestras emblem\u00e1ticas pinturas para cara y cuerpo disponibles en una variedad de colores. Excelente cobertura, f\u00e1ciles de mezclar y perfectas para cualquier ocasi\u00f3n.<\/p>\n","protected":false},"excerpt":{"rendered":"<p>Un color brillante perfecto tanto para profesionales como principiantes, con una gran cobertura. Crea diferentes dise\u00f1os\u00a0y disfruta jugando\u00a0durante horas con nuestro maquillaje rosa brillante cl\u00e1sico.\u00a0\u00a0 <span class=\"more_dots\">&#8230;<\/span><\/p>\n<p><a class=\"btn btn-secondary understrap-read-more-link\" href=\"https:\/\/trade.colart.com\/es\/product\/snazaroo-snazaroo-clasicos\/\">Read More&#8230;<span class=\"screen-reader-text\"> from Snazaroo Cl\u00e1sicos<\/span><\/a><\/p>\n","protected":false},"featured_media":4010,"comment_status":"closed","ping_status":"closed","template":"","meta":{"_acf_changed":false},"product_brand":[],"product_cat":[226],"product_tag":[],"class_list":{"0":"post-25106","1":"product","2":"type-product","3":"status-publish","4":"has-post-thumbnail","6":"product_cat-snazaroo-colores-clasicos","8":"first","9":"instock","10":"shipping-taxable","11":"purchasable","12":"product-type-variable"},"acf":[],"_links":{"self":[{"href":"https:\/\/trade.colart.com\/es\/wp-json\/wp\/v2\/product\/25106","targetHints":{"allow":["GET"]}}],"collection":[{"href":"https:\/\/trade.colart.com\/es\/wp-json\/wp\/v2\/product"}],"about":[{"href":"https:\/\/trade.colart.com\/es\/wp-json\/wp\/v2\/types\/product"}],"replies":[{"embeddable":true,"href":"https:\/\/trade.colart.com\/es\/wp-json\/wp\/v2\/comments?post=25106"}],"wp:featuredmedia":[{"embeddable":true,"href":"https:\/\/trade.colart.com\/es\/wp-json\/wp\/v2\/media\/4010"}],"wp:attachment":[{"href":"https:\/\/trade.colart.com\/es\/wp-json\/wp\/v2\/media?parent=25106"}],"wp:term":[{"taxonomy":"product_brand","embeddable":true,"href":"https:\/\/trade.colart.com\/es\/wp-json\/wp\/v2\/product_brand?post=25106"},{"taxonomy":"product_cat","embeddable":true,"href":"https:\/\/trade.colart.com\/es\/wp-json\/wp\/v2\/product_cat?post=25106"},{"taxonomy":"product_tag","embeddable":true,"href":"https:\/\/trade.colart.com\/es\/wp-json\/wp\/v2\/product_tag?post=25106"}],"curies":[{"name":"wp","href":"https:\/\/api.w.org\/{rel}","templated":true}]}}