{"id":2847,"date":"2026-03-12T19:43:57","date_gmt":"2026-03-12T19:43:57","guid":{"rendered":"https:\/\/trade.colart.com\/es\/product\/snazaroo-tatuajes-temporales-aventura-set-de-20-universal\/"},"modified":"2026-05-12T15:39:01","modified_gmt":"2026-05-12T15:39:01","slug":"snazaroo-tatuajes-temporales-aventura-set-de-6-universal","status":"publish","type":"product","link":"https:\/\/trade.colart.com\/es\/product\/snazaroo-tatuajes-temporales-aventura-set-de-6-universal\/","title":{"rendered":"Snazaroo Tatuajes temporales aventura &#8211; Set de 6  &#8211; Universal"},"content":{"rendered":"<p>Crea r\u00e1pidos dise\u00f1os de maquillaje con estas plantillas f\u00e1ciles de usar.\u00a0Hay\u00a06 dise\u00f1os diferentes\u00a0para ni\u00f1os de todas las edad y se pueden utilizar en cualquier ocasi\u00f3n.\u00a0Este paquete incluye un coche, un tigre y un cohete reutilizables, por lo que podr\u00e1s usarlos una y otra vez.<\/p>\n","protected":false},"excerpt":{"rendered":"<p>Crea r\u00e1pidos dise\u00f1os de maquillaje con estas plantillas f\u00e1ciles de usar.\u00a0Hay\u00a06 dise\u00f1os diferentes\u00a0para ni\u00f1os de todas las edad y se pueden utilizar en cualquier ocasi\u00f3n.\u00a0Este paquete incluye un coche, un tigre y un cohete reutilizables, por lo que podr\u00e1s usarlos una y otra vez. <span class=\"more_dots\">&#8230;<\/span><\/p>\n<p><a class=\"btn btn-secondary understrap-read-more-link\" href=\"https:\/\/trade.colart.com\/es\/product\/snazaroo-tatuajes-temporales-aventura-set-de-6-universal\/\">Read More&#8230;<span class=\"screen-reader-text\"> from Snazaroo Tatuajes temporales aventura &#8211; Set de 6  &#8211; Universal<\/span><\/a><\/p>\n","protected":false},"featured_media":26440,"comment_status":"closed","ping_status":"closed","template":"","meta":{"_acf_changed":false},"product_brand":[],"product_cat":[981],"product_tag":[],"class_list":{"0":"post-2847","1":"product","2":"type-product","3":"status-publish","4":"has-post-thumbnail","6":"product_cat-snazaroo-accesorios-plantillas","8":"first","9":"instock","10":"shipping-taxable","11":"purchasable","12":"product-type-simple"},"acf":[],"_links":{"self":[{"href":"https:\/\/trade.colart.com\/es\/wp-json\/wp\/v2\/product\/2847","targetHints":{"allow":["GET"]}}],"collection":[{"href":"https:\/\/trade.colart.com\/es\/wp-json\/wp\/v2\/product"}],"about":[{"href":"https:\/\/trade.colart.com\/es\/wp-json\/wp\/v2\/types\/product"}],"replies":[{"embeddable":true,"href":"https:\/\/trade.colart.com\/es\/wp-json\/wp\/v2\/comments?post=2847"}],"wp:featuredmedia":[{"embeddable":true,"href":"https:\/\/trade.colart.com\/es\/wp-json\/wp\/v2\/media\/26440"}],"wp:attachment":[{"href":"https:\/\/trade.colart.com\/es\/wp-json\/wp\/v2\/media?parent=2847"}],"wp:term":[{"taxonomy":"product_brand","embeddable":true,"href":"https:\/\/trade.colart.com\/es\/wp-json\/wp\/v2\/product_brand?post=2847"},{"taxonomy":"product_cat","embeddable":true,"href":"https:\/\/trade.colart.com\/es\/wp-json\/wp\/v2\/product_cat?post=2847"},{"taxonomy":"product_tag","embeddable":true,"href":"https:\/\/trade.colart.com\/es\/wp-json\/wp\/v2\/product_tag?post=2847"}],"curies":[{"name":"wp","href":"https:\/\/api.w.org\/{rel}","templated":true}]}}