{"id":2850,"date":"2026-03-12T19:44:11","date_gmt":"2026-03-12T19:44:11","guid":{"rendered":"https:\/\/trade.colart.com\/es\/product\/snazaroo-tatuajes-temporales-aventura-set-de-50-universal\/"},"modified":"2026-04-30T14:06:08","modified_gmt":"2026-04-30T14:06:08","slug":"snazaroo-tatuajes-temporales-aventura-set-de-20-universal","status":"publish","type":"product","link":"https:\/\/trade.colart.com\/es\/product\/snazaroo-tatuajes-temporales-aventura-set-de-20-universal\/","title":{"rendered":"Snazaroo Tatuajes temporales aventura &#8211; Set de 20  &#8211; Universal"},"content":{"rendered":"<p>\u00a1Sellos escalofriantes! Los peque\u00f1os bucaneros adorar\u00e1n estos tatuajes temporales de pirata. Hay 20 dise\u00f1os variados que incluyen botes, espadas y una calavera con los huesos cruzados. Tan solo necesitar\u00e1s aplicar un poco de agua, por lo que los ni\u00f1os pueden hacerlo solos. Perfecto para fiestas, fiestas de pijamas y los juegos diarios.<\/p>\n","protected":false},"excerpt":{"rendered":"<p>\u00a1Sellos escalofriantes! Los peque\u00f1os bucaneros adorar\u00e1n estos tatuajes temporales de pirata. Hay 20 dise\u00f1os variados que incluyen botes, espadas y una calavera con los huesos cruzados. Tan solo necesitar\u00e1s aplicar un poco de agua, por lo que los ni\u00f1os pueden hacerlo solos. Perfecto para fiestas, fiestas de pijamas y los juegos diarios. <span class=\"more_dots\">&#8230;<\/span><\/p>\n<p><a class=\"btn btn-secondary understrap-read-more-link\" href=\"https:\/\/trade.colart.com\/es\/product\/snazaroo-tatuajes-temporales-aventura-set-de-20-universal\/\">Read More&#8230;<span class=\"screen-reader-text\"> from Snazaroo Tatuajes temporales aventura &#8211; Set de 20  &#8211; Universal<\/span><\/a><\/p>\n","protected":false},"featured_media":27161,"comment_status":"closed","ping_status":"closed","template":"","meta":{"_acf_changed":false},"product_brand":[],"product_cat":[982],"product_tag":[],"class_list":{"0":"post-2850","1":"product","2":"type-product","3":"status-publish","4":"has-post-thumbnail","6":"product_cat-snazaroo-accesorios-sellos-y-tatuajes","8":"first","9":"instock","10":"shipping-taxable","11":"purchasable","12":"product-type-simple"},"acf":[],"_links":{"self":[{"href":"https:\/\/trade.colart.com\/es\/wp-json\/wp\/v2\/product\/2850","targetHints":{"allow":["GET"]}}],"collection":[{"href":"https:\/\/trade.colart.com\/es\/wp-json\/wp\/v2\/product"}],"about":[{"href":"https:\/\/trade.colart.com\/es\/wp-json\/wp\/v2\/types\/product"}],"replies":[{"embeddable":true,"href":"https:\/\/trade.colart.com\/es\/wp-json\/wp\/v2\/comments?post=2850"}],"wp:featuredmedia":[{"embeddable":true,"href":"https:\/\/trade.colart.com\/es\/wp-json\/wp\/v2\/media\/27161"}],"wp:attachment":[{"href":"https:\/\/trade.colart.com\/es\/wp-json\/wp\/v2\/media?parent=2850"}],"wp:term":[{"taxonomy":"product_brand","embeddable":true,"href":"https:\/\/trade.colart.com\/es\/wp-json\/wp\/v2\/product_brand?post=2850"},{"taxonomy":"product_cat","embeddable":true,"href":"https:\/\/trade.colart.com\/es\/wp-json\/wp\/v2\/product_cat?post=2850"},{"taxonomy":"product_tag","embeddable":true,"href":"https:\/\/trade.colart.com\/es\/wp-json\/wp\/v2\/product_tag?post=2850"}],"curies":[{"name":"wp","href":"https:\/\/api.w.org\/{rel}","templated":true}]}}