{"id":2854,"date":"2026-03-10T00:24:05","date_gmt":"2026-03-10T00:24:05","guid":{"rendered":"https:\/\/trade.colart.com\/es\/product\/snazaroo-celtic-theme-pack-claires\/"},"modified":"2026-05-11T16:47:12","modified_gmt":"2026-05-11T16:47:12","slug":"snazaroo-kit-de-pintura-facial-aventura","status":"publish","type":"product","link":"https:\/\/trade.colart.com\/es\/product\/snazaroo-kit-de-pintura-facial-aventura\/","title":{"rendered":"Snazaroo &#8211; Kit de pintura facial aventura."},"content":{"rendered":"<p>Este kit de maquillaje es fant\u00e1stico para cualquier ocasi\u00f3n, ya que permite pintar hasta 50 caras completas. Consiste en 8 colores, un pincel, 1 esponjas y una gu\u00eda paso a paso para ayudarte a crear dise\u00f1os de piratas, superh\u00e9roes y animales.<\/p>\n","protected":false},"excerpt":{"rendered":"<p>Este kit de maquillaje es fant\u00e1stico para cualquier ocasi\u00f3n, ya que permite pintar hasta 50 caras completas. Consiste en 8 colores, un pincel, 1 esponjas y una gu\u00eda paso a paso para ayudarte a crear dise\u00f1os de piratas, superh\u00e9roes y animales. <span class=\"more_dots\">&#8230;<\/span><\/p>\n<p><a class=\"btn btn-secondary understrap-read-more-link\" href=\"https:\/\/trade.colart.com\/es\/product\/snazaroo-kit-de-pintura-facial-aventura\/\">Read More&#8230;<span class=\"screen-reader-text\"> from Snazaroo &#8211; Kit de pintura facial aventura.<\/span><\/a><\/p>\n","protected":false},"featured_media":31583,"comment_status":"closed","ping_status":"closed","template":"","meta":{"_acf_changed":false},"product_brand":[],"product_cat":[984],"product_tag":[],"class_list":{"0":"post-2854","1":"product","2":"type-product","3":"status-publish","4":"has-post-thumbnail","6":"product_cat-snazaroo-mini-kits","8":"first","9":"instock","10":"shipping-taxable","11":"purchasable","12":"product-type-simple"},"acf":[],"_links":{"self":[{"href":"https:\/\/trade.colart.com\/es\/wp-json\/wp\/v2\/product\/2854","targetHints":{"allow":["GET"]}}],"collection":[{"href":"https:\/\/trade.colart.com\/es\/wp-json\/wp\/v2\/product"}],"about":[{"href":"https:\/\/trade.colart.com\/es\/wp-json\/wp\/v2\/types\/product"}],"replies":[{"embeddable":true,"href":"https:\/\/trade.colart.com\/es\/wp-json\/wp\/v2\/comments?post=2854"}],"wp:featuredmedia":[{"embeddable":true,"href":"https:\/\/trade.colart.com\/es\/wp-json\/wp\/v2\/media\/31583"}],"wp:attachment":[{"href":"https:\/\/trade.colart.com\/es\/wp-json\/wp\/v2\/media?parent=2854"}],"wp:term":[{"taxonomy":"product_brand","embeddable":true,"href":"https:\/\/trade.colart.com\/es\/wp-json\/wp\/v2\/product_brand?post=2854"},{"taxonomy":"product_cat","embeddable":true,"href":"https:\/\/trade.colart.com\/es\/wp-json\/wp\/v2\/product_cat?post=2854"},{"taxonomy":"product_tag","embeddable":true,"href":"https:\/\/trade.colart.com\/es\/wp-json\/wp\/v2\/product_tag?post=2854"}],"curies":[{"name":"wp","href":"https:\/\/api.w.org\/{rel}","templated":true}]}}