{"id":2906,"date":"2026-03-12T19:53:40","date_gmt":"2026-03-12T19:53:40","guid":{"rendered":"https:\/\/trade.colart.com\/es\/product\/snazaroo-pincel-de-maquillaje-profesional-multiusos-plano-medio-universal\/"},"modified":"2026-05-11T18:27:20","modified_gmt":"2026-05-11T18:27:20","slug":"snazaroo-pincel-de-maquillaje-profesional-multiusos-plano-medio-universal","status":"publish","type":"product","link":"https:\/\/trade.colart.com\/es\/product\/snazaroo-pincel-de-maquillaje-profesional-multiusos-plano-medio-universal\/","title":{"rendered":"Snazaroo Pincel de maquillaje profesional multiusos: plano medio  &#8211; Universal"},"content":{"rendered":"<p>Siempre necesita un pincel adicional, pero no desea gastarse demasiado dinero en pinceles profesionales. Bueno, por qu\u00e9 no prueba nuestro nuevo paquete de pinceles al alcance de su presupuesto. Estos pinceles compactos son un extra incre\u00edble para cualquier kit y le ofrecen esa variedad de l\u00edneas que no pueden realizarse con un solo pincel.<\/p>\n","protected":false},"excerpt":{"rendered":"<p>Siempre necesita un pincel adicional, pero no desea gastarse demasiado dinero en pinceles profesionales. Bueno, por qu\u00e9 no prueba nuestro nuevo paquete de pinceles al alcance de su presupuesto. Estos pinceles compactos son un extra incre\u00edble para cualquier kit y le ofrecen esa variedad de l\u00edneas que no pueden realizarse con un solo pincel. <span class=\"more_dots\">&#8230;<\/span><\/p>\n<p><a class=\"btn btn-secondary understrap-read-more-link\" href=\"https:\/\/trade.colart.com\/es\/product\/snazaroo-pincel-de-maquillaje-profesional-multiusos-plano-medio-universal\/\">Read More&#8230;<span class=\"screen-reader-text\"> from Snazaroo Pincel de maquillaje profesional multiusos: plano medio  &#8211; Universal<\/span><\/a><\/p>\n","protected":false},"featured_media":28282,"comment_status":"closed","ping_status":"closed","template":"","meta":{"_acf_changed":false},"product_brand":[],"product_cat":[1012],"product_tag":[],"class_list":{"0":"post-2906","1":"product","2":"type-product","3":"status-publish","4":"has-post-thumbnail","6":"product_cat-snazaroo-accesorios-pinceles","8":"first","9":"instock","10":"shipping-taxable","11":"purchasable","12":"product-type-simple"},"acf":[],"_links":{"self":[{"href":"https:\/\/trade.colart.com\/es\/wp-json\/wp\/v2\/product\/2906","targetHints":{"allow":["GET"]}}],"collection":[{"href":"https:\/\/trade.colart.com\/es\/wp-json\/wp\/v2\/product"}],"about":[{"href":"https:\/\/trade.colart.com\/es\/wp-json\/wp\/v2\/types\/product"}],"replies":[{"embeddable":true,"href":"https:\/\/trade.colart.com\/es\/wp-json\/wp\/v2\/comments?post=2906"}],"wp:featuredmedia":[{"embeddable":true,"href":"https:\/\/trade.colart.com\/es\/wp-json\/wp\/v2\/media\/28282"}],"wp:attachment":[{"href":"https:\/\/trade.colart.com\/es\/wp-json\/wp\/v2\/media?parent=2906"}],"wp:term":[{"taxonomy":"product_brand","embeddable":true,"href":"https:\/\/trade.colart.com\/es\/wp-json\/wp\/v2\/product_brand?post=2906"},{"taxonomy":"product_cat","embeddable":true,"href":"https:\/\/trade.colart.com\/es\/wp-json\/wp\/v2\/product_cat?post=2906"},{"taxonomy":"product_tag","embeddable":true,"href":"https:\/\/trade.colart.com\/es\/wp-json\/wp\/v2\/product_tag?post=2906"}],"curies":[{"name":"wp","href":"https:\/\/api.w.org\/{rel}","templated":true}]}}