{"id":2909,"date":"2026-03-12T19:54:48","date_gmt":"2026-03-12T19:54:48","guid":{"rendered":"https:\/\/trade.colart.com\/es\/product\/snazaroo-maquillaje-met%c3%a1lico-plata-18ml-row\/"},"modified":"2026-05-07T13:16:23","modified_gmt":"2026-05-07T13:16:23","slug":"snazaroo-pincel-multi-usos-rojo","status":"publish","type":"product","link":"https:\/\/trade.colart.com\/es\/product\/snazaroo-pincel-multi-usos-rojo\/","title":{"rendered":"Snazaroo Pincel Multi Usos (Rojo)"},"content":{"rendered":"<p>Fabricados con Toray, un material sint\u00e9tico, nuestros pinceles son suaves y duraderos. Si va a adquirir solo un pincel, este ser\u00eda la mejor opci\u00f3n. Proporciona un buen control y ofrece flexibilidad para crear l\u00edneas finas, pero tambi\u00e9n para usarse en dise\u00f1os de relleno. Este pincel es indispensable en la colecci\u00f3n de cualquier pintor de caras.<\/p>\n","protected":false},"excerpt":{"rendered":"<p>Fabricados con Toray, un material sint\u00e9tico, nuestros pinceles son suaves y duraderos. Si va a adquirir solo un pincel, este ser\u00eda la mejor opci\u00f3n. Proporciona un buen control y ofrece flexibilidad para crear l\u00edneas finas, pero tambi\u00e9n para usarse en dise\u00f1os de relleno. Este pincel es indispensable en la colecci\u00f3n de cualquier pintor de caras. <span class=\"more_dots\">&#8230;<\/span><\/p>\n<p><a class=\"btn btn-secondary understrap-read-more-link\" href=\"https:\/\/trade.colart.com\/es\/product\/snazaroo-pincel-multi-usos-rojo\/\">Read More&#8230;<span class=\"screen-reader-text\"> from Snazaroo Pincel Multi Usos (Rojo)<\/span><\/a><\/p>\n","protected":false},"featured_media":16875,"comment_status":"closed","ping_status":"closed","template":"","meta":{"_acf_changed":false},"product_brand":[],"product_cat":[1012],"product_tag":[],"class_list":{"0":"post-2909","1":"product","2":"type-product","3":"status-publish","4":"has-post-thumbnail","6":"product_cat-snazaroo-accesorios-pinceles","8":"first","9":"instock","10":"shipping-taxable","11":"purchasable","12":"product-type-simple"},"acf":[],"_links":{"self":[{"href":"https:\/\/trade.colart.com\/es\/wp-json\/wp\/v2\/product\/2909","targetHints":{"allow":["GET"]}}],"collection":[{"href":"https:\/\/trade.colart.com\/es\/wp-json\/wp\/v2\/product"}],"about":[{"href":"https:\/\/trade.colart.com\/es\/wp-json\/wp\/v2\/types\/product"}],"replies":[{"embeddable":true,"href":"https:\/\/trade.colart.com\/es\/wp-json\/wp\/v2\/comments?post=2909"}],"wp:featuredmedia":[{"embeddable":true,"href":"https:\/\/trade.colart.com\/es\/wp-json\/wp\/v2\/media\/16875"}],"wp:attachment":[{"href":"https:\/\/trade.colart.com\/es\/wp-json\/wp\/v2\/media?parent=2909"}],"wp:term":[{"taxonomy":"product_brand","embeddable":true,"href":"https:\/\/trade.colart.com\/es\/wp-json\/wp\/v2\/product_brand?post=2909"},{"taxonomy":"product_cat","embeddable":true,"href":"https:\/\/trade.colart.com\/es\/wp-json\/wp\/v2\/product_cat?post=2909"},{"taxonomy":"product_tag","embeddable":true,"href":"https:\/\/trade.colart.com\/es\/wp-json\/wp\/v2\/product_tag?post=2909"}],"curies":[{"name":"wp","href":"https:\/\/api.w.org\/{rel}","templated":true}]}}