{"id":2912,"date":"2026-03-12T19:54:16","date_gmt":"2026-03-12T19:54:16","guid":{"rendered":"https:\/\/trade.colart.com\/es\/product\/snazaroo-pack-de-rotuladores-de-maquillaje-jungla-row\/"},"modified":"2026-05-05T15:24:48","modified_gmt":"2026-05-05T15:24:48","slug":"snazaroo-pincel-medium-plano-amarillo","status":"publish","type":"product","link":"https:\/\/trade.colart.com\/es\/product\/snazaroo-pincel-medium-plano-amarillo\/","title":{"rendered":"Snazaroo Pincel Medium Plano (Amarillo)"},"content":{"rendered":"<p>Fabricados con Toray, un material sint\u00e9tico, nuestros pinceles son suaves y duraderos. Este pincel es polivalente: le permite pintar l\u00edneas finas e incluso crear un dise\u00f1o plano.<\/p>\n","protected":false},"excerpt":{"rendered":"<p>Fabricados con Toray, un material sint\u00e9tico, nuestros pinceles son suaves y duraderos. Este pincel es polivalente: le permite pintar l\u00edneas finas e incluso crear un dise\u00f1o plano. <span class=\"more_dots\">&#8230;<\/span><\/p>\n<p><a class=\"btn btn-secondary understrap-read-more-link\" href=\"https:\/\/trade.colart.com\/es\/product\/snazaroo-pincel-medium-plano-amarillo\/\">Read More&#8230;<span class=\"screen-reader-text\"> from Snazaroo Pincel Medium Plano (Amarillo)<\/span><\/a><\/p>\n","protected":false},"featured_media":16878,"comment_status":"closed","ping_status":"closed","template":"","meta":{"_acf_changed":false},"product_brand":[],"product_cat":[1012],"product_tag":[],"class_list":{"0":"post-2912","1":"product","2":"type-product","3":"status-publish","4":"has-post-thumbnail","6":"product_cat-snazaroo-accesorios-pinceles","8":"first","9":"instock","10":"shipping-taxable","11":"purchasable","12":"product-type-simple"},"acf":[],"_links":{"self":[{"href":"https:\/\/trade.colart.com\/es\/wp-json\/wp\/v2\/product\/2912","targetHints":{"allow":["GET"]}}],"collection":[{"href":"https:\/\/trade.colart.com\/es\/wp-json\/wp\/v2\/product"}],"about":[{"href":"https:\/\/trade.colart.com\/es\/wp-json\/wp\/v2\/types\/product"}],"replies":[{"embeddable":true,"href":"https:\/\/trade.colart.com\/es\/wp-json\/wp\/v2\/comments?post=2912"}],"wp:featuredmedia":[{"embeddable":true,"href":"https:\/\/trade.colart.com\/es\/wp-json\/wp\/v2\/media\/16878"}],"wp:attachment":[{"href":"https:\/\/trade.colart.com\/es\/wp-json\/wp\/v2\/media?parent=2912"}],"wp:term":[{"taxonomy":"product_brand","embeddable":true,"href":"https:\/\/trade.colart.com\/es\/wp-json\/wp\/v2\/product_brand?post=2912"},{"taxonomy":"product_cat","embeddable":true,"href":"https:\/\/trade.colart.com\/es\/wp-json\/wp\/v2\/product_cat?post=2912"},{"taxonomy":"product_tag","embeddable":true,"href":"https:\/\/trade.colart.com\/es\/wp-json\/wp\/v2\/product_tag?post=2912"}],"curies":[{"name":"wp","href":"https:\/\/api.w.org\/{rel}","templated":true}]}}