{"id":2913,"date":"2026-03-12T19:54:42","date_gmt":"2026-03-12T19:54:42","guid":{"rendered":"https:\/\/trade.colart.com\/es\/product\/snazaroo-maquillaje-cl%c3%a1sico-negro-18ml-row\/"},"modified":"2026-04-15T14:53:34","modified_gmt":"2026-04-15T14:53:34","slug":"snazaroo-pincelde-de-maquillaje-profesional-plano-y-grande-universal","status":"publish","type":"product","link":"https:\/\/trade.colart.com\/es\/product\/snazaroo-pincelde-de-maquillaje-profesional-plano-y-grande-universal\/","title":{"rendered":"SNAZAROO- Pincelde de Maquillaje Profesional &#8211; Plano y Grande-  Universal"},"content":{"rendered":"<p>Fabricados con Toray, un material sint\u00e9tico, nuestros pinceles son suaves y duraderos. Este pincel es ideal para crear dise\u00f1os con pinceladas m\u00e1s gruesas, as\u00ed como para rellenar dise\u00f1os si no se utiliza ninguna esponja.<\/p>\n","protected":false},"excerpt":{"rendered":"<p>Fabricados con Toray, un material sint\u00e9tico, nuestros pinceles son suaves y duraderos. Este pincel es ideal para crear dise\u00f1os con pinceladas m\u00e1s gruesas, as\u00ed como para rellenar dise\u00f1os si no se utiliza ninguna esponja. <span class=\"more_dots\">&#8230;<\/span><\/p>\n<p><a class=\"btn btn-secondary understrap-read-more-link\" href=\"https:\/\/trade.colart.com\/es\/product\/snazaroo-pincelde-de-maquillaje-profesional-plano-y-grande-universal\/\">Read More&#8230;<span class=\"screen-reader-text\"> from SNAZAROO- Pincelde de Maquillaje Profesional &#8211; Plano y Grande-  Universal<\/span><\/a><\/p>\n","protected":false},"featured_media":16879,"comment_status":"closed","ping_status":"closed","template":"","meta":{"_acf_changed":false},"product_brand":[],"product_cat":[1012],"product_tag":[],"class_list":{"0":"post-2913","1":"product","2":"type-product","3":"status-publish","4":"has-post-thumbnail","6":"product_cat-snazaroo-accesorios-pinceles","8":"first","9":"instock","10":"shipping-taxable","11":"purchasable","12":"product-type-simple"},"acf":[],"_links":{"self":[{"href":"https:\/\/trade.colart.com\/es\/wp-json\/wp\/v2\/product\/2913","targetHints":{"allow":["GET"]}}],"collection":[{"href":"https:\/\/trade.colart.com\/es\/wp-json\/wp\/v2\/product"}],"about":[{"href":"https:\/\/trade.colart.com\/es\/wp-json\/wp\/v2\/types\/product"}],"replies":[{"embeddable":true,"href":"https:\/\/trade.colart.com\/es\/wp-json\/wp\/v2\/comments?post=2913"}],"wp:featuredmedia":[{"embeddable":true,"href":"https:\/\/trade.colart.com\/es\/wp-json\/wp\/v2\/media\/16879"}],"wp:attachment":[{"href":"https:\/\/trade.colart.com\/es\/wp-json\/wp\/v2\/media?parent=2913"}],"wp:term":[{"taxonomy":"product_brand","embeddable":true,"href":"https:\/\/trade.colart.com\/es\/wp-json\/wp\/v2\/product_brand?post=2913"},{"taxonomy":"product_cat","embeddable":true,"href":"https:\/\/trade.colart.com\/es\/wp-json\/wp\/v2\/product_cat?post=2913"},{"taxonomy":"product_tag","embeddable":true,"href":"https:\/\/trade.colart.com\/es\/wp-json\/wp\/v2\/product_tag?post=2913"}],"curies":[{"name":"wp","href":"https:\/\/api.w.org\/{rel}","templated":true}]}}