{"id":29149,"date":"2026-03-12T19:54:08","date_gmt":"2026-03-12T19:54:08","guid":{"rendered":"https:\/\/trade.colart.com\/es\/product\/snazaroo-face-paint-crayon-sticks-12-pack-row\/"},"modified":"2026-04-02T09:46:06","modified_gmt":"2026-04-02T09:46:06","slug":"snazaroo-barras-de-maquillaje-de-pintura-facial-pack-de-12-row","status":"publish","type":"product","link":"https:\/\/trade.colart.com\/es\/product\/snazaroo-barras-de-maquillaje-de-pintura-facial-pack-de-12-row\/","title":{"rendered":"Snazaroo Barras de Maquillaje de Pintura Facial Pack de 12 ROW"},"content":{"rendered":"<p>El pack perfecto de 12 Barras de Pintura Facial para pintar la cara f\u00e1ciles de usar. Con punta en \u00e1ngulo para facilitar su aplicaci\u00f3n, lo que las hace ideales para los dedos m\u00e1s peque\u00f1os. Listas para usar desde el momento en que abres el paquete sin necesidad de agua, simplemente retira el envoltorio de pl\u00e1stico y \u00a1ponte creativo!<br \/>\nComo todas las pinturas Snazaroo, son f\u00e1ciles de quitar (lavar con jab\u00f3n), <\/p>\n","protected":false},"excerpt":{"rendered":"<p>El pack perfecto de 12 Barras de Pintura Facial para pintar la cara f\u00e1ciles de usar. Con punta en \u00e1ngulo para facilitar su aplicaci\u00f3n, lo que las hace ideales para los dedos m\u00e1s peque\u00f1os. Listas para usar desde el momento en que abres el paquete sin necesidad de agua, simplemente retira el envoltorio de pl\u00e1stico y \u00a1ponte creativo!<br \/>\nComo todas las pinturas Snazaroo, son f\u00e1ciles de quitar (lavar con jab\u00f3n),  <span class=\"more_dots\">&#8230;<\/span><\/p>\n<p><a class=\"btn btn-secondary understrap-read-more-link\" href=\"https:\/\/trade.colart.com\/es\/product\/snazaroo-barras-de-maquillaje-de-pintura-facial-pack-de-12-row\/\">Read More&#8230;<span class=\"screen-reader-text\"> from Snazaroo Barras de Maquillaje de Pintura Facial Pack de 12 ROW<\/span><\/a><\/p>\n","protected":false},"featured_media":29246,"comment_status":"closed","ping_status":"closed","template":"","meta":{"_acf_changed":false},"product_brand":[],"product_cat":[1014],"product_tag":[],"class_list":{"0":"post-29149","1":"product","2":"type-product","3":"status-publish","4":"has-post-thumbnail","6":"product_cat-snazaroo-colores-sticks","8":"first","9":"instock","10":"shipping-taxable","11":"purchasable","12":"product-type-simple"},"acf":[],"_links":{"self":[{"href":"https:\/\/trade.colart.com\/es\/wp-json\/wp\/v2\/product\/29149","targetHints":{"allow":["GET"]}}],"collection":[{"href":"https:\/\/trade.colart.com\/es\/wp-json\/wp\/v2\/product"}],"about":[{"href":"https:\/\/trade.colart.com\/es\/wp-json\/wp\/v2\/types\/product"}],"replies":[{"embeddable":true,"href":"https:\/\/trade.colart.com\/es\/wp-json\/wp\/v2\/comments?post=29149"}],"wp:featuredmedia":[{"embeddable":true,"href":"https:\/\/trade.colart.com\/es\/wp-json\/wp\/v2\/media\/29246"}],"wp:attachment":[{"href":"https:\/\/trade.colart.com\/es\/wp-json\/wp\/v2\/media?parent=29149"}],"wp:term":[{"taxonomy":"product_brand","embeddable":true,"href":"https:\/\/trade.colart.com\/es\/wp-json\/wp\/v2\/product_brand?post=29149"},{"taxonomy":"product_cat","embeddable":true,"href":"https:\/\/trade.colart.com\/es\/wp-json\/wp\/v2\/product_cat?post=29149"},{"taxonomy":"product_tag","embeddable":true,"href":"https:\/\/trade.colart.com\/es\/wp-json\/wp\/v2\/product_tag?post=29149"}],"curies":[{"name":"wp","href":"https:\/\/api.w.org\/{rel}","templated":true}]}}