{"id":2917,"date":"2026-03-11T00:44:00","date_gmt":"2026-03-11T00:44:00","guid":{"rendered":"https:\/\/trade.colart.com\/es\/product\/snazaroo-halloween-stencils-set-of-6-argos\/"},"modified":"2026-04-02T13:35:16","modified_gmt":"2026-04-02T13:35:16","slug":"snazaroo-barras-de-maquillaje-arco%c3%adris-set-de-6","status":"publish","type":"product","link":"https:\/\/trade.colart.com\/es\/product\/snazaroo-barras-de-maquillaje-arco%c3%adris-set-de-6\/","title":{"rendered":"Snazaroo Barras De Maquillaje arco\u00edris- Set de 6"},"content":{"rendered":"<p>Estas barritas de pintura facial son f\u00e1ciles de usar y muy pr\u00e1cticas. Tendr\u00e1 el \u00e9xito garantizado en cualquier fiesta. Al igual que todas las pinturas faciales Snazaroo, son f\u00e1ciles de quitar (lavar con jab\u00f3n), hipoalerg\u00e9nicas y no t\u00f3xicas.<\/p>\n","protected":false},"excerpt":{"rendered":"<p>Estas barritas de pintura facial son f\u00e1ciles de usar y muy pr\u00e1cticas. Tendr\u00e1 el \u00e9xito garantizado en cualquier fiesta. Al igual que todas las pinturas faciales Snazaroo, son f\u00e1ciles de quitar (lavar con jab\u00f3n), hipoalerg\u00e9nicas y no t\u00f3xicas. <span class=\"more_dots\">&#8230;<\/span><\/p>\n<p><a class=\"btn btn-secondary understrap-read-more-link\" href=\"https:\/\/trade.colart.com\/es\/product\/snazaroo-barras-de-maquillaje-arco%c3%adris-set-de-6\/\">Read More&#8230;<span class=\"screen-reader-text\"> from Snazaroo Barras De Maquillaje arco\u00edris- Set de 6<\/span><\/a><\/p>\n","protected":false},"featured_media":33945,"comment_status":"closed","ping_status":"closed","template":"","meta":{"_acf_changed":false},"product_brand":[],"product_cat":[1014],"product_tag":[],"class_list":{"0":"post-2917","1":"product","2":"type-product","3":"status-publish","4":"has-post-thumbnail","6":"product_cat-snazaroo-colores-sticks","8":"first","9":"instock","10":"shipping-taxable","11":"purchasable","12":"product-type-simple"},"acf":[],"_links":{"self":[{"href":"https:\/\/trade.colart.com\/es\/wp-json\/wp\/v2\/product\/2917","targetHints":{"allow":["GET"]}}],"collection":[{"href":"https:\/\/trade.colart.com\/es\/wp-json\/wp\/v2\/product"}],"about":[{"href":"https:\/\/trade.colart.com\/es\/wp-json\/wp\/v2\/types\/product"}],"replies":[{"embeddable":true,"href":"https:\/\/trade.colart.com\/es\/wp-json\/wp\/v2\/comments?post=2917"}],"wp:featuredmedia":[{"embeddable":true,"href":"https:\/\/trade.colart.com\/es\/wp-json\/wp\/v2\/media\/33945"}],"wp:attachment":[{"href":"https:\/\/trade.colart.com\/es\/wp-json\/wp\/v2\/media?parent=2917"}],"wp:term":[{"taxonomy":"product_brand","embeddable":true,"href":"https:\/\/trade.colart.com\/es\/wp-json\/wp\/v2\/product_brand?post=2917"},{"taxonomy":"product_cat","embeddable":true,"href":"https:\/\/trade.colart.com\/es\/wp-json\/wp\/v2\/product_cat?post=2917"},{"taxonomy":"product_tag","embeddable":true,"href":"https:\/\/trade.colart.com\/es\/wp-json\/wp\/v2\/product_tag?post=2917"}],"curies":[{"name":"wp","href":"https:\/\/api.w.org\/{rel}","templated":true}]}}