{"id":2919,"date":"2026-03-11T00:43:21","date_gmt":"2026-03-11T00:43:21","guid":{"rendered":"https:\/\/trade.colart.com\/es\/product\/snazaroo-fantasy-face-paint-sticks-set-of-6-us\/"},"modified":"2026-04-02T09:45:57","modified_gmt":"2026-04-02T09:45:57","slug":"snazaroo-barras-de-maquillaje-chicos-set-of-6","status":"publish","type":"product","link":"https:\/\/trade.colart.com\/es\/product\/snazaroo-barras-de-maquillaje-chicos-set-of-6\/","title":{"rendered":"Snazaroo Barras De Maquillaje Chicos &#8211; Set of 6"},"content":{"rendered":"<p>Estas barritas de pintura facial son perfectas para pintar r\u00e1pidamente y sobre la marcha en cualquier fiesta de ni\u00f1os. Al igual que todas las pinturas faciales Snazaroo, son f\u00e1ciles de quitar (lavar con jab\u00f3n), hipoalerg\u00e9nicas y no son t\u00f3xicas<\/p>\n","protected":false},"excerpt":{"rendered":"<p>Estas barritas de pintura facial son perfectas para pintar r\u00e1pidamente y sobre la marcha en cualquier fiesta de ni\u00f1os. Al igual que todas las pinturas faciales Snazaroo, son f\u00e1ciles de quitar (lavar con jab\u00f3n), hipoalerg\u00e9nicas y no son t\u00f3xicas <span class=\"more_dots\">&#8230;<\/span><\/p>\n<p><a class=\"btn btn-secondary understrap-read-more-link\" href=\"https:\/\/trade.colart.com\/es\/product\/snazaroo-barras-de-maquillaje-chicos-set-of-6\/\">Read More&#8230;<span class=\"screen-reader-text\"> from Snazaroo Barras De Maquillaje Chicos &#8211; Set of 6<\/span><\/a><\/p>\n","protected":false},"featured_media":33955,"comment_status":"closed","ping_status":"closed","template":"","meta":{"_acf_changed":false},"product_brand":[],"product_cat":[1014],"product_tag":[],"class_list":{"0":"post-2919","1":"product","2":"type-product","3":"status-publish","4":"has-post-thumbnail","6":"product_cat-snazaroo-colores-sticks","8":"first","9":"instock","10":"shipping-taxable","11":"purchasable","12":"product-type-simple"},"acf":[],"_links":{"self":[{"href":"https:\/\/trade.colart.com\/es\/wp-json\/wp\/v2\/product\/2919","targetHints":{"allow":["GET"]}}],"collection":[{"href":"https:\/\/trade.colart.com\/es\/wp-json\/wp\/v2\/product"}],"about":[{"href":"https:\/\/trade.colart.com\/es\/wp-json\/wp\/v2\/types\/product"}],"replies":[{"embeddable":true,"href":"https:\/\/trade.colart.com\/es\/wp-json\/wp\/v2\/comments?post=2919"}],"wp:featuredmedia":[{"embeddable":true,"href":"https:\/\/trade.colart.com\/es\/wp-json\/wp\/v2\/media\/33955"}],"wp:attachment":[{"href":"https:\/\/trade.colart.com\/es\/wp-json\/wp\/v2\/media?parent=2919"}],"wp:term":[{"taxonomy":"product_brand","embeddable":true,"href":"https:\/\/trade.colart.com\/es\/wp-json\/wp\/v2\/product_brand?post=2919"},{"taxonomy":"product_cat","embeddable":true,"href":"https:\/\/trade.colart.com\/es\/wp-json\/wp\/v2\/product_cat?post=2919"},{"taxonomy":"product_tag","embeddable":true,"href":"https:\/\/trade.colart.com\/es\/wp-json\/wp\/v2\/product_tag?post=2919"}],"curies":[{"name":"wp","href":"https:\/\/api.w.org\/{rel}","templated":true}]}}