{"id":2920,"date":"2026-03-11T00:46:23","date_gmt":"2026-03-11T00:46:23","guid":{"rendered":"https:\/\/trade.colart.com\/es\/product\/snazaroo-uk-flags-face-paint-sticks-set-of-3-tescos\/"},"modified":"2026-04-02T09:45:51","modified_gmt":"2026-04-02T09:45:51","slug":"snazaroo-barras-de-maquillaje-halloween-set-de-6","status":"publish","type":"product","link":"https:\/\/trade.colart.com\/es\/product\/snazaroo-barras-de-maquillaje-halloween-set-de-6\/","title":{"rendered":"Snazaroo Barras De Maquillaje Halloween &#8211; Set de 6"},"content":{"rendered":"<p>A\u00f1ada detalles a sus dise\u00f1os de Halloween o \u00faselas para realizar pinturas r\u00e1pidas en cualquier fiesta de Halloween. Todos los productos de Snazaroo son f\u00e1ciles de quitar (lavar con jab\u00f3n), hipoalerg\u00e9nicos y no t\u00f3xicos.<\/p>\n","protected":false},"excerpt":{"rendered":"<p>A\u00f1ada detalles a sus dise\u00f1os de Halloween o \u00faselas para realizar pinturas r\u00e1pidas en cualquier fiesta de Halloween. Todos los productos de Snazaroo son f\u00e1ciles de quitar (lavar con jab\u00f3n), hipoalerg\u00e9nicos y no t\u00f3xicos. <span class=\"more_dots\">&#8230;<\/span><\/p>\n<p><a class=\"btn btn-secondary understrap-read-more-link\" href=\"https:\/\/trade.colart.com\/es\/product\/snazaroo-barras-de-maquillaje-halloween-set-de-6\/\">Read More&#8230;<span class=\"screen-reader-text\"> from Snazaroo Barras De Maquillaje Halloween &#8211; Set de 6<\/span><\/a><\/p>\n","protected":false},"featured_media":34068,"comment_status":"closed","ping_status":"closed","template":"","meta":{"_acf_changed":false},"product_brand":[],"product_cat":[1014],"product_tag":[],"class_list":{"0":"post-2920","1":"product","2":"type-product","3":"status-publish","4":"has-post-thumbnail","6":"product_cat-snazaroo-colores-sticks","8":"first","9":"instock","10":"shipping-taxable","11":"purchasable","12":"product-type-simple"},"acf":[],"_links":{"self":[{"href":"https:\/\/trade.colart.com\/es\/wp-json\/wp\/v2\/product\/2920","targetHints":{"allow":["GET"]}}],"collection":[{"href":"https:\/\/trade.colart.com\/es\/wp-json\/wp\/v2\/product"}],"about":[{"href":"https:\/\/trade.colart.com\/es\/wp-json\/wp\/v2\/types\/product"}],"replies":[{"embeddable":true,"href":"https:\/\/trade.colart.com\/es\/wp-json\/wp\/v2\/comments?post=2920"}],"wp:featuredmedia":[{"embeddable":true,"href":"https:\/\/trade.colart.com\/es\/wp-json\/wp\/v2\/media\/34068"}],"wp:attachment":[{"href":"https:\/\/trade.colart.com\/es\/wp-json\/wp\/v2\/media?parent=2920"}],"wp:term":[{"taxonomy":"product_brand","embeddable":true,"href":"https:\/\/trade.colart.com\/es\/wp-json\/wp\/v2\/product_brand?post=2920"},{"taxonomy":"product_cat","embeddable":true,"href":"https:\/\/trade.colart.com\/es\/wp-json\/wp\/v2\/product_cat?post=2920"},{"taxonomy":"product_tag","embeddable":true,"href":"https:\/\/trade.colart.com\/es\/wp-json\/wp\/v2\/product_tag?post=2920"}],"curies":[{"name":"wp","href":"https:\/\/api.w.org\/{rel}","templated":true}]}}