{"id":29820,"date":"2026-04-01T10:18:48","date_gmt":"2026-04-01T10:18:48","guid":{"rendered":"https:\/\/trade.colart.com\/es\/product\/snazaroo-kit-maquillaje-patrulla-canina-skye-rubble\/"},"modified":"2026-04-02T09:45:22","modified_gmt":"2026-04-02T09:45:22","slug":"snazaroo-kit-maquillaje-patrulla-canina-skye-rubble","status":"publish","type":"product","link":"https:\/\/trade.colart.com\/es\/product\/snazaroo-kit-maquillaje-patrulla-canina-skye-rubble\/","title":{"rendered":"Snazaroo Kit Maquillaje Patrulla Canina Skye &amp; Rubble"},"content":{"rendered":"<p>El kit perfecto para transformarte en tu cachorro favorito de la Patrulla Canina. Convi\u00e9rtete en un pat\u00e1stico cachorrito con este kit de pintura facial f\u00e1cil de aplicar y limpiar. Este kit incluye una gu\u00eda f\u00e1cil de seguir y una plantilla para que t\u00fa y tu familia pod\u00e1is convertiros en parte de la Patrulla Canina. Este kit es ideal para convertirse en Skye o Rubble.<\/p>\n","protected":false},"excerpt":{"rendered":"<p>El kit perfecto para transformarte en tu cachorro favorito de la Patrulla Canina. Convi\u00e9rtete en un pat\u00e1stico cachorrito con este kit de pintura facial f\u00e1cil de aplicar y limpiar. Este kit incluye una gu\u00eda f\u00e1cil de seguir y una plantilla para que t\u00fa y tu familia pod\u00e1is convertiros en parte de la Patrulla Canina. Este kit es ideal para convertirse en Skye o Rubble. <span class=\"more_dots\">&#8230;<\/span><\/p>\n<p><a class=\"btn btn-secondary understrap-read-more-link\" href=\"https:\/\/trade.colart.com\/es\/product\/snazaroo-kit-maquillaje-patrulla-canina-skye-rubble\/\">Read More&#8230;<span class=\"screen-reader-text\"> from Snazaroo Kit Maquillaje Patrulla Canina Skye &amp; Rubble<\/span><\/a><\/p>\n","protected":false},"featured_media":29829,"comment_status":"closed","ping_status":"closed","template":"","meta":{"_acf_changed":false},"product_brand":[],"product_cat":[3618],"product_tag":[],"class_list":{"0":"post-29820","1":"product","2":"type-product","3":"status-publish","4":"has-post-thumbnail","6":"product_cat-snazaroo-mini-kits-patrulla-canina","8":"first","9":"instock","10":"shipping-taxable","11":"purchasable","12":"product-type-simple"},"acf":[],"_links":{"self":[{"href":"https:\/\/trade.colart.com\/es\/wp-json\/wp\/v2\/product\/29820","targetHints":{"allow":["GET"]}}],"collection":[{"href":"https:\/\/trade.colart.com\/es\/wp-json\/wp\/v2\/product"}],"about":[{"href":"https:\/\/trade.colart.com\/es\/wp-json\/wp\/v2\/types\/product"}],"replies":[{"embeddable":true,"href":"https:\/\/trade.colart.com\/es\/wp-json\/wp\/v2\/comments?post=29820"}],"wp:featuredmedia":[{"embeddable":true,"href":"https:\/\/trade.colart.com\/es\/wp-json\/wp\/v2\/media\/29829"}],"wp:attachment":[{"href":"https:\/\/trade.colart.com\/es\/wp-json\/wp\/v2\/media?parent=29820"}],"wp:term":[{"taxonomy":"product_brand","embeddable":true,"href":"https:\/\/trade.colart.com\/es\/wp-json\/wp\/v2\/product_brand?post=29820"},{"taxonomy":"product_cat","embeddable":true,"href":"https:\/\/trade.colart.com\/es\/wp-json\/wp\/v2\/product_cat?post=29820"},{"taxonomy":"product_tag","embeddable":true,"href":"https:\/\/trade.colart.com\/es\/wp-json\/wp\/v2\/product_tag?post=29820"}],"curies":[{"name":"wp","href":"https:\/\/api.w.org\/{rel}","templated":true}]}}