{"id":33344,"date":"2026-03-12T19:55:43","date_gmt":"2026-03-12T19:55:43","guid":{"rendered":"https:\/\/trade.colart.com\/es\/product\/snazaroo-efecto-especiales-sangre-de-zombi-verd-kit\/"},"modified":"2026-04-02T09:46:10","modified_gmt":"2026-04-02T09:46:10","slug":"snazaroo-efecto-especiales-sangre-de-zombi-verd-kit","status":"publish","type":"product","link":"https:\/\/trade.colart.com\/es\/product\/snazaroo-efecto-especiales-sangre-de-zombi-verd-kit\/","title":{"rendered":"Snazaroo Efecto Especiales Sangre de Zombi Verd Kit"},"content":{"rendered":"<p>Un fant\u00e1stico kit de efectos especiales completo con todo lo que necesitas para que disfrutes de una terror\u00edfica noche de Halloween.  El kit de sangre de zombi verde Snazaroo, resulta ideal para crear y complementar sus dise\u00f1os de pintura facial.  Adecuado para una gran cantidad de dise\u00f1os, sobre todo para la noche de Halloween.  Una sangre l\u00edquida verde que viene en una botella exprimible, proporciona un efecto de sangre l\u00edquida muy realista. Contiene: 18 ml de cera para moldear, 50 ml de sangre de zombi verde, 2 ml de pintura facial verde oscuro, esp\u00e1tula para cera y esponja para puntear.<\/p>\n","protected":false},"excerpt":{"rendered":"<p>Un fant\u00e1stico kit de efectos especiales completo con todo lo que necesitas para que disfrutes de una terror\u00edfica noche de Halloween.  El kit de sangre de zombi verde Snazaroo, resulta ideal para crear y complementar sus dise\u00f1os de pintura facial.  Adecuado para una gran cantidad de dise\u00f1os, sobre todo para la noche de Halloween.  Una sangre l\u00edquida verde que viene en una botella exprimible, proporciona un efecto de sangre l\u00edquida muy realista. Contiene: 18 ml de cera para moldear, 50 ml de sangre de zombi verde, 2 ml de pintura facial verde oscuro, esp\u00e1tula para cera y esponja para puntear. <span class=\"more_dots\">&#8230;<\/span><\/p>\n<p><a class=\"btn btn-secondary understrap-read-more-link\" href=\"https:\/\/trade.colart.com\/es\/product\/snazaroo-efecto-especiales-sangre-de-zombi-verd-kit\/\">Read More&#8230;<span class=\"screen-reader-text\"> from Snazaroo Efecto Especiales Sangre de Zombi Verd Kit<\/span><\/a><\/p>\n","protected":false},"featured_media":0,"comment_status":"closed","ping_status":"closed","template":"","meta":{"_acf_changed":false},"product_brand":[],"product_cat":[984,983],"product_tag":[],"class_list":{"0":"post-33344","1":"product","2":"type-product","3":"status-publish","5":"product_cat-snazaroo-mini-kits","6":"product_cat-snazaroo-accesorios-efectos-especiales","8":"first","9":"instock","10":"shipping-taxable","11":"purchasable","12":"product-type-simple"},"acf":[],"_links":{"self":[{"href":"https:\/\/trade.colart.com\/es\/wp-json\/wp\/v2\/product\/33344","targetHints":{"allow":["GET"]}}],"collection":[{"href":"https:\/\/trade.colart.com\/es\/wp-json\/wp\/v2\/product"}],"about":[{"href":"https:\/\/trade.colart.com\/es\/wp-json\/wp\/v2\/types\/product"}],"replies":[{"embeddable":true,"href":"https:\/\/trade.colart.com\/es\/wp-json\/wp\/v2\/comments?post=33344"}],"wp:attachment":[{"href":"https:\/\/trade.colart.com\/es\/wp-json\/wp\/v2\/media?parent=33344"}],"wp:term":[{"taxonomy":"product_brand","embeddable":true,"href":"https:\/\/trade.colart.com\/es\/wp-json\/wp\/v2\/product_brand?post=33344"},{"taxonomy":"product_cat","embeddable":true,"href":"https:\/\/trade.colart.com\/es\/wp-json\/wp\/v2\/product_cat?post=33344"},{"taxonomy":"product_tag","embeddable":true,"href":"https:\/\/trade.colart.com\/es\/wp-json\/wp\/v2\/product_tag?post=33344"}],"curies":[{"name":"wp","href":"https:\/\/api.w.org\/{rel}","templated":true}]}}