{"id":34282,"date":"2026-03-12T19:53:49","date_gmt":"2026-03-12T19:53:49","guid":{"rendered":"https:\/\/trade.colart.com\/es\/product\/snazaroo-split-cake-de-3-colores-28g-hielo-universal\/"},"modified":"2026-04-02T08:35:48","modified_gmt":"2026-04-02T08:35:48","slug":"snazaroo-split-cake-de-3-colores-28g-hielo-universal","status":"publish","type":"product","link":"https:\/\/trade.colart.com\/es\/product\/snazaroo-split-cake-de-3-colores-28g-hielo-universal\/","title":{"rendered":"Snazaroo Split Cake De 3 Colores 28g &#8211; Hielo &#8211; Universal"},"content":{"rendered":"<p>Esta paleta multicolor &#8220;Split cake&#8221; de pintura facial inspirada en las heladas invernales hace que la creaci\u00f3n de dise\u00f1os de princesas de hielo sea tan r\u00e1pida y f\u00e1cil de aplicar como de quitar.<\/p>\n","protected":false},"excerpt":{"rendered":"<p>Esta paleta multicolor &#8220;Split cake&#8221; de pintura facial inspirada en las heladas invernales hace que la creaci\u00f3n de dise\u00f1os de princesas de hielo sea tan r\u00e1pida y f\u00e1cil de aplicar como de quitar. <span class=\"more_dots\">&#8230;<\/span><\/p>\n<p><a class=\"btn btn-secondary understrap-read-more-link\" href=\"https:\/\/trade.colart.com\/es\/product\/snazaroo-split-cake-de-3-colores-28g-hielo-universal\/\">Read More&#8230;<span class=\"screen-reader-text\"> from Snazaroo Split Cake De 3 Colores 28g &#8211; Hielo &#8211; Universal<\/span><\/a><\/p>\n","protected":false},"featured_media":34395,"comment_status":"closed","ping_status":"closed","template":"","meta":{"_acf_changed":false},"product_brand":[],"product_cat":[225],"product_tag":[],"class_list":{"0":"post-34282","1":"product","2":"type-product","3":"status-publish","4":"has-post-thumbnail","6":"product_cat-snazaroo-colores","8":"first","9":"instock","10":"shipping-taxable","11":"purchasable","12":"product-type-simple"},"acf":[],"_links":{"self":[{"href":"https:\/\/trade.colart.com\/es\/wp-json\/wp\/v2\/product\/34282","targetHints":{"allow":["GET"]}}],"collection":[{"href":"https:\/\/trade.colart.com\/es\/wp-json\/wp\/v2\/product"}],"about":[{"href":"https:\/\/trade.colart.com\/es\/wp-json\/wp\/v2\/types\/product"}],"replies":[{"embeddable":true,"href":"https:\/\/trade.colart.com\/es\/wp-json\/wp\/v2\/comments?post=34282"}],"wp:featuredmedia":[{"embeddable":true,"href":"https:\/\/trade.colart.com\/es\/wp-json\/wp\/v2\/media\/34395"}],"wp:attachment":[{"href":"https:\/\/trade.colart.com\/es\/wp-json\/wp\/v2\/media?parent=34282"}],"wp:term":[{"taxonomy":"product_brand","embeddable":true,"href":"https:\/\/trade.colart.com\/es\/wp-json\/wp\/v2\/product_brand?post=34282"},{"taxonomy":"product_cat","embeddable":true,"href":"https:\/\/trade.colart.com\/es\/wp-json\/wp\/v2\/product_cat?post=34282"},{"taxonomy":"product_tag","embeddable":true,"href":"https:\/\/trade.colart.com\/es\/wp-json\/wp\/v2\/product_tag?post=34282"}],"curies":[{"name":"wp","href":"https:\/\/api.w.org\/{rel}","templated":true}]}}