{"id":37351,"date":"2026-03-13T02:03:19","date_gmt":"2026-03-13T02:03:19","guid":{"rendered":"https:\/\/trade.colart.com\/es\/product\/snazaroo-rainbow-face-paint-sticks-set-of-6-us\/"},"modified":"2026-04-02T09:46:04","modified_gmt":"2026-04-02T09:46:04","slug":"snazaroo-rainbow-face-paint-sticks-set-of-6-us","status":"publish","type":"product","link":"https:\/\/trade.colart.com\/es\/product\/snazaroo-rainbow-face-paint-sticks-set-of-6-us\/","title":{"rendered":"Snazaroo Rainbow Face Paint Sticks &#8211; Set of 6  &#8211; US"},"content":{"rendered":"<p>A\u00f1ada detalles a sus dise\u00f1os de Halloween o \u00faselas para realizar pinturas r\u00e1pidas en cualquier fiesta de Halloween. Todos los productos de Snazaroo son f\u00e1ciles de quitar (lavar con jab\u00f3n), hipoalerg\u00e9nicos y no t\u00f3xicos.<\/p>\n","protected":false},"excerpt":{"rendered":"<p>A\u00f1ada detalles a sus dise\u00f1os de Halloween o \u00faselas para realizar pinturas r\u00e1pidas en cualquier fiesta de Halloween. Todos los productos de Snazaroo son f\u00e1ciles de quitar (lavar con jab\u00f3n), hipoalerg\u00e9nicos y no t\u00f3xicos. <span class=\"more_dots\">&#8230;<\/span><\/p>\n<p><a class=\"btn btn-secondary understrap-read-more-link\" href=\"https:\/\/trade.colart.com\/es\/product\/snazaroo-rainbow-face-paint-sticks-set-of-6-us\/\">Read More&#8230;<span class=\"screen-reader-text\"> from Snazaroo Rainbow Face Paint Sticks &#8211; Set of 6  &#8211; US<\/span><\/a><\/p>\n","protected":false},"featured_media":28805,"comment_status":"closed","ping_status":"closed","template":"","meta":{"_acf_changed":false},"product_brand":[],"product_cat":[1014],"product_tag":[],"class_list":{"0":"post-37351","1":"product","2":"type-product","3":"status-publish","4":"has-post-thumbnail","6":"product_cat-snazaroo-colores-sticks","8":"first","9":"instock","10":"shipping-taxable","11":"purchasable","12":"product-type-simple"},"acf":[],"_links":{"self":[{"href":"https:\/\/trade.colart.com\/es\/wp-json\/wp\/v2\/product\/37351","targetHints":{"allow":["GET"]}}],"collection":[{"href":"https:\/\/trade.colart.com\/es\/wp-json\/wp\/v2\/product"}],"about":[{"href":"https:\/\/trade.colart.com\/es\/wp-json\/wp\/v2\/types\/product"}],"replies":[{"embeddable":true,"href":"https:\/\/trade.colart.com\/es\/wp-json\/wp\/v2\/comments?post=37351"}],"wp:featuredmedia":[{"embeddable":true,"href":"https:\/\/trade.colart.com\/es\/wp-json\/wp\/v2\/media\/28805"}],"wp:attachment":[{"href":"https:\/\/trade.colart.com\/es\/wp-json\/wp\/v2\/media?parent=37351"}],"wp:term":[{"taxonomy":"product_brand","embeddable":true,"href":"https:\/\/trade.colart.com\/es\/wp-json\/wp\/v2\/product_brand?post=37351"},{"taxonomy":"product_cat","embeddable":true,"href":"https:\/\/trade.colart.com\/es\/wp-json\/wp\/v2\/product_cat?post=37351"},{"taxonomy":"product_tag","embeddable":true,"href":"https:\/\/trade.colart.com\/es\/wp-json\/wp\/v2\/product_tag?post=37351"}],"curies":[{"name":"wp","href":"https:\/\/api.w.org\/{rel}","templated":true}]}}