{"id":37352,"date":"2026-03-13T02:03:04","date_gmt":"2026-03-13T02:03:04","guid":{"rendered":"https:\/\/trade.colart.com\/es\/product\/snazaroo-halloween-face-paint-sticks-set-of-6-argos\/"},"modified":"2026-04-02T09:46:05","modified_gmt":"2026-04-02T09:46:05","slug":"snazaroo-halloween-face-paint-sticks-set-of-6-argos","status":"publish","type":"product","link":"https:\/\/trade.colart.com\/es\/product\/snazaroo-halloween-face-paint-sticks-set-of-6-argos\/","title":{"rendered":"Snazaroo Halloween Face Paint Sticks &#8211; Set of 6  &#8211; Argos"},"content":{"rendered":"<p>Estas barritas de pintura facial son perfectas para cualquier fiesta de chicas, y tambi\u00e9n pueden usarse para pinturas r\u00e1pidas sobre la marcha. Al igual que todas las pinturas faciales Snazaroo, son f\u00e1ciles de quitar (lavar con jab\u00f3n), hipoalerg\u00e9nicas y no son t\u00f3xicas.<\/p>\n","protected":false},"excerpt":{"rendered":"<p>Estas barritas de pintura facial son perfectas para cualquier fiesta de chicas, y tambi\u00e9n pueden usarse para pinturas r\u00e1pidas sobre la marcha. Al igual que todas las pinturas faciales Snazaroo, son f\u00e1ciles de quitar (lavar con jab\u00f3n), hipoalerg\u00e9nicas y no son t\u00f3xicas. <span class=\"more_dots\">&#8230;<\/span><\/p>\n<p><a class=\"btn btn-secondary understrap-read-more-link\" href=\"https:\/\/trade.colart.com\/es\/product\/snazaroo-halloween-face-paint-sticks-set-of-6-argos\/\">Read More&#8230;<span class=\"screen-reader-text\"> from Snazaroo Halloween Face Paint Sticks &#8211; Set of 6  &#8211; Argos<\/span><\/a><\/p>\n","protected":false},"featured_media":28802,"comment_status":"closed","ping_status":"closed","template":"","meta":{"_acf_changed":false},"product_brand":[],"product_cat":[1014],"product_tag":[],"class_list":{"0":"post-37352","1":"product","2":"type-product","3":"status-publish","4":"has-post-thumbnail","6":"product_cat-snazaroo-colores-sticks","8":"first","9":"instock","10":"shipping-taxable","11":"purchasable","12":"product-type-simple"},"acf":[],"_links":{"self":[{"href":"https:\/\/trade.colart.com\/es\/wp-json\/wp\/v2\/product\/37352","targetHints":{"allow":["GET"]}}],"collection":[{"href":"https:\/\/trade.colart.com\/es\/wp-json\/wp\/v2\/product"}],"about":[{"href":"https:\/\/trade.colart.com\/es\/wp-json\/wp\/v2\/types\/product"}],"replies":[{"embeddable":true,"href":"https:\/\/trade.colart.com\/es\/wp-json\/wp\/v2\/comments?post=37352"}],"wp:featuredmedia":[{"embeddable":true,"href":"https:\/\/trade.colart.com\/es\/wp-json\/wp\/v2\/media\/28802"}],"wp:attachment":[{"href":"https:\/\/trade.colart.com\/es\/wp-json\/wp\/v2\/media?parent=37352"}],"wp:term":[{"taxonomy":"product_brand","embeddable":true,"href":"https:\/\/trade.colart.com\/es\/wp-json\/wp\/v2\/product_brand?post=37352"},{"taxonomy":"product_cat","embeddable":true,"href":"https:\/\/trade.colart.com\/es\/wp-json\/wp\/v2\/product_cat?post=37352"},{"taxonomy":"product_tag","embeddable":true,"href":"https:\/\/trade.colart.com\/es\/wp-json\/wp\/v2\/product_tag?post=37352"}],"curies":[{"name":"wp","href":"https:\/\/api.w.org\/{rel}","templated":true}]}}