{"id":37662,"date":"2026-04-20T08:42:37","date_gmt":"2026-04-20T08:42:37","guid":{"rendered":"https:\/\/trade.colart.com\/es\/product\/liquitex-marcadores-liquitex\/"},"modified":"2026-05-13T14:07:58","modified_gmt":"2026-05-13T14:07:58","slug":"liquitex-marcadores-liquitex","status":"publish","type":"product","link":"https:\/\/trade.colart.com\/es\/product\/liquitex-marcadores-liquitex\/","title":{"rendered":"Marcadores Liquitex"},"content":{"rendered":"<p>Los marcadores Liquitex est\u00e1n hechos para quienes rompen las reglas, para los que experimentan y para los so\u00f1adores._x000D_<br \/>\nPara quienes dibujan en los m\u00e1rgenes, anotan ideas en servilletas y llevan el color m\u00e1s all\u00e1 de los bordes solo para ver qu\u00e9 sucede._x000D_<br \/>\nCon 58 colores en una precisa punta de 2 mm, adem\u00e1s de 16 colores en formatos audaces de 8 mm y 15 mm, y 10 sets seleccionados, la gama ofrece rendimiento acr\u00edlico para todo, desde detalles finos hasta expresi\u00f3n a gran escala._x000D_<br \/>\nAudaz sin disculpas, estos marcadores se superponen, se mezclan y cubren con facilidad sobre todas las superficies y estilos.<\/p>\n","protected":false},"excerpt":{"rendered":"<p>Los marcadores Liquitex est\u00e1n hechos para quienes rompen las reglas, para los que experimentan y para los so\u00f1adores._x000D_ Para quienes dibujan en los m\u00e1rgenes, anotan ideas en servilletas y llevan el color m\u00e1s all\u00e1 de los bordes solo para ver qu\u00e9 sucede._x000D_ Con 58 colores en una precisa punta de 2 mm, adem\u00e1s de 16 <span class=\"more_dots\">&#8230;<\/span><\/p>\n<p><a class=\"btn btn-secondary understrap-read-more-link\" href=\"https:\/\/trade.colart.com\/es\/product\/liquitex-marcadores-liquitex\/\">Read More&#8230;<span class=\"screen-reader-text\"> from Marcadores Liquitex<\/span><\/a><\/p>\n","protected":false},"featured_media":0,"comment_status":"open","ping_status":"closed","template":"","meta":{"_acf_changed":false},"product_brand":[],"product_cat":[3770],"product_tag":[],"class_list":{"0":"post-37662","1":"product","2":"type-product","3":"status-publish","5":"product_cat-liquitex-producto-markers","7":"first","8":"instock","9":"shipping-taxable","10":"purchasable","11":"product-type-variable"},"acf":[],"_links":{"self":[{"href":"https:\/\/trade.colart.com\/es\/wp-json\/wp\/v2\/product\/37662","targetHints":{"allow":["GET"]}}],"collection":[{"href":"https:\/\/trade.colart.com\/es\/wp-json\/wp\/v2\/product"}],"about":[{"href":"https:\/\/trade.colart.com\/es\/wp-json\/wp\/v2\/types\/product"}],"replies":[{"embeddable":true,"href":"https:\/\/trade.colart.com\/es\/wp-json\/wp\/v2\/comments?post=37662"}],"wp:attachment":[{"href":"https:\/\/trade.colart.com\/es\/wp-json\/wp\/v2\/media?parent=37662"}],"wp:term":[{"taxonomy":"product_brand","embeddable":true,"href":"https:\/\/trade.colart.com\/es\/wp-json\/wp\/v2\/product_brand?post=37662"},{"taxonomy":"product_cat","embeddable":true,"href":"https:\/\/trade.colart.com\/es\/wp-json\/wp\/v2\/product_cat?post=37662"},{"taxonomy":"product_tag","embeddable":true,"href":"https:\/\/trade.colart.com\/es\/wp-json\/wp\/v2\/product_tag?post=37662"}],"curies":[{"name":"wp","href":"https:\/\/api.w.org\/{rel}","templated":true}]}}