{"id":713,"date":"2026-03-12T19:55:19","date_gmt":"2026-03-12T19:55:19","guid":{"rendered":"https:\/\/trade.colart.com\/es\/product\/snazaroo-maquillaje-cl%c3%a1sico-rosa-brillante-18ml-row\/"},"modified":"2026-04-02T09:46:00","modified_gmt":"2026-04-02T09:46:00","slug":"snazaroo-snazaroo-pack-de-rotuladores-de-maquillaje-aventura","status":"publish","type":"product","link":"https:\/\/trade.colart.com\/es\/product\/snazaroo-snazaroo-pack-de-rotuladores-de-maquillaje-aventura\/","title":{"rendered":"Snazaroo Snazaroo Pack de Rotuladores de Maquillaje Aventura"},"content":{"rendered":"<p>Atr\u00e9vete a usar con confianza el Pack de Rotuladores de Maquillaje Aventura que incluye tonos rojo, oro y azul, y pinta de todo, desde piratas hasta superh\u00e9roes. Los Rotuladores de Maquillaje de Snazaroo hacen que pintar caras sea f\u00e1cil y r\u00e1pido, sin necesidad de usar pinceles separados ni agua, para poder pintar de manera ordenada y limpia sobre la marcha. Ideales para zonas grandes o para detalles, los 12 colores son aptos para pieles sensibles y f\u00e1ciles de limpiar.<\/p>\n","protected":false},"excerpt":{"rendered":"<p>Atr\u00e9vete a usar con confianza el Pack de Rotuladores de Maquillaje Aventura que incluye tonos rojo, oro y azul, y pinta de todo, desde piratas hasta superh\u00e9roes. Los Rotuladores de Maquillaje de Snazaroo hacen que pintar caras sea f\u00e1cil y r\u00e1pido, sin necesidad de usar pinceles separados ni agua, para poder pintar de manera ordenada y limpia sobre la marcha. Ideales para zonas grandes o para detalles, los 12 colores son aptos para pieles sensibles y f\u00e1ciles de limpiar. <span class=\"more_dots\">&#8230;<\/span><\/p>\n<p><a class=\"btn btn-secondary understrap-read-more-link\" href=\"https:\/\/trade.colart.com\/es\/product\/snazaroo-snazaroo-pack-de-rotuladores-de-maquillaje-aventura\/\">Read More&#8230;<span class=\"screen-reader-text\"> from Snazaroo Snazaroo Pack de Rotuladores de Maquillaje Aventura<\/span><\/a><\/p>\n","protected":false},"featured_media":27145,"comment_status":"closed","ping_status":"closed","template":"","meta":{"_acf_changed":false},"product_brand":[],"product_cat":[258],"product_tag":[],"class_list":{"0":"post-713","1":"product","2":"type-product","3":"status-publish","4":"has-post-thumbnail","6":"product_cat-snazaroo-colores-rotuladores-maquillaje","8":"first","9":"instock","10":"shipping-taxable","11":"purchasable","12":"product-type-simple"},"acf":[],"_links":{"self":[{"href":"https:\/\/trade.colart.com\/es\/wp-json\/wp\/v2\/product\/713","targetHints":{"allow":["GET"]}}],"collection":[{"href":"https:\/\/trade.colart.com\/es\/wp-json\/wp\/v2\/product"}],"about":[{"href":"https:\/\/trade.colart.com\/es\/wp-json\/wp\/v2\/types\/product"}],"replies":[{"embeddable":true,"href":"https:\/\/trade.colart.com\/es\/wp-json\/wp\/v2\/comments?post=713"}],"wp:featuredmedia":[{"embeddable":true,"href":"https:\/\/trade.colart.com\/es\/wp-json\/wp\/v2\/media\/27145"}],"wp:attachment":[{"href":"https:\/\/trade.colart.com\/es\/wp-json\/wp\/v2\/media?parent=713"}],"wp:term":[{"taxonomy":"product_brand","embeddable":true,"href":"https:\/\/trade.colart.com\/es\/wp-json\/wp\/v2\/product_brand?post=713"},{"taxonomy":"product_cat","embeddable":true,"href":"https:\/\/trade.colart.com\/es\/wp-json\/wp\/v2\/product_cat?post=713"},{"taxonomy":"product_tag","embeddable":true,"href":"https:\/\/trade.colart.com\/es\/wp-json\/wp\/v2\/product_tag?post=713"}],"curies":[{"name":"wp","href":"https:\/\/api.w.org\/{rel}","templated":true}]}}