{"id":714,"date":"2026-03-12T19:55:11","date_gmt":"2026-03-12T19:55:11","guid":{"rendered":"https:\/\/trade.colart.com\/es\/product\/snazaroo-maquillaje-cl%c3%a1sico-rosa-brillante-30ml-universal\/"},"modified":"2026-04-02T09:46:03","modified_gmt":"2026-04-02T09:46:03","slug":"snazaroo-snazaroo-pack-de-rotuladores-de-maquillaje-fantasia","status":"publish","type":"product","link":"https:\/\/trade.colart.com\/es\/product\/snazaroo-snazaroo-pack-de-rotuladores-de-maquillaje-fantasia\/","title":{"rendered":"Snazaroo Snazaroo Pack de Rotuladores de Maquillaje Fantasia"},"content":{"rendered":"<p>Convoca a las hadas, las princesas y las mariposas con los colores morado, rosa y plata del Pack de Rotuladores de Maquillaje Fantas\u00eda. \u00a1Nunca fue m\u00e1s f\u00e1cil poner el toque m\u00e1gico en todas las caras! Los Rotuladores de Maquillaje de Snazaroo hacen que pintar caras sea f\u00e1cil y r\u00e1pido, sin necesidad de usar pinceles separados ni agua, para poder pintar de manera ordenada y limpia sobre la marcha.Ideales para zonas grandes o para detalles, los 12 colores son aptos para pieles sensibles y f\u00e1ciles de limpiar.<\/p>\n","protected":false},"excerpt":{"rendered":"<p>Convoca a las hadas, las princesas y las mariposas con los colores morado, rosa y plata del Pack de Rotuladores de Maquillaje Fantas\u00eda. \u00a1Nunca fue m\u00e1s f\u00e1cil poner el toque m\u00e1gico en todas las caras! Los Rotuladores de Maquillaje de Snazaroo hacen que pintar caras sea f\u00e1cil y r\u00e1pido, sin necesidad de usar pinceles separados ni agua, para poder pintar de manera ordenada y limpia sobre la marcha.Ideales para zonas grandes o para detalles, los 12 colores son aptos para pieles sensibles y f\u00e1ciles de limpiar. <span class=\"more_dots\">&#8230;<\/span><\/p>\n<p><a class=\"btn btn-secondary understrap-read-more-link\" href=\"https:\/\/trade.colart.com\/es\/product\/snazaroo-snazaroo-pack-de-rotuladores-de-maquillaje-fantasia\/\">Read More&#8230;<span class=\"screen-reader-text\"> from Snazaroo Snazaroo Pack de Rotuladores de Maquillaje Fantasia<\/span><\/a><\/p>\n","protected":false},"featured_media":27150,"comment_status":"closed","ping_status":"closed","template":"","meta":{"_acf_changed":false},"product_brand":[],"product_cat":[258],"product_tag":[],"class_list":{"0":"post-714","1":"product","2":"type-product","3":"status-publish","4":"has-post-thumbnail","6":"product_cat-snazaroo-colores-rotuladores-maquillaje","8":"first","9":"instock","10":"shipping-taxable","11":"purchasable","12":"product-type-simple"},"acf":[],"_links":{"self":[{"href":"https:\/\/trade.colart.com\/es\/wp-json\/wp\/v2\/product\/714","targetHints":{"allow":["GET"]}}],"collection":[{"href":"https:\/\/trade.colart.com\/es\/wp-json\/wp\/v2\/product"}],"about":[{"href":"https:\/\/trade.colart.com\/es\/wp-json\/wp\/v2\/types\/product"}],"replies":[{"embeddable":true,"href":"https:\/\/trade.colart.com\/es\/wp-json\/wp\/v2\/comments?post=714"}],"wp:featuredmedia":[{"embeddable":true,"href":"https:\/\/trade.colart.com\/es\/wp-json\/wp\/v2\/media\/27150"}],"wp:attachment":[{"href":"https:\/\/trade.colart.com\/es\/wp-json\/wp\/v2\/media?parent=714"}],"wp:term":[{"taxonomy":"product_brand","embeddable":true,"href":"https:\/\/trade.colart.com\/es\/wp-json\/wp\/v2\/product_brand?post=714"},{"taxonomy":"product_cat","embeddable":true,"href":"https:\/\/trade.colart.com\/es\/wp-json\/wp\/v2\/product_cat?post=714"},{"taxonomy":"product_tag","embeddable":true,"href":"https:\/\/trade.colart.com\/es\/wp-json\/wp\/v2\/product_tag?post=714"}],"curies":[{"name":"wp","href":"https:\/\/api.w.org\/{rel}","templated":true}]}}