{"id":716,"date":"2026-03-12T19:56:20","date_gmt":"2026-03-12T19:56:20","guid":{"rendered":"https:\/\/trade.colart.com\/es\/product\/snazaroo-maquillaje-cl%c3%a1sico-rojo-brillante-18ml-row\/"},"modified":"2026-04-02T09:46:10","modified_gmt":"2026-04-02T09:46:10","slug":"snazaroo-pack-de-rotuladores-de-maquillaje-monocromo","status":"publish","type":"product","link":"https:\/\/trade.colart.com\/es\/product\/snazaroo-pack-de-rotuladores-de-maquillaje-monocromo\/","title":{"rendered":"Snazaroo Pack de Rotuladores de Maquillaje Monocromo"},"content":{"rendered":"<p>El Pack de Rotuladores de Maquillaje Monocromo de Snazaroo incluye dos rotuladores negros y uno blanco, los colores de pintura facial m\u00e1s populares y vers\u00e1tiles de toda la gama Snazaroo.Los Rotuladores de Maquillaje de Snazaroo hacen que pintar caras sea f\u00e1cil y r\u00e1pido, sin necesidad de usar pinceles separados ni agua, para poder pintar de manera ordenada y limpia sobre la marcha.<\/p>\n","protected":false},"excerpt":{"rendered":"<p>El Pack de Rotuladores de Maquillaje Monocromo de Snazaroo incluye dos rotuladores negros y uno blanco, los colores de pintura facial m\u00e1s populares y vers\u00e1tiles de toda la gama Snazaroo.Los Rotuladores de Maquillaje de Snazaroo hacen que pintar caras sea f\u00e1cil y r\u00e1pido, sin necesidad de usar pinceles separados ni agua, para poder pintar de manera ordenada y limpia sobre la marcha. <span class=\"more_dots\">&#8230;<\/span><\/p>\n<p><a class=\"btn btn-secondary understrap-read-more-link\" href=\"https:\/\/trade.colart.com\/es\/product\/snazaroo-pack-de-rotuladores-de-maquillaje-monocromo\/\">Read More&#8230;<span class=\"screen-reader-text\"> from Snazaroo Pack de Rotuladores de Maquillaje Monocromo<\/span><\/a><\/p>\n","protected":false},"featured_media":27154,"comment_status":"closed","ping_status":"closed","template":"","meta":{"_acf_changed":false},"product_brand":[],"product_cat":[258],"product_tag":[],"class_list":{"0":"post-716","1":"product","2":"type-product","3":"status-publish","4":"has-post-thumbnail","6":"product_cat-snazaroo-colores-rotuladores-maquillaje","8":"first","9":"instock","10":"shipping-taxable","11":"purchasable","12":"product-type-simple"},"acf":[],"_links":{"self":[{"href":"https:\/\/trade.colart.com\/es\/wp-json\/wp\/v2\/product\/716","targetHints":{"allow":["GET"]}}],"collection":[{"href":"https:\/\/trade.colart.com\/es\/wp-json\/wp\/v2\/product"}],"about":[{"href":"https:\/\/trade.colart.com\/es\/wp-json\/wp\/v2\/types\/product"}],"replies":[{"embeddable":true,"href":"https:\/\/trade.colart.com\/es\/wp-json\/wp\/v2\/comments?post=716"}],"wp:featuredmedia":[{"embeddable":true,"href":"https:\/\/trade.colart.com\/es\/wp-json\/wp\/v2\/media\/27154"}],"wp:attachment":[{"href":"https:\/\/trade.colart.com\/es\/wp-json\/wp\/v2\/media?parent=716"}],"wp:term":[{"taxonomy":"product_brand","embeddable":true,"href":"https:\/\/trade.colart.com\/es\/wp-json\/wp\/v2\/product_brand?post=716"},{"taxonomy":"product_cat","embeddable":true,"href":"https:\/\/trade.colart.com\/es\/wp-json\/wp\/v2\/product_cat?post=716"},{"taxonomy":"product_tag","embeddable":true,"href":"https:\/\/trade.colart.com\/es\/wp-json\/wp\/v2\/product_tag?post=716"}],"curies":[{"name":"wp","href":"https:\/\/api.w.org\/{rel}","templated":true}]}}