{"id":120,"date":"2021-03-26T16:22:48","date_gmt":"2021-03-26T16:22:48","guid":{"rendered":"https:\/\/trade.colart.com\/fr\/?page_id=120"},"modified":"2026-02-23T09:28:57","modified_gmt":"2026-02-23T09:28:57","slug":"conditions","status":"publish","type":"page","link":"https:\/\/trade.colart.com\/fr\/conditions\/","title":{"rendered":"Conditions g\u00e9n\u00e9rales de vente"},"content":{"rendered":"<h1 style=\"margin-bottom: 2rem;font-family: PoppinsBld, 'Microsoft Yahei', sans-serif;line-height: 1.1;font-size: 3.6rem;text-transform: uppercase;text-align: center\">Conditions G\u00e9n\u00e9rales de Vente 2026<\/h1>\n<h3 style=\"font-family: PoppinsBld, 'Microsoft Yahei', sans-serif;font-size: 2.8rem;text-transform: uppercase;text-align: center\">Colart France SAS \u2013 Applicables \u00e0 compter du 01\/01\/2026<\/h3>\n<p style=\"line-height: 1.8;font-family: Arial, 'Microsoft Yahei', sans-serif;text-align: justify\">Les pr\u00e9sentes Conditions G\u00e9n\u00e9rales de Vente entrent en vigueur le 1er janvier 2026 (version 1) et s&#8217;appliquent aux Conditions commerciales (le cas \u00e9ch\u00e9ant) et \u00e0 toutes les Commandes de Produits pass\u00e9es par le Client au Fournisseur. En passant une Commande, le Client accepte de se conformer aux pr\u00e9sentes Conditions g\u00e9n\u00e9rales de Vente.<br \/>\nLes pr\u00e9sentes Conditions G\u00e9n\u00e9rales de Vente s&#8217;appliquent \u00e0 toutes les soci\u00e9t\u00e9s relevant du &#8220;Groupe Colart &#8220;, qui sont d\u00e9sign\u00e9es uniform\u00e9ment au sein des pr\u00e9sentes comme le &#8220;Fournisseur&#8221;.<\/p>\n<p><a href=\"https:\/\/trade.colart.com\/fr\/wp-content\/uploads\/sites\/6\/2026\/02\/Conditions-Generales-de-Vente-2026-FR-diff.pdf\" target=\"_blank\" rel=\"noopener\">&gt; D\u00e9couvrir les Conditions G\u00e9n\u00e9rales de Vente 2026 COLART &lt;<\/a><\/p>\n","protected":false},"excerpt":{"rendered":"<p>Conditions G\u00e9n\u00e9rales de Vente 2026 Colart France SAS \u2013 Applicables \u00e0 compter du 01\/01\/2026 Les pr\u00e9sentes Conditions G\u00e9n\u00e9rales de Vente entrent en vigueur le 1er janvier 2026 (version 1) et s&#8217;appliquent aux Conditions commerciales (le cas \u00e9ch\u00e9ant) et \u00e0 toutes les Commandes de Produits pass\u00e9es par le Client au Fournisseur. En passant une Commande, le <span class=\"more_dots\">&#8230;<\/span><\/p>\n<p><a class=\"btn btn-secondary understrap-read-more-link\" href=\"https:\/\/trade.colart.com\/fr\/conditions\/\">Read More&#8230;<span class=\"screen-reader-text\"> from Conditions g\u00e9n\u00e9rales de vente<\/span><\/a><\/p>\n","protected":false},"author":6,"featured_media":0,"parent":0,"menu_order":0,"comment_status":"closed","ping_status":"closed","template":"","meta":{"_acf_changed":false,"footnotes":""},"colart_campaign":[],"class_list":["post-120","page","type-page","status-publish","hentry"],"acf":[],"_links":{"self":[{"href":"https:\/\/trade.colart.com\/fr\/wp-json\/wp\/v2\/pages\/120","targetHints":{"allow":["GET"]}}],"collection":[{"href":"https:\/\/trade.colart.com\/fr\/wp-json\/wp\/v2\/pages"}],"about":[{"href":"https:\/\/trade.colart.com\/fr\/wp-json\/wp\/v2\/types\/page"}],"author":[{"embeddable":true,"href":"https:\/\/trade.colart.com\/fr\/wp-json\/wp\/v2\/users\/6"}],"replies":[{"embeddable":true,"href":"https:\/\/trade.colart.com\/fr\/wp-json\/wp\/v2\/comments?post=120"}],"version-history":[{"count":8,"href":"https:\/\/trade.colart.com\/fr\/wp-json\/wp\/v2\/pages\/120\/revisions"}],"predecessor-version":[{"id":67854,"href":"https:\/\/trade.colart.com\/fr\/wp-json\/wp\/v2\/pages\/120\/revisions\/67854"}],"wp:attachment":[{"href":"https:\/\/trade.colart.com\/fr\/wp-json\/wp\/v2\/media?parent=120"}],"wp:term":[{"taxonomy":"colart_campaign","embeddable":true,"href":"https:\/\/trade.colart.com\/fr\/wp-json\/wp\/v2\/colart_campaign?post=120"}],"curies":[{"name":"wp","href":"https:\/\/api.w.org\/{rel}","templated":true}]}}