{"id":5,"date":"2021-03-26T10:38:37","date_gmt":"2021-03-26T10:38:37","guid":{"rendered":"https:\/\/trade.colart.com\/fr\/cart\/"},"modified":"2023-11-22T14:08:21","modified_gmt":"2023-11-22T14:08:21","slug":"panier","status":"publish","type":"page","link":"https:\/\/trade.colart.com\/fr\/panier\/","title":{"rendered":"Panier"},"content":{"rendered":"<p class=\"alert alert-info\">Merci de votre int\u00e9r\u00eat pour les produits Edding, malheureusement nous ne sommes pas autoris\u00e9s \u00e0 vendre les produits Edding sur le march\u00e9 belge<\/p>\r\n\n","protected":false},"excerpt":{"rendered":"<p>Merci de votre int\u00e9r\u00eat pour les produits Edding, malheureusement nous ne sommes pas autoris\u00e9s \u00e0 vendre les produits Edding sur le march\u00e9 belge <span class=\"more_dots\">&#8230;<\/span><\/p>\n<p><a class=\"btn btn-secondary understrap-read-more-link\" href=\"https:\/\/trade.colart.com\/fr\/panier\/\">Read More&#8230;<span class=\"screen-reader-text\"> from Panier<\/span><\/a><\/p>\n","protected":false},"author":1,"featured_media":0,"parent":0,"menu_order":0,"comment_status":"closed","ping_status":"closed","template":"","meta":{"_acf_changed":false,"footnotes":""},"colart_campaign":[],"class_list":["post-5","page","type-page","status-publish","hentry"],"acf":[],"_links":{"self":[{"href":"https:\/\/trade.colart.com\/fr\/wp-json\/wp\/v2\/pages\/5","targetHints":{"allow":["GET"]}}],"collection":[{"href":"https:\/\/trade.colart.com\/fr\/wp-json\/wp\/v2\/pages"}],"about":[{"href":"https:\/\/trade.colart.com\/fr\/wp-json\/wp\/v2\/types\/page"}],"author":[{"embeddable":true,"href":"https:\/\/trade.colart.com\/fr\/wp-json\/wp\/v2\/users\/1"}],"replies":[{"embeddable":true,"href":"https:\/\/trade.colart.com\/fr\/wp-json\/wp\/v2\/comments?post=5"}],"version-history":[{"count":6,"href":"https:\/\/trade.colart.com\/fr\/wp-json\/wp\/v2\/pages\/5\/revisions"}],"predecessor-version":[{"id":65540,"href":"https:\/\/trade.colart.com\/fr\/wp-json\/wp\/v2\/pages\/5\/revisions\/65540"}],"wp:attachment":[{"href":"https:\/\/trade.colart.com\/fr\/wp-json\/wp\/v2\/media?parent=5"}],"wp:term":[{"taxonomy":"colart_campaign","embeddable":true,"href":"https:\/\/trade.colart.com\/fr\/wp-json\/wp\/v2\/colart_campaign?post=5"}],"curies":[{"name":"wp","href":"https:\/\/api.w.org\/{rel}","templated":true}]}}