{"id":65873,"date":"2024-08-16T15:13:45","date_gmt":"2024-08-16T15:13:45","guid":{"rendered":"https:\/\/trade.colart.com\/fr\/?page_id=65873"},"modified":"2024-10-09T11:07:40","modified_gmt":"2024-10-09T11:07:40","slug":"vente-en-destockage","status":"publish","type":"page","link":"https:\/\/trade.colart.com\/fr\/vente-en-destockage\/","title":{"rendered":"Vente en d\u00e9stockage"},"content":{"rendered":"<div id=\"pl-65873\"  class=\"panel-layout\" ><div id=\"pg-65873-0\"  class=\"panel-grid panel-no-style\" ><div id=\"pgc-65873-0-0\"  class=\"panel-grid-cell\" ><div id=\"panel-65873-0-0-0\" class=\"so-panel widget widget_colart_headline_widget colart_headline_widget panel-first-child\" data-index=\"0\" >\n<div class=\"headline_with_description\">\n\n    <div class=\"row\">\n        <div class=\"col-12\">\n            <h3 class=\"description text-uppercase \" style=\"\">Vente en d\u00e9stockage<\/h3>\n            <div style=\"\">Toutes les r&eacute;f&eacute;rences indiqu&eacute;es ci-dessous sont disponibles jusqu'&agrave; &eacute;puisement des stocks.<br\/>\n\nVous pouvez vous rapprocher de votre contact commercial pour plus d'informations sur les gammes arr&ecirc;t&eacute;es ou remplac&eacute;es.<\/div>\n        <\/div>\n    <\/div>\n<\/div>\n\n\n\n\n\n<\/div><script>if (typeof widgets === 'undefined') var widgets = [];  widgets.push({'colart-headline-widget-with-description-multiline':0.0001});<\/script><div id=\"panel-65873-0-0-1\" class=\"widget_text so-panel widget widget_custom_html panel-last-child\" data-index=\"1\" ><div class=\"textwidget custom-html-widget\">\t\t\t\t\t<script>\n\t\t\tjQuery('document').ready(function($) {\n\t\t\t\tlet selector = '#free_text';\n\n\t\t\t\tif ($('a[href=\"' + selector + '\"]').length > 0) {\n\t\t\t\t\t$('a[href=\"' + selector + '\"]').trigger('click');\n\t\t\t\t}\n\t\t\t\tsetTimeout(() => {\n\n\n\t\t\t\t\tif (selector == '#free_text') {\n\t\t\t\t\t\tlet simple_search = 'status:50';\n\t\t\t\t\t\t$('[data-attribute_name=\"ATR_PRODUCT_NAME\"]').val(simple_search).change();\n\t\t\t\t\t\t$('.free-text-search-faster').removeClass('disabled').trigger('click');\n\t\t\t\t\t} else if (selector == '#advanced_search') {\n\t\t\t\t\t\tlet trigger_load = false;\n\t\t\t\t\t\tconsole.log('inside condition');\n\t\t\t\t\t\tlet brand_name = '';\n\t\t\t\t\t\tlet range_name = '';\n\t\t\t\t\t\tlet product_name = '';\n\t\t\t\t\t\tlet metric_size = '';\n\t\t\t\t\t\tlet colour_group = '';\n\t\t\t\t\t\tlet colour_code = '';\n\t\t\t\t\t\tlet collection = '';\n\n\t\t\t\t\t\tif (brand_name != '') {\n\t\t\t\t\t\t\t$(\"#brand\").select2(\"trigger\", \"select\", {\n\t\t\t\t\t\t\t\tdata: {\n\t\t\t\t\t\t\t\t\tid: brand_name,\n\t\t\t\t\t\t\t\t\ttext: brand_name\n\t\t\t\t\t\t\t\t}\n\t\t\t\t\t\t\t});\n\t\t\t\t\t\t\ttrigger_load = true;\n\t\t\t\t\t\t}\n\n\t\t\t\t\t\tif (range_name != '') {\n\t\t\t\t\t\t\t$(\"#range\").select2(\"trigger\", \"select\", {\n\t\t\t\t\t\t\t\tdata: {\n\t\t\t\t\t\t\t\t\tid: range_name,\n\t\t\t\t\t\t\t\t\ttext: range_name\n\t\t\t\t\t\t\t\t}\n\t\t\t\t\t\t\t});\n\t\t\t\t\t\t\ttrigger_load = true;\n\t\t\t\t\t\t}\n\n\t\t\t\t\t\tif (product_name != '') {\n\t\t\t\t\t\t\t$(\"#name\").select2(\"trigger\", \"select\", {\n\t\t\t\t\t\t\t\tdata: {\n\t\t\t\t\t\t\t\t\tid: product_name,\n\t\t\t\t\t\t\t\t\ttext: product_name\n\t\t\t\t\t\t\t\t}\n\t\t\t\t\t\t\t});\n\t\t\t\t\t\t\ttrigger_load = true;\n\t\t\t\t\t\t}\n\n\t\t\t\t\t\tif (metric_size != '') {\n\t\t\t\t\t\t\t$(\"#metric_size\").select2(\"trigger\", \"select\", {\n\t\t\t\t\t\t\t\tdata: {\n\t\t\t\t\t\t\t\t\tid: metric_size,\n\t\t\t\t\t\t\t\t\ttext: metric_size\n\t\t\t\t\t\t\t\t}\n\t\t\t\t\t\t\t});\n\t\t\t\t\t\t\ttrigger_load = true;\n\t\t\t\t\t\t}\n\n\t\t\t\t\t\tif (colour_group != '') {\n\t\t\t\t\t\t\t$(\"#colour_group\").select2(\"trigger\", \"select\", {\n\t\t\t\t\t\t\t\tdata: {\n\t\t\t\t\t\t\t\t\tid: colour_group,\n\t\t\t\t\t\t\t\t\ttext: colour_group\n\t\t\t\t\t\t\t\t}\n\t\t\t\t\t\t\t});\n\t\t\t\t\t\t\ttrigger_load = true;\n\t\t\t\t\t\t}\n\n\t\t\t\t\t\tif (colour_code != '' && brand_name != '') {\n\t\t\t\t\t\t\tlet brand_colour_codes = {\n\t\t\t\t\t\t\t\t'Liquitex': 'ATR_LIQUITEX_COLOUR_CODE',\n\t\t\t\t\t\t\t\t'Winsor & Newton': 'ATR_WN_COLOUR_CODE',\n\t\t\t\t\t\t\t};\n\t\t\t\t\t\t\tjQuery('.advanced-search-field-row.colour-code').\n\t\t\t\t\t\t\thide().\n\t\t\t\t\t\t\taddClass('dont-show');\n\t\t\t\t\t\t\tjQuery('[data-attribute_name=\"' + brand_colour_codes[brand_name] + '\"]').\n\t\t\t\t\t\t\tclosest('.row').\n\t\t\t\t\t\t\tremoveClass('dont-show');\n\n\t\t\t\t\t\t\tjQuery('.advanced-search-field-row').not('.dont-show').show();\n\t\t\t\t\t\t\tjQuery('.dont-show').removeClass('dont-show');\n\t\t\t\t\t\t\tconsole.log('aa ', jQuery('[data-attribute_name=\"' + brand_colour_codes[brand_name] + '\"]').next());\n\t\t\t\t\t\t\tjQuery('[data-attribute_name=\"' + brand_colour_codes[brand_name] + '\"]').select2(\"trigger\", \"select\", {\n\t\t\t\t\t\t\t\tdata: {\n\t\t\t\t\t\t\t\t\tid: colour_code,\n\t\t\t\t\t\t\t\t\ttext: colour_code\n\t\t\t\t\t\t\t\t}\n\t\t\t\t\t\t\t});\n\t\t\t\t\t\t\ttrigger_load = true;\n\t\t\t\t\t\t}\n\n\t\t\t\t\t\tif (collection != '') {\n\t\t\t\t\t\t\t$(\"#ATR_FR_B2B_SALE_CATEGORIES\").select2(\"trigger\", \"select\", {\n\t\t\t\t\t\t\t\tdata: {\n\t\t\t\t\t\t\t\t\tid: collection,\n\t\t\t\t\t\t\t\t\ttext: collection\n\t\t\t\t\t\t\t\t}\n\t\t\t\t\t\t\t});\n\t\t\t\t\t\t\ttrigger_load = true;\n\t\t\t\t\t\t}\n\t\t\t\t\t\tif (trigger_load) {\n\t\t\t\t\t\t\t$('.advanced-search-search-faster').trigger('click');\n\t\t\t\t\t\t}\n\n\t\t\t\t\t}\n\n\t\t\t\t}, 1000);\n\t\t\t});\n\t\t<\/script>\n\n\n\t\t<style>\n\t\t.headline_wrapper {\n\t\t\tdisplay: none;\n\t\t}\n\n\t\t\t<\/style>\n\n\n\n\n\n\t<div id=\"quick_shop_2\" class=\"\" data-current_page=\"1\" data-total_pages=\"1\" data-locale=\"fr_FR\" data-determine-locale=\"fr_FR\">\n\n\t\t<div class=\"mt-3 quick-shop-top d-none\">\n\t\t\t<h2 class=\"\">Commande Rapide<\/h2>\n\t\t\t<!-- <button type=\"button\" class=\"quick-shop-close col-6 col-lg-6 btn\" data-dismiss=\"modal\" aria-label=\"Close\">Close<i class=\"fa-light fa-xmark\"><\/i><\/button> -->\n\t\t<\/div>\n\t\t<div id=\"search_by\" class=\"mt-5 d-none\">\n\t\t\t<ul class=\"nav nav-pills mb-3 mb-md-0 text-center text-md-left\">\n\t\t\t\t<!-- \t\t\t\t<li class=\"nav-item\"><a class=\"nav-link active\" href=\"#about\" data-toggle=\"tab\">\u00c0 propos<\/a><\/li>\n\t\t\t\t -->\n\n\t\t\t\t<li class=\"nav-item\"><a class=\"btn btn-xl btn-outline-secondary\" href=\"#free_text\" data-toggle=\"tab\">Recherche rapide<\/a><\/li>\n\n\t\t\t\t<li class=\"nav-item\"><a class=\"btn btn-xl btn-outline-secondary\" href=\"#advanced_search\" data-toggle=\"tab\">Recherche avanc\u00e9e<\/a><\/li>\n\n\t\t\t\t\t\t\t\t\t<li class=\"nav-item\"><a class=\"btn btn-xl btn-outline-secondary\" href=\"#scan_barcode\" data-toggle=\"tab\">Scanner le barcode<\/a>\n\t\t\t\t\t<\/li>\n\n\t\t\t\t\t<li class=\"nav-item\"><a class=\"btn btn-xl btn-outline-secondary\" href=\"#upload_excel\" data-toggle=\"tab\">Int\u00e9grer un fichier excel<\/a>\n\t\t\t\t\t<\/li>\n\t\t\t\t\n\t\t\t<\/ul>\n\n\t\t\t<div class=\"tab-content clearfix pt-3 pt-md-5 mb-lg-4\">\n\t\t\t\t<!-- \t\t\t\t<div class=\"tab-pane active\" id=\"about\">\n\n\t\t\t\t\t<div class=\"row\">\n\t\t\t\t\t\t<div class=\"col-md pb-3\">\n\t\t\t\t\t\t\tBienvenue \u00e0 la Commande Rapide, nous avons 4 moyens pour vous aidez a cr\u00e9er un ordre, cliquez sur les onglets pour en savoir plus.\t\t\t\t\t\t<\/div>\n\t\t\t\t\t<\/div>\n\n\t\t\t\t<\/div>\n\t\t\t\t -->\n\n\t\t\t\t<div class=\"tab-pane\" id=\"free_text\">\n\t\t\t\t\t<div class=\"d-flex search-wrap\">\n\t\t\t\t\t\t<input type=\"text\" class=\"form-control\" data-attribute_name=\"ATR_PRODUCT_NAME\" value=\"\" placeholder=\"Enter Product Code, Product Name or Barcode\" \/>\n\t\t\t\t\t\t<!-- <p class=\"mt-2\">Les correspondances partielles sont prises en charge.<\/p> -->\n\n\t\t\t\t\t\t<!-- \/\/SPEED IMPROVEMENTS TOUCH POINT -->\n\t\t\t\t\t\t<!-- echo '<span class=\"btn btn-black btn-lg free-text-search-faster search_2023 disabled\">'. __('Search', 'colart').'<\/span>'; -->\n\t\t\t\t\t\t<span class=\"btn btn-black btn-lg free-text-search-faster search_2023 disabled\">Rechercher<\/span>\n\n\t\t\t\t\t\t<!-- <span class=\"btn btn-primary free-text-search\" style=\"display:none;\">Rechercher<\/span> -->\n\n\t\t\t\t\t<\/div>\n\t\t\t\t\t<p class=\"messages\"><\/p>\n\t\t\t\t<\/div>\n\n\t\t\t\t<div class=\"tab-pane\" id=\"advanced_search\">\n\t\t\t\t\t<div class=\"search-wrap\">\n\t\t\t\t\t\t<div class=\"row mb-4 advanced-search-field-row col-3 mr-4\" style=\"\">\t<div class=\"\">\t\t<select placeholder=\"Marque\"  data-placeholder= \"Marque\" class=\"form-control form-control-sm powerd-by-ajax-and-select2\" data-attribute_name=\"ATR_BRAND_NAME\" id=\"brand\">\t\t<option value=\"\"><\/option>\t\t<\/select>\t<\/div><\/div><div class=\"row mb-4 advanced-search-field-row col-9\" style=\"\">\t<div class=\"\">\t\t<select placeholder=\"Gamme\"  data-placeholder= \"Gamme\" class=\"form-control form-control-sm powerd-by-ajax-and-select2\" data-attribute_name=\"ATR_ECOMMERCE_RANGE_NAME\" id=\"range\">\t\t<option value=\"\"><\/option>\t\t<\/select>\t<\/div><\/div><div class=\"row mb-4 advanced-search-field-row col-12\" style=\"\">\t<div class=\"\">\t\t<select placeholder=\"Nom du produit\"  data-placeholder= \"Nom du produit\" class=\"form-control form-control-sm powerd-by-ajax-and-select2\" data-attribute_name=\"ATR_PRODUCT_NAME\" id=\"name\">\t\t<option value=\"\"><\/option>\t\t<\/select>\t<\/div><\/div><div class=\"row mb-4 advanced-search-field-row col-3 mr-4\" style=\"\">\t<div class=\"\">\t\t<select placeholder=\"Taille\"  data-placeholder= \"Taille\" class=\"form-control form-control-sm powerd-by-ajax-and-select2\" data-attribute_name=\"ATR_CUSTOMER_FACING_SIZE_METRIC\" id=\"metric_size\">\t\t<option value=\"\"><\/option>\t\t<\/select>\t<\/div><\/div><div class=\"row mb-4 advanced-search-field-row colour-group col-6 mr-4\" style=\"\">\t<div class=\"\">\t\t<select placeholder=\"Groupe Couleur\"  data-placeholder= \"Groupe Couleur\" class=\"form-control form-control-sm powerd-by-ajax-and-select2\" data-attribute_name=\"ATR_COLOUR_GROUPING\" id=\"colour_group\">\t\t<option value=\"\"><\/option>\t\t<\/select>\t<\/div><\/div><div class=\"row mb-4 advanced-search-field-row colour-code col-3 disabled\" style=\"\">\t<div class=\"\">\t\t<select placeholder=\"Code Couleur\"  data-placeholder= \"Code Couleur\" class=\"form-control form-control-sm powerd-by-ajax-and-select2\" data-attribute_name=\"\" id=\"colour_code\">\t\t<option value=\"\"><\/option>\t\t<\/select>\t<\/div><\/div><div class=\"row mb-4 advanced-search-field-row colour-code col-3\" style=\"display:none\">\t<div class=\"\">\t\t<select placeholder=\"Code Couleur\"  data-placeholder= \"Code Couleur\" class=\"form-control form-control-sm powerd-by-ajax-and-select2\" data-attribute_name=\"ATR_LIQUITEX_COLOUR_CODE\" id=\"liquitex_colour_code\">\t\t<option value=\"\"><\/option>\t\t<\/select>\t<\/div><\/div><div class=\"row mb-4 advanced-search-field-row colour-code col-3\" style=\"display:none\">\t<div class=\"\">\t\t<select placeholder=\"Code Couleur\"  data-placeholder= \"Code Couleur\" class=\"form-control form-control-sm powerd-by-ajax-and-select2\" data-attribute_name=\"ATR_WN_COLOUR_CODE\" id=\"wn_colour_code\">\t\t<option value=\"\"><\/option>\t\t<\/select>\t<\/div><\/div><div class=\"row mb-4 advanced-search-field-row col-3\" style=\"display:block\">\t<div class=\"\">\t\t<select placeholder=\"Collections\"  data-placeholder= \"Collections\" class=\"form-control form-control-sm powerd-by-ajax-and-select2\" data-attribute_name=\"ATR_FR_B2B_SALE_CATEGORIES\" id=\"ATR_FR_B2B_SALE_CATEGORIES\">\t\t<option value=\"\"><\/option>\t\t<\/select>\t<\/div><\/div>\t\t\t\t\t<\/div>\n\t\t\t\t\t<!--Buttons to clear form & submit search-->\n\t\t\t\t\t<div class=\"mt-3\">\n\t\t\t\t\t\t<!-- \/\/SPEED IMPROVEMENTS TOUCH POINT -->\n\t\t\t\t\t\t<span class=\"btn btn-black btn-xl mr-4 advanced-search-search-faster search_2023 disabled\">Rechercher<\/span>\n\t\t\t\t\t\t<span class=\"clear disabled\">Clear All<\/span>\n\t\t\t\t\t\t<p class=\"messages\"><\/p>\n\t\t\t\t\t<\/div>\n\t\t\t\t<\/div>\n\n\t\t\t\t<div class=\"tab-pane\" id=\"scan_barcode\">\n\t\t\t\t\t<div class=\"row\">\n\t\t\t\t\t\t<div class=\"col-3 col-lg-3\">\n\t\t\t\t\t\t\t<!-- <i class=\"fas fa-barcode-read scanner-icon\"><\/i> -->\n\t\t\t\t\t\t\t<img decoding=\"async\" src=\"https:\/\/trade.colart.com\/fr\/wp-content\/themes\/colart-b2b\/images\/barcode.svg\" \/>\n\t\t\t\t\t\t<\/div>\n\t\t\t\t\t\t<div class=\"col-9 col-lg-9\">\n\t\t\t\t\t\t\tVeuillez scanner un code-barre avec votre scanner. Les r\u00e9sultats appara\u00eetront ci-dessous, vous pourrez ensuite indiquer vos quantit\u00e9s et les ajouter \u00e0 votre panier.\t\t\t\t\t\t\t<span class=\"scans d-block\"><\/span>\n\t\t\t\t\t\t<\/div>\n\t\t\t\t\t<\/div>\n\t\t\t\t<\/div>\n\n\t\t\t\t<div class=\"tab-pane\" id=\"upload_excel\">\n\t\t\t\t\t<div class=\"row\">\n\t\t\t\t\t\t<div class=\"col-12 mb-5\">\n\n\t\t\t\t\t\t\t<p class=\"font-weight-bold mb-3\">Vous pouvez utiliser cet outil pour int\u00e9grer rapidement votre commande sous format Microsoft Excel.<\/p>\n\t\t\t\t\t\t\t<p class=\"mb-5\">Pour commencer, veuillez t\u00e9l\u00e9charger le mod\u00e8le ci-dessous pour cr\u00e9er votre commande. Ce mod\u00e8le est correctement \u00e9labor\u00e9 pour garantir que les codes de produit sont re\u00e7us en format texte et seront t\u00e9l\u00e9charg\u00e9s avec succ\u00e8s.<\/p>\n\n\t\t\t\t\t\t\t<a href=\"https:\/\/trade.colart.com\/fr\/wp-content\/uploads\/sites\/6\/2025\/06\/modele-de-telechargement-excel.xlsx\" class=\"download-proforma mb-3 mr-5\"><i class=\"fa fa-arrow-down-to-line mr-2\"><\/i>Mod\u00e8le Excel d\u2019int\u00e9gration de commande <\/a>\n\n\t\t\t\t\t\t<\/div>\n\n\t\t\t\t\t\t<div class=\"col-12\">\n\t\t\t\t\t\t\t<div>\n\t\t\t\t\t\t\t\t<p><strong class=\"mb-2 font-weight-bold\" style=\"text-decoration: underline;\">Veuillez noter:<\/strong><\/p>\n\t\t\t\t\t\t\t\t<p class=\"mb-5\">\n\t\t\t\t\t\t\t\t\tLe fichier Excel <strong class=\"font-weight-bold\">doit<\/strong> inclure les <strong class=\"font-weight-bold\">codes de produits<\/strong> ou <strong class=\"font-weight-bold\">codes-barres des articles Colart<\/strong> et la quantit\u00e9 unitaire. La quantit\u00e9 sera arrondie au multiple de quantit\u00e9 minimum de commande (MOQ) le plus proche pour chaque article command\u00e9.\t\t\t\t\t\t\t\t<\/p>\n\t\t\t\t\t\t\t<\/div>\n\t\t\t\t\t\t\t<div class=\"upload-wrap\">\n\t\t\t\t\t\t\t\t<strong class=\"mb-2 d-block\">Upload via excel<\/strong>\n\t\t\t\t\t\t\t\t<!-- SPEED IMPROVEMENTS TOUCH POINT -->\n\t\t\t\t\t\t\t\t<label for=\"fileInput\" class=\"btn btn-lg btn-black mb-4\">\n\t\t\t\t\t\t\t\t\tChoisir un fichier\t\t\t\t\t\t\t\t\t<input type=\"file\" id=\"fileInput\" class=\"d-none\">\n\t\t\t\t\t\t\t\t<\/label>\n\t\t\t\t\t\t\t\t<ol class=\"mb-4\" id=\"excel_upload_progress\" style=\"padding-inline-start:20px\"><\/ol>\n\t\t\t\t\t\t\t<\/div>\n\n\t\t\t\t\t\t<\/div>\n\t\t\t\t\t<\/div>\n\n\t\t\t\t\t<div style=\"display:none;\" class=\"excel_upload_completed row ml-3 mr-3\">\n\t\t\t\t\t\t<h2 class=\"text-center text-uppercase col-12\">Votre fichier a bien \u00e9t\u00e9 int\u00e9gr\u00e9<\/h2>\n\t\t\t\t\t\t<p class=\"text-center col-12 mb-3\">\n\t\t\t\t\t\t\t<span class=\"found\"><\/span> article(s) a\/ont bien \u00e9t\u00e9 identifi\u00e9(s). <span class=\"fail-suffix\" style=\"display:none;\"><span class=\"fail\"><\/span> article(s) n'a\/n'ont pas \u00e9t\u00e9 reconnu(s).<\/span>\t\t\t\t\t\t<\/p>\n\t\t\t\t\t<\/div>\n\n\t\t\t\t\t<div id=\"failed_excel\" style=\"display:none;\" class=\"excel_upload_completed row ml-3 mr-3 mb-3\"><\/div>\n\n\t\t\t\t\t<!--managing old codes touch point-->\n\t\t\t\t\t<div id=\"\" style=\"display:none;\" class=\"row ml-3 mr-3 old-code-msg\">\n\t\t\t\t\t\t<div class=\"col-2\"><\/div>\n\t\t\t\t\t\t<p class=\"text-center col-12 mt-2 mb-3\">\n\t\t\t\t\t\t\t<i class=\"far fa-person-sign d-none\" style=\"font-size:18px;\"><\/i>\n\t\t\t\t\t\t\tVous avez utilis\u00e9 <span class=\"old_code_count\"><\/span> code(s) remplac\u00e9(s). Voir les r\u00e9sultats de t\u00e9l\u00e9chargement ci-dessous pour plus de d\u00e9tails.<span class=\"d-none\"><br \/>Vous pouvez en savoir plus sur nos modifications de code <a target=\"_blank\" href=\"\">ici<\/a><\/span>.\t\t\t\t\t\t<\/p>\n\t\t\t\t\t\t<div class=\"col-2\"><\/div>\n\t\t\t\t\t<\/div>\n\n\n\t\t\t\t\t<div id=\"old_code_excel\" style=\"display:none;\" class=\"excel_upload_completed row ml-3 mr-3 mb-3\"><\/div>\n\n\t\t\t\t\t<div id=\"\" style=\"display:none;\" class=\"excel_upload_completed row ml-3 mr-3\">\n\t\t\t\t\t\t<div class=\"col-2\"><\/div>\n\t\t\t\t\t\t<p class=\"mt-2 col-8 text-center\">Veuillez v\u00e9rifier tous les articles ci-dessous et cliquer sur le bouton lorsque vous \u00eatre pr\u00eats. Les quantit\u00e9s seront arrondies \u00e0 l'unit\u00e9 de vente le cas \u00e9ch\u00e9ant.<\/p>\n\t\t\t\t\t\t<div class=\"col-2\"><\/div>\n\t\t\t\t\t\t<div class=\"col-2 d-none\"><\/div>\n\t\t\t\t\t<\/div>\n\t\t\t\t<\/div>\n\t\t\t<\/div>\n\t\t<\/div>\n\n\t\t<!-- <div id=\"results_heading\" class=\"d-none row mt-5 pt-3 pt-md-0 border border-secondary border-bottom-0\">\n\t\t\t<div class=\"col-4 text-center\"><\/div>\n\t\t\t<div class=\"col-4 text-center\">\n\t\t\t\t<h2 class=\"text-uppercase mb-2\"><span id=\"brand_specific_search\"><\/span>R\u00e9sultats de la recherche<\/h2>\n\t\t\t\t<div id=\"results_info\" class=\"pb-3\" style=\"\">\t<span id=\"counter\">0<\/span> product(s)<\/div>\t\t\t<\/div>\n\t\t\t<div class=\"col-4 text-right\" style=\"padding-right:0px;\">\n\t\t\t\t<div class=\"btn btn-primary text-uppercase add-all-to-basket mt-1 mb-4 disabled\">Tout ajouter au panier<\/div>\t\t\t<\/div>\n\t\t<\/div> -->\n\n\t\t<div id=\"excel_results_heading\" style=\"display:none;\" class=\"row mt-5 pt-3 pt-md-0\">\n\t\t\t<div class=\"col-4 text-center\"><\/div>\n\t\t\t<div class=\"col-4 text-center\">\n\t\t\t\t<h2 class=\"text-uppercase\">T\u00e9l\u00e9charger les r\u00e9sultats<\/h2>\n\t\t\t\t<p class=\"mb-4\"><span class=\"found\"><\/span> les produits ont bien \u00e9t\u00e9 int\u00e9gr\u00e9s<\/p>\n\t\t\t<\/div>\n\t\t\t<div class=\"col-4 text-right\" style=\"padding-right:0px;\">\n\t\t\t\t<div class=\"btn btn-primary text-uppercase add-all-to-basket mt-1 mb-4\">Tout ajouter au panier<\/div>\t\t\t<\/div>\n\t\t<\/div>\n\n\t\t<div id=\"results_loading\"><div class=\"row loading mt-5 p-0 p-md-5 full-width\" style=\"display:none;\">\t<div class=\"col-12 text-center pb-4\">\t\t<div class=\"spinner-border text-secondary\" role=\"status\">\t\t<span class=\"sr-only\">Loading...<\/span>\t\t<\/div>\t<\/div><\/div><\/div>\n\t\t<div class=\"row quickshop_add_additional_buttons\">\n\t\t\t\t\t<\/div>\n\t\t<!-- <div id=\"results_headers\" class=\"d-none row  mt-5 custom-gutter border border-bottom-0 border-secondary\">\n\t\t\t<div class=\"pt-2 ATR_PRODUCT_ORDER_NUMBER results-header col-4 col-md border-secondary border-right\">\n\t\t\t\t<span class=\"d-none d-md-block d-lg-none\">Image<\/span>\n\t\t\t\t<span class=\"d-none d-lg-block\">Image\/ Echantillon<\/span>\n\t\t\t<\/div>\n\t\t\t\t<div class=\"ATR_PRODUCT_CODE results-header pt-2 col border-secondary border-right\">   Codes\t<\/div>\t<div class=\"ATR_RANGE_NAME results-header pt-2 col-md-2 col-lg border-secondary border-right\">   Gamme\t<\/div>\t<div class=\"ATR_CUSTOMER_FACING_SIZE_METRIC results-header pt-2 col col-lg-1 border-secondary border-right\">   Taille\t<\/div>\t<div class=\"colour-name results-header pt-2 col col-lg-1 text-break border-secondary border-right\">   Nom de la couleur\t<\/div>\t<div class=\"colour-code results-header pt-2 col col-lg-1 border-secondary border-right\">   Code Couleur\t<\/div>\t<div class=\"ATR_PRODUCT_NAME results-header pt-2 col-md-3 col-lg-2 border-secondary border-right\">   Nom du produit\t<\/div>\n\t\t\t\t\t\t\t<div class=\"col-8 col-md-2 col-lg pt-2 results-header\">\n\t\t\t\t\t<div>\n\t\t\t\t\t\tPrix brut\t\t\t\t\t<\/div>\n\t\t\t\t<\/div>\n\t\t\t\t\t<\/div> -->\n\n\t\t<!-- <div id=\"results\" class=\"mb-4\"><\/div> -->\n\n\t\t<nav id=\"quickshop_results_pagination\" aria-label=\"Pagination\" style=\"display: none\">\n    <ul class=\"pagination justify-content-center\">\n        <li id=\"quickshop-results-pagination-previous\" class=\"quickshop-results-page-item page-item previous disabled\"><a class=\"page-link\" href=\"javascript: void(0)\">Previous<\/a><\/li>\n        <li id=\"quickshop-results-pagination-next\" class=\"quickshop-results-page-item page-item next\"><a class=\"page-link\" href=\"javascript: void(0)\">Next<\/a><\/li>     \n    <\/ul>\n    <div class=\"row justify-content-center\"> \n        <input id= \"quickshop-results-page-picker\" type=\"number\" max=\"35\" value=\"1\" class=\"form-control\" style=\"width:40px\"\/>\n        <span id=\"quickshop-results-page-count\" value=\"1\" style=\"width:40px;padding: .375rem .75rem;line-height: 1.5;\"><\/span>\n        <button id=\"quickshop-results-pagination-submit\" type=\"button\" class=\"btn btn-primary\">Go To Page<\/button>\n    <\/div>\n<\/nav>\n\t\t<div class=\"row mt-4 pt-3 pt-md-0\">\n\t\t\t<div class=\"col-8 text-center\"><\/div>\n\t\t\t<div class=\"col-4 text-right\" style=\"padding-right:0px; display:none;\">\n\t\t\t\t<div class=\"btn btn-primary text-uppercase add-all-to-basket mt-1 mb-4 disabled\">Tout ajouter au panier<\/div>\n\t\t\t<\/div>\n\t\t<\/div>\n\n\t\t<!-- Modal --><div class=\"modal fade\" id=\"range_modal\" tabindex=\"-1\" role=\"dialog\" aria-labelledby=\"range_title\" aria-hidden=\"true\">\t<div class=\"modal-dialog\" role=\"document\">\t\t<div class=\"modal-content\">\t\t\t<div class=\"modal-header\">\t\t\t\t<div class=\"container-fluid\">\t\t\t\t<div class=\"row\">\t\t\t\t\t<h3 class=\"col-12 modal-title\"><\/h3>\t\t\t\t<\/div>\t\t\t\t<\/div>\t\t\t\t<button type=\"button\" class=\"close\" data-dismiss=\"modal\" aria-label=\"Close\">\t\t\t\t\t<span aria-hidden=\"true\">&times;<\/span>\t\t\t\t<\/button>\t\t\t<\/div>\t\t\t<div class=\"modal-body\">\t\t\t\t<div class=\"container-fluid\">\t\t\t\t\t<div class=\"row\">\t\t\t\t\t\t<div class=\"col description\">\t\t\t\t\t\t<\/div>\t\t\t\t\t\t<div class=\"col image\">\t\t\t\t\t\t<\/div>\t\t\t\t\t<\/div>\t\t\t\t<\/div><div class=\"row loading mt-5 p-0 p-md-5 full-width\" style=\"display:none;\">\t<div class=\"col-12 text-center pb-4\">\t\t<div class=\"spinner-border text-secondary\" role=\"status\">\t\t<span class=\"sr-only\">Loading...<\/span>\t\t<\/div>\t<\/div><\/div>\t\t\t<\/div>\t\t\t<div class=\"modal-footer\">\t\t\t\t<button type=\"button\" class=\"btn btn-primary\" data-dismiss=\"modal\">Fermer<\/button>\t\t\t<\/div>\t\t<\/div>\t<\/div><\/div><!-- Modal --><div class=\"modal fade\" id=\"mass_update_modal\" tabindex=\"-1\" role=\"dialog\" aria-labelledby=\"mass_update_title\" aria-hidden=\"true\">\t<div class=\"modal-dialog\" role=\"document\">\t\t<div class=\"modal-content\">\t\t\t<div class=\"modal-header d-none\">\t\t\t\t<div class=\"modal-title text-center pt-4\" id=\"mass_update_title\" style=\"width:100%;\"><i class=\"h1 fal fa-shopping-cart\"><\/i><br \/><h3 class=\"modal-mass-update-header\"><\/h3><h3 class=\"modal-mass-update-sub-header\"><\/h3><\/div>\t\t\t\t<button type=\"button\" class=\"close\" data-dismiss=\"modal\" aria-label=\"Close\">\t\t\t\t<span aria-hidden=\"true\">&times;<\/span>\t\t\t\t<\/button>\t\t\t<\/div>\t\t\t<div class=\"modal-body text-center\">\t\t\t\t<p class=\"modal-mass-update-content\"><\/p>\t\t\t\t<div class=\"percentage-complete-wrapper mb-3\"><h4 class=\"percentage-complete\" data-total-update=\"\">0%<\/h4><\/div>Mise \u00e0 jour du panier en cours. Veuillez patienter quelques instants. Cette fen\u00eatre se fermera automatiquement une fois la mise \u00e0 jour du panier effectu\u00e9e.\t\t\t\t<div class=\"issues-message alert alert-info mt-4\" style=\"display:none;\"><p>Unfortunately, at this time, we were not able to add these items to your basket.<\/p><div class=\"product-titles\"><\/div><\/div>\t\t\t\t<div class=\"error-message alert alert-error mt-4\" style=\"display:none;\"><\/div>\t\t\t\t<button type=\"button\" class=\"btn btn-primary close-modal-mass-update\" data-dismiss=\"modal\" style=\"display:none;\">Fermer<\/button>\t\t\t<\/div>\t\t\t<div class=\"modal-footer\" style=\"display:none;\">\t\t\t\t<button type=\"button\" class=\"btn btn-primary\" data-dismiss=\"modal\">Fermer<\/button>\t\t\t<\/div>\t\t<\/div>\t<\/div><\/div>\t<\/div>\n\n<\/div><\/div><\/div><\/div><\/div>","protected":false},"excerpt":{"rendered":"<p>Vente en d\u00e9stockage Toutes les r&eacute;f&eacute;rences indiqu&eacute;es ci-dessous sont disponibles jusqu&#8217;&agrave; &eacute;puisement des stocks. Vous pouvez vous rapprocher de votre contact commercial pour plus d&#8217;informations sur les gammes arr&ecirc;t&eacute;es ou remplac&eacute;es. Commande Rapide Recherche rapide Recherche avanc\u00e9e Scanner le barcode Int\u00e9grer un fichier excel Rechercher Rechercher Clear All Veuillez scanner un code-barre avec votre scanner. <span class=\"more_dots\">&#8230;<\/span><\/p>\n<p><a class=\"btn btn-secondary understrap-read-more-link\" href=\"https:\/\/trade.colart.com\/fr\/vente-en-destockage\/\">Read More&#8230;<span class=\"screen-reader-text\"> from Vente en d\u00e9stockage<\/span><\/a><\/p>\n","protected":false},"author":6,"featured_media":0,"parent":0,"menu_order":0,"comment_status":"closed","ping_status":"closed","template":"","meta":{"_acf_changed":false,"footnotes":""},"colart_campaign":[],"class_list":["post-65873","page","type-page","status-publish","hentry"],"acf":[],"_links":{"self":[{"href":"https:\/\/trade.colart.com\/fr\/wp-json\/wp\/v2\/pages\/65873","targetHints":{"allow":["GET"]}}],"collection":[{"href":"https:\/\/trade.colart.com\/fr\/wp-json\/wp\/v2\/pages"}],"about":[{"href":"https:\/\/trade.colart.com\/fr\/wp-json\/wp\/v2\/types\/page"}],"author":[{"embeddable":true,"href":"https:\/\/trade.colart.com\/fr\/wp-json\/wp\/v2\/users\/6"}],"replies":[{"embeddable":true,"href":"https:\/\/trade.colart.com\/fr\/wp-json\/wp\/v2\/comments?post=65873"}],"version-history":[{"count":6,"href":"https:\/\/trade.colart.com\/fr\/wp-json\/wp\/v2\/pages\/65873\/revisions"}],"predecessor-version":[{"id":66512,"href":"https:\/\/trade.colart.com\/fr\/wp-json\/wp\/v2\/pages\/65873\/revisions\/66512"}],"wp:attachment":[{"href":"https:\/\/trade.colart.com\/fr\/wp-json\/wp\/v2\/media?parent=65873"}],"wp:term":[{"taxonomy":"colart_campaign","embeddable":true,"href":"https:\/\/trade.colart.com\/fr\/wp-json\/wp\/v2\/colart_campaign?post=65873"}],"curies":[{"name":"wp","href":"https:\/\/api.w.org\/{rel}","templated":true}]}}