{"id":7,"date":"2021-03-26T10:38:37","date_gmt":"2021-03-26T10:38:37","guid":{"rendered":"https:\/\/trade.colart.com\/fr\/my-account\/"},"modified":"2021-06-07T08:33:27","modified_gmt":"2021-06-07T08:33:27","slug":"compte","status":"publish","type":"page","link":"https:\/\/trade.colart.com\/fr\/compte\/","title":{"rendered":"Compte"},"content":{"rendered":"<h1 class=\"show-if-logged-in\">Mon Compte<\/h1>\r\n<div class=\"hide-if-logged-in\">\r\n<h1>Login\/Register<\/h1>\r\n\r\n<div class=\"alert alert-info\">Nouveau sur Colart et souhaitez demander un compte de commerce en ligne? Veuillez utiliser le formulaire de contact <a href=\"https:\/\/www.colart.com\/fr\/our-story\/contact\/\">ici<\/a> sur le site principal de colart.<\/div>\r\n\r\n\r\n<p>Vous avez d\u00e9j\u00e0 un compte client Colart et souhaitez obtenir un acc\u00e8s sur notre portail commercial\u202f? Aucun probl\u00e8me.<\/p>  \r\n<p>Veuillez-vous enregistrer ici en renseignant simplement votre adresse email et votre num\u00e9ro de compte client Colart. Vous recevrez ensuite un email avec votre mot de passe et pourrez ainsi vous connecter \u00e0 notre portail par la rubrique \u00ab\u202fMon compte\u202f\u00bb. Toutefois, nous vous remercions de nous accorder un d\u00e9lai d\u2019un ou deux jours pour v\u00e9rifier votre compte avant que vous ne puissiez passer commande. <\/p>\r\n<\/div>\r\n<div class=\"woocommerce\"><\/div>\n","protected":false},"excerpt":{"rendered":"<p>Mon Compte Login\/Register Nouveau sur Colart et souhaitez demander un compte de commerce en ligne? Veuillez utiliser le formulaire de contact ici sur le site principal de colart. Vous avez d\u00e9j\u00e0 un compte client Colart et souhaitez obtenir un acc\u00e8s sur notre portail commercial\u202f? Aucun probl\u00e8me. Veuillez-vous enregistrer ici en renseignant simplement votre adresse email <span class=\"more_dots\">&#8230;<\/span><\/p>\n<p><a class=\"btn btn-secondary understrap-read-more-link\" href=\"https:\/\/trade.colart.com\/fr\/compte\/\">Read More&#8230;<span class=\"screen-reader-text\"> from Compte<\/span><\/a><\/p>\n","protected":false},"author":1,"featured_media":0,"parent":0,"menu_order":0,"comment_status":"closed","ping_status":"closed","template":"","meta":{"_acf_changed":false,"footnotes":""},"colart_campaign":[],"class_list":["post-7","page","type-page","status-publish","hentry"],"acf":[],"_links":{"self":[{"href":"https:\/\/trade.colart.com\/fr\/wp-json\/wp\/v2\/pages\/7","targetHints":{"allow":["GET"]}}],"collection":[{"href":"https:\/\/trade.colart.com\/fr\/wp-json\/wp\/v2\/pages"}],"about":[{"href":"https:\/\/trade.colart.com\/fr\/wp-json\/wp\/v2\/types\/page"}],"author":[{"embeddable":true,"href":"https:\/\/trade.colart.com\/fr\/wp-json\/wp\/v2\/users\/1"}],"replies":[{"embeddable":true,"href":"https:\/\/trade.colart.com\/fr\/wp-json\/wp\/v2\/comments?post=7"}],"version-history":[{"count":5,"href":"https:\/\/trade.colart.com\/fr\/wp-json\/wp\/v2\/pages\/7\/revisions"}],"predecessor-version":[{"id":21341,"href":"https:\/\/trade.colart.com\/fr\/wp-json\/wp\/v2\/pages\/7\/revisions\/21341"}],"wp:attachment":[{"href":"https:\/\/trade.colart.com\/fr\/wp-json\/wp\/v2\/media?parent=7"}],"wp:term":[{"taxonomy":"colart_campaign","embeddable":true,"href":"https:\/\/trade.colart.com\/fr\/wp-json\/wp\/v2\/colart_campaign?post=7"}],"curies":[{"name":"wp","href":"https:\/\/api.w.org\/{rel}","templated":true}]}}