{"id":10322,"date":"2026-03-12T21:33:56","date_gmt":"2026-03-12T21:33:56","guid":{"rendered":"https:\/\/trade.colart.com\/fr\/product\/winsor-newton-noir-fineliner-assortment-set\/"},"modified":"2026-04-17T14:27:06","modified_gmt":"2026-04-17T14:27:06","slug":"winsor-newton-noir-fineliner-assortment-set","status":"publish","type":"product","link":"https:\/\/trade.colart.com\/fr\/product\/winsor-newton-noir-fineliner-assortment-set\/","title":{"rendered":"Winsor &amp; Newton Noir Fineliner Assortment Set"},"content":{"rendered":"<p>Le feutre fineliner noir Winsor &amp; Newton s&#8217;adapte \u00e0 tous les styles de croquis, avec une pointe effil\u00e9e calibr\u00e9e lisse et un corps plus long qui s&#8217;adapte confortablement \u00e0 la main, permettant des ajustements flexibles de la prise. Un finelineer qui vous aide \u00e0 capturer vos id\u00e9es de mani\u00e8re plus fluide.<\/p>\n<p>Optimis\u00e9 pour le croquis et le dessin : encre pigment\u00e9e r\u00e9sistante \u00e0 l&#8217;eau et \u00e0 la d\u00e9coloration, avec un flux d&#8217;encre constant et fiable.<\/p>\n<p>Ce set contient 5 fineliners assortis &#8211; pointes 0.1, 0.3, 0.5, 0.8 et 1.0 mm<\/p>\n","protected":false},"excerpt":{"rendered":"<p>Le feutre fineliner noir Winsor &amp; Newton s&#8217;adapte \u00e0 tous les styles de croquis, avec une pointe effil\u00e9e calibr\u00e9e lisse et un corps plus long qui s&#8217;adapte confortablement \u00e0 la main, permettant des ajustements flexibles de la prise. Un finelineer qui vous aide \u00e0 capturer vos id\u00e9es de mani\u00e8re plus fluide.<\/p>\n<p>Optimis\u00e9 pour le croquis et le dessin : encre pigment\u00e9e r\u00e9sistante \u00e0 l&#8217;eau et \u00e0 la d\u00e9coloration, avec un flux d&#8217;encre constant et fiable.<\/p>\n<p>Ce set contient 5 fineliners assortis &#8211; pointes 0.1, 0.3, 0.5, 0.8 et 1.0 mm <span class=\"more_dots\">&#8230;<\/span><\/p>\n<p><a class=\"btn btn-secondary understrap-read-more-link\" href=\"https:\/\/trade.colart.com\/fr\/product\/winsor-newton-noir-fineliner-assortment-set\/\">Read More&#8230;<span class=\"screen-reader-text\"> from Winsor &amp; Newton Noir Fineliner Assortment Set<\/span><\/a><\/p>\n","protected":false},"featured_media":57559,"comment_status":"closed","ping_status":"closed","template":"","meta":{"_acf_changed":false},"product_brand":[],"product_cat":[358],"product_tag":[],"class_list":{"0":"post-10322","1":"product","2":"type-product","3":"status-publish","4":"has-post-thumbnail","6":"product_cat-winsor-newton-arts-graphiques-fineliners-sets-fineliners","8":"first","9":"instock","10":"shipping-taxable","11":"purchasable","12":"product-type-simple"},"acf":[],"_links":{"self":[{"href":"https:\/\/trade.colart.com\/fr\/wp-json\/wp\/v2\/product\/10322","targetHints":{"allow":["GET"]}}],"collection":[{"href":"https:\/\/trade.colart.com\/fr\/wp-json\/wp\/v2\/product"}],"about":[{"href":"https:\/\/trade.colart.com\/fr\/wp-json\/wp\/v2\/types\/product"}],"replies":[{"embeddable":true,"href":"https:\/\/trade.colart.com\/fr\/wp-json\/wp\/v2\/comments?post=10322"}],"wp:featuredmedia":[{"embeddable":true,"href":"https:\/\/trade.colart.com\/fr\/wp-json\/wp\/v2\/media\/57559"}],"wp:attachment":[{"href":"https:\/\/trade.colart.com\/fr\/wp-json\/wp\/v2\/media?parent=10322"}],"wp:term":[{"taxonomy":"product_brand","embeddable":true,"href":"https:\/\/trade.colart.com\/fr\/wp-json\/wp\/v2\/product_brand?post=10322"},{"taxonomy":"product_cat","embeddable":true,"href":"https:\/\/trade.colart.com\/fr\/wp-json\/wp\/v2\/product_cat?post=10322"},{"taxonomy":"product_tag","embeddable":true,"href":"https:\/\/trade.colart.com\/fr\/wp-json\/wp\/v2\/product_tag?post=10322"}],"curies":[{"name":"wp","href":"https:\/\/api.w.org\/{rel}","templated":true}]}}