{"id":10579,"date":"2026-03-12T17:29:03","date_gmt":"2026-03-12T17:29:03","guid":{"rendered":"https:\/\/trade.colart.com\/fr\/product\/winsor-newton-aquarelle-cotman-boite-metal-sketcher-24x12-godets\/"},"modified":"2026-04-14T13:14:45","modified_gmt":"2026-04-14T13:14:45","slug":"winsor-newton-aquarelle-cotman-boite-metal-sketcher-24x12-godets","status":"publish","type":"product","link":"https:\/\/trade.colart.com\/fr\/product\/winsor-newton-aquarelle-cotman-boite-metal-sketcher-24x12-godets\/","title":{"rendered":"Winsor &amp; Newton Aquarelle Cotman Boite Metal Sketcher 24&#215;1\/2 Godets"},"content":{"rendered":"<p>D\u00e9couvrez 24 aquarelles Cotman fabriqu\u00e9es avec des pigments de haute qualit\u00e9 pour assurer la permanence des couleurs. Le tout est pr\u00e9sent\u00e9 dans une bo\u00eete de voyage qui dispose d&#8217;une palette int\u00e9gr\u00e9e dans le couvercle, d&#8217;un volet rabattable pour m\u00e9langer et teinter, d&#8217;un anneau de pouce \u00e0 la base et d&#8217;un espace pour un pinceau.<\/p>\n<p>La Bo\u00eete m\u00e9tal de voyage compl\u00e8te s&#8217;appelait auparavant la Bo\u00eete m\u00e9tallique esquisse.<\/p>\n","protected":false},"excerpt":{"rendered":"<p>D\u00e9couvrez 24 aquarelles Cotman fabriqu\u00e9es avec des pigments de haute qualit\u00e9 pour assurer la permanence des couleurs. Le tout est pr\u00e9sent\u00e9 dans une bo\u00eete de voyage qui dispose d&#8217;une palette int\u00e9gr\u00e9e dans le couvercle, d&#8217;un volet rabattable pour m\u00e9langer et teinter, d&#8217;un anneau de pouce \u00e0 la base et d&#8217;un espace pour un pinceau.<\/p>\n<p>La Bo\u00eete m\u00e9tal de voyage compl\u00e8te s&#8217;appelait auparavant la Bo\u00eete m\u00e9tallique esquisse. <span class=\"more_dots\">&#8230;<\/span><\/p>\n<p><a class=\"btn btn-secondary understrap-read-more-link\" href=\"https:\/\/trade.colart.com\/fr\/product\/winsor-newton-aquarelle-cotman-boite-metal-sketcher-24x12-godets\/\">Read More&#8230;<span class=\"screen-reader-text\"> from Winsor &amp; Newton Aquarelle Cotman Boite Metal Sketcher 24&#215;1\/2 Godets<\/span><\/a><\/p>\n","protected":false},"featured_media":21175,"comment_status":"closed","ping_status":"closed","template":"","meta":{"_acf_changed":false},"product_brand":[],"product_cat":[278,277],"product_tag":[],"class_list":{"0":"post-10579","1":"product","2":"type-product","3":"status-publish","4":"has-post-thumbnail","6":"product_cat-winsor-newton-couleurs-aquarelle-couleurs-aquarelle-fine-cotman-sets-aquarelle-fine-cotman","7":"product_cat-winsor-newton-coffrets-sets-aquarelle-fine-cotman","9":"first","10":"instock","11":"shipping-taxable","12":"purchasable","13":"product-type-simple"},"acf":[],"_links":{"self":[{"href":"https:\/\/trade.colart.com\/fr\/wp-json\/wp\/v2\/product\/10579","targetHints":{"allow":["GET"]}}],"collection":[{"href":"https:\/\/trade.colart.com\/fr\/wp-json\/wp\/v2\/product"}],"about":[{"href":"https:\/\/trade.colart.com\/fr\/wp-json\/wp\/v2\/types\/product"}],"replies":[{"embeddable":true,"href":"https:\/\/trade.colart.com\/fr\/wp-json\/wp\/v2\/comments?post=10579"}],"wp:featuredmedia":[{"embeddable":true,"href":"https:\/\/trade.colart.com\/fr\/wp-json\/wp\/v2\/media\/21175"}],"wp:attachment":[{"href":"https:\/\/trade.colart.com\/fr\/wp-json\/wp\/v2\/media?parent=10579"}],"wp:term":[{"taxonomy":"product_brand","embeddable":true,"href":"https:\/\/trade.colart.com\/fr\/wp-json\/wp\/v2\/product_brand?post=10579"},{"taxonomy":"product_cat","embeddable":true,"href":"https:\/\/trade.colart.com\/fr\/wp-json\/wp\/v2\/product_cat?post=10579"},{"taxonomy":"product_tag","embeddable":true,"href":"https:\/\/trade.colart.com\/fr\/wp-json\/wp\/v2\/product_tag?post=10579"}],"curies":[{"name":"wp","href":"https:\/\/api.w.org\/{rel}","templated":true}]}}