{"id":10583,"date":"2026-03-12T06:51:40","date_gmt":"2026-03-12T06:51:40","guid":{"rendered":"https:\/\/trade.colart.com\/fr\/product\/winsor-newton-aquarelle-cotman-boite-pocket-plus\/"},"modified":"2026-04-15T09:59:53","modified_gmt":"2026-04-15T09:59:53","slug":"winsor-newton-aquarelle-cotman-boite-pocket-plus","status":"publish","type":"product","link":"https:\/\/trade.colart.com\/fr\/product\/winsor-newton-aquarelle-cotman-boite-pocket-plus\/","title":{"rendered":"Winsor &amp; Newton Aquarelle Cotman Boite Pocket Plus"},"content":{"rendered":"<p>D\u00e9couvrez 12 aquarelles Cotman fabriqu\u00e9es avec des pigments de haute qualit\u00e9 dans un set de poche. Contient un pinceau et des palettes avec plusieurs zones de m\u00e9lange.<\/p>\n<p>Le Set de poche avec palette Pocket Set s&#8217;appelait auparavant le Poche Plus.<\/p>\n","protected":false},"excerpt":{"rendered":"<p>D\u00e9couvrez 12 aquarelles Cotman fabriqu\u00e9es avec des pigments de haute qualit\u00e9 dans un set de poche. Contient un pinceau et des palettes avec plusieurs zones de m\u00e9lange.<\/p>\n<p>Le Set de poche avec palette Pocket Set s&#8217;appelait auparavant le Poche Plus. <span class=\"more_dots\">&#8230;<\/span><\/p>\n<p><a class=\"btn btn-secondary understrap-read-more-link\" href=\"https:\/\/trade.colart.com\/fr\/product\/winsor-newton-aquarelle-cotman-boite-pocket-plus\/\">Read More&#8230;<span class=\"screen-reader-text\"> from Winsor &amp; Newton Aquarelle Cotman Boite Pocket Plus<\/span><\/a><\/p>\n","protected":false},"featured_media":21187,"comment_status":"closed","ping_status":"closed","template":"","meta":{"_acf_changed":false},"product_brand":[],"product_cat":[278,277],"product_tag":[],"class_list":{"0":"post-10583","1":"product","2":"type-product","3":"status-publish","4":"has-post-thumbnail","6":"product_cat-winsor-newton-couleurs-aquarelle-couleurs-aquarelle-fine-cotman-sets-aquarelle-fine-cotman","7":"product_cat-winsor-newton-coffrets-sets-aquarelle-fine-cotman","9":"first","10":"instock","11":"shipping-taxable","12":"purchasable","13":"product-type-simple"},"acf":[],"_links":{"self":[{"href":"https:\/\/trade.colart.com\/fr\/wp-json\/wp\/v2\/product\/10583","targetHints":{"allow":["GET"]}}],"collection":[{"href":"https:\/\/trade.colart.com\/fr\/wp-json\/wp\/v2\/product"}],"about":[{"href":"https:\/\/trade.colart.com\/fr\/wp-json\/wp\/v2\/types\/product"}],"replies":[{"embeddable":true,"href":"https:\/\/trade.colart.com\/fr\/wp-json\/wp\/v2\/comments?post=10583"}],"wp:featuredmedia":[{"embeddable":true,"href":"https:\/\/trade.colart.com\/fr\/wp-json\/wp\/v2\/media\/21187"}],"wp:attachment":[{"href":"https:\/\/trade.colart.com\/fr\/wp-json\/wp\/v2\/media?parent=10583"}],"wp:term":[{"taxonomy":"product_brand","embeddable":true,"href":"https:\/\/trade.colart.com\/fr\/wp-json\/wp\/v2\/product_brand?post=10583"},{"taxonomy":"product_cat","embeddable":true,"href":"https:\/\/trade.colart.com\/fr\/wp-json\/wp\/v2\/product_cat?post=10583"},{"taxonomy":"product_tag","embeddable":true,"href":"https:\/\/trade.colart.com\/fr\/wp-json\/wp\/v2\/product_tag?post=10583"}],"curies":[{"name":"wp","href":"https:\/\/api.w.org\/{rel}","templated":true}]}}