{"id":10584,"date":"2026-03-12T17:28:29","date_gmt":"2026-03-12T17:28:29","guid":{"rendered":"https:\/\/trade.colart.com\/fr\/product\/winsor-newton-aquarelle-cotman-boite-plastique-sketcher-12x12g\/"},"modified":"2026-04-15T14:10:39","modified_gmt":"2026-04-15T14:10:39","slug":"winsor-newton-aquarelle-cotman-boite-plastique-sketcher-12x12g","status":"publish","type":"product","link":"https:\/\/trade.colart.com\/fr\/product\/winsor-newton-aquarelle-cotman-boite-plastique-sketcher-12x12g\/","title":{"rendered":"Winsor &amp; Newton Aquarelle Cotman Boite Plastique Sketcher 12&#215;1\/2g"},"content":{"rendered":"<p>D\u00e9couvrez 12 aquarelles Cotman fabriqu\u00e9es avec des pigments de haute qualit\u00e9 dans l&#8217;un des sets les plus populaires. Ce set de poche est id\u00e9al pour la peinture aquarelle en plein air, car il offre une palette de couleurs soigneusement s\u00e9lectionn\u00e9es, convenant aussi bien aux d\u00e9butants qu&#8217;aux artistes exp\u00e9riment\u00e9s, accompagn\u00e9 d&#8217;un pinceau de voyage.<\/p>\n<p>Le Set de poche esquisse s&#8217;appelait auparavant la Bo\u00eete de poche esquisse.<\/p>\n","protected":false},"excerpt":{"rendered":"<p>D\u00e9couvrez 12 aquarelles Cotman fabriqu\u00e9es avec des pigments de haute qualit\u00e9 dans l&#8217;un des sets les plus populaires. Ce set de poche est id\u00e9al pour la peinture aquarelle en plein air, car il offre une palette de couleurs soigneusement s\u00e9lectionn\u00e9es, convenant aussi bien aux d\u00e9butants qu&#8217;aux artistes exp\u00e9riment\u00e9s, accompagn\u00e9 d&#8217;un pinceau de voyage.<\/p>\n<p>Le Set de poche esquisse s&#8217;appelait auparavant la Bo\u00eete de poche esquisse. <span class=\"more_dots\">&#8230;<\/span><\/p>\n<p><a class=\"btn btn-secondary understrap-read-more-link\" href=\"https:\/\/trade.colart.com\/fr\/product\/winsor-newton-aquarelle-cotman-boite-plastique-sketcher-12x12g\/\">Read More&#8230;<span class=\"screen-reader-text\"> from Winsor &amp; Newton Aquarelle Cotman Boite Plastique Sketcher 12&#215;1\/2g<\/span><\/a><\/p>\n","protected":false},"featured_media":0,"comment_status":"closed","ping_status":"closed","template":"","meta":{"_acf_changed":false},"product_brand":[],"product_cat":[278,277],"product_tag":[],"class_list":{"0":"post-10584","1":"product","2":"type-product","3":"status-publish","5":"product_cat-winsor-newton-couleurs-aquarelle-couleurs-aquarelle-fine-cotman-sets-aquarelle-fine-cotman","6":"product_cat-winsor-newton-coffrets-sets-aquarelle-fine-cotman","8":"first","9":"instock","10":"shipping-taxable","11":"purchasable","12":"product-type-simple"},"acf":[],"_links":{"self":[{"href":"https:\/\/trade.colart.com\/fr\/wp-json\/wp\/v2\/product\/10584","targetHints":{"allow":["GET"]}}],"collection":[{"href":"https:\/\/trade.colart.com\/fr\/wp-json\/wp\/v2\/product"}],"about":[{"href":"https:\/\/trade.colart.com\/fr\/wp-json\/wp\/v2\/types\/product"}],"replies":[{"embeddable":true,"href":"https:\/\/trade.colart.com\/fr\/wp-json\/wp\/v2\/comments?post=10584"}],"wp:attachment":[{"href":"https:\/\/trade.colart.com\/fr\/wp-json\/wp\/v2\/media?parent=10584"}],"wp:term":[{"taxonomy":"product_brand","embeddable":true,"href":"https:\/\/trade.colart.com\/fr\/wp-json\/wp\/v2\/product_brand?post=10584"},{"taxonomy":"product_cat","embeddable":true,"href":"https:\/\/trade.colart.com\/fr\/wp-json\/wp\/v2\/product_cat?post=10584"},{"taxonomy":"product_tag","embeddable":true,"href":"https:\/\/trade.colart.com\/fr\/wp-json\/wp\/v2\/product_tag?post=10584"}],"curies":[{"name":"wp","href":"https:\/\/api.w.org\/{rel}","templated":true}]}}