{"id":11957,"date":"2026-03-12T19:40:16","date_gmt":"2026-03-12T19:40:16","guid":{"rendered":"https:\/\/trade.colart.com\/fr\/product\/cont%c3%a9-%c3%a0-paris-set-pastel-etude-12-carr%c3%a9s-assortis-3-crayons-pastel-accessoires\/"},"modified":"2026-04-02T08:31:28","modified_gmt":"2026-04-02T08:31:28","slug":"cont%c3%a9-%c3%a0-paris-set-pastel-etude-12-carr%c3%a9s-assortis-3-crayons-pastel-accessoires","status":"publish","type":"product","link":"https:\/\/trade.colart.com\/fr\/product\/cont%c3%a9-%c3%a0-paris-set-pastel-etude-12-carr%c3%a9s-assortis-3-crayons-pastel-accessoires\/","title":{"rendered":"Cont\u00e9 \u00e0 Paris Set Pastel Etude 12 Carr\u00e9s Assortis + 3 Crayons Pastel + Accessoires"},"content":{"rendered":"","protected":false},"excerpt":{"rendered":"<p> <span class=\"more_dots\">&#8230;<\/span><\/p>\n<p><a class=\"btn btn-secondary understrap-read-more-link\" href=\"https:\/\/trade.colart.com\/fr\/product\/cont%c3%a9-%c3%a0-paris-set-pastel-etude-12-carr%c3%a9s-assortis-3-crayons-pastel-accessoires\/\">Read More&#8230;<span class=\"screen-reader-text\"> from Cont\u00e9 \u00e0 Paris Set Pastel Etude 12 Carr\u00e9s Assortis + 3 Crayons Pastel + Accessoires<\/span><\/a><\/p>\n","protected":false},"featured_media":0,"comment_status":"closed","ping_status":"closed","template":"","meta":{"_acf_changed":false},"product_brand":[],"product_cat":[1116],"product_tag":[],"class_list":{"0":"post-11957","1":"product","2":"type-product","3":"status-publish","5":"product_cat-conte-a-paris-les-crayons-pastel-les-assortiments-de-crayons-pastel","7":"first","8":"instock","9":"shipping-taxable","10":"purchasable","11":"product-type-simple"},"acf":[],"_links":{"self":[{"href":"https:\/\/trade.colart.com\/fr\/wp-json\/wp\/v2\/product\/11957","targetHints":{"allow":["GET"]}}],"collection":[{"href":"https:\/\/trade.colart.com\/fr\/wp-json\/wp\/v2\/product"}],"about":[{"href":"https:\/\/trade.colart.com\/fr\/wp-json\/wp\/v2\/types\/product"}],"replies":[{"embeddable":true,"href":"https:\/\/trade.colart.com\/fr\/wp-json\/wp\/v2\/comments?post=11957"}],"wp:attachment":[{"href":"https:\/\/trade.colart.com\/fr\/wp-json\/wp\/v2\/media?parent=11957"}],"wp:term":[{"taxonomy":"product_brand","embeddable":true,"href":"https:\/\/trade.colart.com\/fr\/wp-json\/wp\/v2\/product_brand?post=11957"},{"taxonomy":"product_cat","embeddable":true,"href":"https:\/\/trade.colart.com\/fr\/wp-json\/wp\/v2\/product_cat?post=11957"},{"taxonomy":"product_tag","embeddable":true,"href":"https:\/\/trade.colart.com\/fr\/wp-json\/wp\/v2\/product_tag?post=11957"}],"curies":[{"name":"wp","href":"https:\/\/api.w.org\/{rel}","templated":true}]}}