{"id":11967,"date":"2026-03-12T19:38:05","date_gmt":"2026-03-12T19:38:05","guid":{"rendered":"https:\/\/trade.colart.com\/fr\/product\/cont%c3%a9-%c3%a0-paris-5-fusains-naturels-carres-sur-carte\/"},"modified":"2026-04-16T13:58:13","modified_gmt":"2026-04-16T13:58:13","slug":"cont%c3%a9-%c3%a0-paris-5-fusains-naturels-carr%c3%a9s-sur-carte","status":"publish","type":"product","link":"https:\/\/trade.colart.com\/fr\/product\/cont%c3%a9-%c3%a0-paris-5-fusains-naturels-carr%c3%a9s-sur-carte\/","title":{"rendered":"Cont\u00e9 \u00e0 Paris 5 Fusains Naturels Carr\u00e9s Sur Carte"},"content":{"rendered":"","protected":false},"excerpt":{"rendered":"<p> <span class=\"more_dots\">&#8230;<\/span><\/p>\n<p><a class=\"btn btn-secondary understrap-read-more-link\" href=\"https:\/\/trade.colart.com\/fr\/product\/cont%c3%a9-%c3%a0-paris-5-fusains-naturels-carr%c3%a9s-sur-carte\/\">Read More&#8230;<span class=\"screen-reader-text\"> from Cont\u00e9 \u00e0 Paris 5 Fusains Naturels Carr\u00e9s Sur Carte<\/span><\/a><\/p>\n","protected":false},"featured_media":12268,"comment_status":"closed","ping_status":"closed","template":"","meta":{"_acf_changed":false},"product_brand":[],"product_cat":[1117],"product_tag":[],"class_list":{"0":"post-11967","1":"product","2":"type-product","3":"status-publish","4":"has-post-thumbnail","6":"product_cat-conte-a-paris-les-fusains","8":"first","9":"instock","10":"shipping-taxable","11":"purchasable","12":"product-type-simple"},"acf":[],"_links":{"self":[{"href":"https:\/\/trade.colart.com\/fr\/wp-json\/wp\/v2\/product\/11967","targetHints":{"allow":["GET"]}}],"collection":[{"href":"https:\/\/trade.colart.com\/fr\/wp-json\/wp\/v2\/product"}],"about":[{"href":"https:\/\/trade.colart.com\/fr\/wp-json\/wp\/v2\/types\/product"}],"replies":[{"embeddable":true,"href":"https:\/\/trade.colart.com\/fr\/wp-json\/wp\/v2\/comments?post=11967"}],"wp:featuredmedia":[{"embeddable":true,"href":"https:\/\/trade.colart.com\/fr\/wp-json\/wp\/v2\/media\/12268"}],"wp:attachment":[{"href":"https:\/\/trade.colart.com\/fr\/wp-json\/wp\/v2\/media?parent=11967"}],"wp:term":[{"taxonomy":"product_brand","embeddable":true,"href":"https:\/\/trade.colart.com\/fr\/wp-json\/wp\/v2\/product_brand?post=11967"},{"taxonomy":"product_cat","embeddable":true,"href":"https:\/\/trade.colart.com\/fr\/wp-json\/wp\/v2\/product_cat?post=11967"},{"taxonomy":"product_tag","embeddable":true,"href":"https:\/\/trade.colart.com\/fr\/wp-json\/wp\/v2\/product_tag?post=11967"}],"curies":[{"name":"wp","href":"https:\/\/api.w.org\/{rel}","templated":true}]}}