{"id":12345,"date":"2025-03-25T00:52:26","date_gmt":"2025-03-25T00:52:26","guid":{"rendered":"https:\/\/trade.colart.com\/fr\/product\/lefranc-bourgeois-additifs-pour-acrylique\/"},"modified":"2026-04-17T11:52:28","modified_gmt":"2026-04-17T11:52:28","slug":"lefranc-bourgeois-additifs-pour-acrylique","status":"publish","type":"product","link":"https:\/\/trade.colart.com\/fr\/product\/lefranc-bourgeois-additifs-pour-acrylique\/","title":{"rendered":"Additifs pour Acrylique"},"content":{"rendered":"","protected":false},"excerpt":{"rendered":"<p>Cr\u00e9ez des collages et transformez les finitions avec notre gel \u00e0 int\u00e9gration de mati\u00e8re brillante translucide. Ce gel adh\u00e9sif pour peinture acrylique est id\u00e9al pour r\u00e9aliser des fonds en l\u00e9ger relief, des collages et des incrustations. Con\u00e7u pour les peintures acryliques et vinyliques, il rehausse les finitions brillantes, tout en am\u00e9liorant la transparence. M\u00e9lang\u00e9 directement \u00e0 la peinture, il s\u00e8che avec une finition translucide et non jaunissante.<\/p>\n<p>Les outils utilis\u00e9s se nettoient \u00e0 l\u2019eau. <span class=\"more_dots\">&#8230;<\/span><\/p>\n<p><a class=\"btn btn-secondary understrap-read-more-link\" href=\"https:\/\/trade.colart.com\/fr\/product\/lefranc-bourgeois-additifs-pour-acrylique\/\">Read More&#8230;<span class=\"screen-reader-text\"> from Additifs pour Acrylique<\/span><\/a><\/p>\n","protected":false},"featured_media":12984,"comment_status":"closed","ping_status":"closed","template":"","meta":{"_acf_changed":false},"product_brand":[],"product_cat":[2844],"product_tag":[],"class_list":{"0":"post-12345","1":"product","2":"type-product","3":"status-publish","4":"has-post-thumbnail","6":"product_cat-lefranc-bourgeois-beaux-arts-additifs","8":"first","9":"instock","10":"shipping-taxable","11":"purchasable","12":"product-type-variable"},"acf":[],"_links":{"self":[{"href":"https:\/\/trade.colart.com\/fr\/wp-json\/wp\/v2\/product\/12345","targetHints":{"allow":["GET"]}}],"collection":[{"href":"https:\/\/trade.colart.com\/fr\/wp-json\/wp\/v2\/product"}],"about":[{"href":"https:\/\/trade.colart.com\/fr\/wp-json\/wp\/v2\/types\/product"}],"replies":[{"embeddable":true,"href":"https:\/\/trade.colart.com\/fr\/wp-json\/wp\/v2\/comments?post=12345"}],"wp:featuredmedia":[{"embeddable":true,"href":"https:\/\/trade.colart.com\/fr\/wp-json\/wp\/v2\/media\/12984"}],"wp:attachment":[{"href":"https:\/\/trade.colart.com\/fr\/wp-json\/wp\/v2\/media?parent=12345"}],"wp:term":[{"taxonomy":"product_brand","embeddable":true,"href":"https:\/\/trade.colart.com\/fr\/wp-json\/wp\/v2\/product_brand?post=12345"},{"taxonomy":"product_cat","embeddable":true,"href":"https:\/\/trade.colart.com\/fr\/wp-json\/wp\/v2\/product_cat?post=12345"},{"taxonomy":"product_tag","embeddable":true,"href":"https:\/\/trade.colart.com\/fr\/wp-json\/wp\/v2\/product_tag?post=12345"}],"curies":[{"name":"wp","href":"https:\/\/api.w.org\/{rel}","templated":true}]}}