{"id":12369,"date":"2025-02-26T01:33:41","date_gmt":"2025-02-26T01:33:41","guid":{"rendered":"https:\/\/trade.colart.com\/fr\/product\/lefranc-bourgeois-additifs-pour-huile\/"},"modified":"2026-04-17T11:55:19","modified_gmt":"2026-04-17T11:55:19","slug":"lefranc-bourgeois-additifs-pour-huile","status":"publish","type":"product","link":"https:\/\/trade.colart.com\/fr\/product\/lefranc-bourgeois-additifs-pour-huile\/","title":{"rendered":"Additifs pour Huile"},"content":{"rendered":"","protected":false},"excerpt":{"rendered":"<p>Ce m\u00e9dium rappelle les recettes anciennes des fr\u00e8res Van Eyck au XVI\u00e8 si\u00e8cle. Il permet une ex\u00e9cution pr\u00e9cise, transparente et brillante. Il apporte profondeur et luminosit\u00e9 au tableau. Il permet, pur des emp\u00e2tements l\u00e9gers ou des aplats tendus au couteau rappelant les finitions laqu\u00e9es. Dilu\u00e9 \u00e0 50% avec du m\u00e9dium \u00e0 peindre brillant des glacis.<br \/>\nDense et sans plomb, il est compos\u00e9 d&#8217;huile de lin et de r\u00e9sine de mastic.<\/p>\n<p>En s\u00e9chant plus lentement que le m\u00e9dium v\u00e9nitien, il vous aide \u00e0 obtenir une finition uniforme. <span class=\"more_dots\">&#8230;<\/span><\/p>\n<p><a class=\"btn btn-secondary understrap-read-more-link\" href=\"https:\/\/trade.colart.com\/fr\/product\/lefranc-bourgeois-additifs-pour-huile\/\">Read More&#8230;<span class=\"screen-reader-text\"> from Additifs pour Huile<\/span><\/a><\/p>\n","protected":false},"featured_media":17630,"comment_status":"closed","ping_status":"closed","template":"","meta":{"_acf_changed":false},"product_brand":[],"product_cat":[2844],"product_tag":[],"class_list":{"0":"post-12369","1":"product","2":"type-product","3":"status-publish","4":"has-post-thumbnail","6":"product_cat-lefranc-bourgeois-beaux-arts-additifs","8":"first","9":"instock","10":"shipping-taxable","11":"purchasable","12":"product-type-variable"},"acf":[],"_links":{"self":[{"href":"https:\/\/trade.colart.com\/fr\/wp-json\/wp\/v2\/product\/12369","targetHints":{"allow":["GET"]}}],"collection":[{"href":"https:\/\/trade.colart.com\/fr\/wp-json\/wp\/v2\/product"}],"about":[{"href":"https:\/\/trade.colart.com\/fr\/wp-json\/wp\/v2\/types\/product"}],"replies":[{"embeddable":true,"href":"https:\/\/trade.colart.com\/fr\/wp-json\/wp\/v2\/comments?post=12369"}],"wp:featuredmedia":[{"embeddable":true,"href":"https:\/\/trade.colart.com\/fr\/wp-json\/wp\/v2\/media\/17630"}],"wp:attachment":[{"href":"https:\/\/trade.colart.com\/fr\/wp-json\/wp\/v2\/media?parent=12369"}],"wp:term":[{"taxonomy":"product_brand","embeddable":true,"href":"https:\/\/trade.colart.com\/fr\/wp-json\/wp\/v2\/product_brand?post=12369"},{"taxonomy":"product_cat","embeddable":true,"href":"https:\/\/trade.colart.com\/fr\/wp-json\/wp\/v2\/product_cat?post=12369"},{"taxonomy":"product_tag","embeddable":true,"href":"https:\/\/trade.colart.com\/fr\/wp-json\/wp\/v2\/product_tag?post=12369"}],"curies":[{"name":"wp","href":"https:\/\/api.w.org\/{rel}","templated":true}]}}