{"id":12540,"date":"2025-02-26T01:35:02","date_gmt":"2025-02-26T01:35:02","guid":{"rendered":"https:\/\/trade.colart.com\/fr\/product\/lefranc-bourgeois-gouache-etude\/"},"modified":"2026-04-17T11:50:20","modified_gmt":"2026-04-17T11:50:20","slug":"lefranc-bourgeois-gouache-etude","status":"publish","type":"product","link":"https:\/\/trade.colart.com\/fr\/product\/lefranc-bourgeois-gouache-etude\/","title":{"rendered":"Gouache Etude"},"content":{"rendered":"<p>D\u00e9couvrez l&#8217;opacit\u00e9 unique des couleurs \u00e0 base d&#8217;eau de notre gamme de Gouache Etude. Elle comprend cinq couleurs hautement pigment\u00e9es con\u00e7ues pour le m\u00e9lange, l&#8217;exploration cr\u00e9atrice et une couvrance exceptionnelle.  <\/p>\n<p>Chaque couleur a une texture douce et cr\u00e9meuse qui donne une finition opaque et mate caract\u00e9ristique. Approuv\u00e9e par les \u00e9coles d&#8217;art et de design, cette gamme est id\u00e9ale pour les illustrations, les travaux artistiques \u00e0 l&#8217;\u00e9cole et \u00e0 la maison.<\/p>\n","protected":false},"excerpt":{"rendered":"<p>D\u00e9couvrez l\u2019opacit\u00e9 unique des couleurs \u00e0 base d\u2019eau de notre gamme de Gouache Etude. Elle comprend cinq couleurs hautement pigment\u00e9es con\u00e7ues pour le m\u00e9lange, l\u2019exploration cr\u00e9atrice et une couvrance exceptionnelle.<\/p>\n<p>Chaque couleur a une texture douce et cr\u00e9meuse qui donne une finition opaque et mate caract\u00e9ristique. Approuv\u00e9e par les \u00e9coles d\u2019art et de design, cette gamme est id\u00e9ale pour les illustrations, les travaux artistiques \u00e0 l\u2019\u00e9cole et \u00e0 la maison. <span class=\"more_dots\">&#8230;<\/span><\/p>\n<p><a class=\"btn btn-secondary understrap-read-more-link\" href=\"https:\/\/trade.colart.com\/fr\/product\/lefranc-bourgeois-gouache-etude\/\">Read More&#8230;<span class=\"screen-reader-text\"> from Gouache Etude<\/span><\/a><\/p>\n","protected":false},"featured_media":25519,"comment_status":"closed","ping_status":"closed","template":"","meta":{"_acf_changed":false},"product_brand":[],"product_cat":[2827],"product_tag":[],"class_list":{"0":"post-12540","1":"product","2":"type-product","3":"status-publish","4":"has-post-thumbnail","6":"product_cat-lefranc-bourgeois-beaux-arts-gouache-gouache-etude","8":"first","9":"instock","10":"shipping-taxable","11":"purchasable","12":"product-type-variable"},"acf":[],"_links":{"self":[{"href":"https:\/\/trade.colart.com\/fr\/wp-json\/wp\/v2\/product\/12540","targetHints":{"allow":["GET"]}}],"collection":[{"href":"https:\/\/trade.colart.com\/fr\/wp-json\/wp\/v2\/product"}],"about":[{"href":"https:\/\/trade.colart.com\/fr\/wp-json\/wp\/v2\/types\/product"}],"replies":[{"embeddable":true,"href":"https:\/\/trade.colart.com\/fr\/wp-json\/wp\/v2\/comments?post=12540"}],"wp:featuredmedia":[{"embeddable":true,"href":"https:\/\/trade.colart.com\/fr\/wp-json\/wp\/v2\/media\/25519"}],"wp:attachment":[{"href":"https:\/\/trade.colart.com\/fr\/wp-json\/wp\/v2\/media?parent=12540"}],"wp:term":[{"taxonomy":"product_brand","embeddable":true,"href":"https:\/\/trade.colart.com\/fr\/wp-json\/wp\/v2\/product_brand?post=12540"},{"taxonomy":"product_cat","embeddable":true,"href":"https:\/\/trade.colart.com\/fr\/wp-json\/wp\/v2\/product_cat?post=12540"},{"taxonomy":"product_tag","embeddable":true,"href":"https:\/\/trade.colart.com\/fr\/wp-json\/wp\/v2\/product_tag?post=12540"}],"curies":[{"name":"wp","href":"https:\/\/api.w.org\/{rel}","templated":true}]}}