{"id":12615,"date":"2025-01-23T20:46:44","date_gmt":"2025-01-23T20:46:44","guid":{"rendered":"https:\/\/trade.colart.com\/fr\/product\/lefranc-bourgeois-papier-pour-acrylique\/"},"modified":"2025-02-20T07:52:21","modified_gmt":"2025-02-20T07:52:21","slug":"lefranc-bourgeois-papier-pour-acrylique","status":"publish","type":"product","link":"https:\/\/trade.colart.com\/fr\/product\/lefranc-bourgeois-papier-pour-acrylique\/","title":{"rendered":"Papier pour Acrylique"},"content":{"rendered":"<p>Notre gamme de papier est moulue afin d&#8217;offrir la meilleure qualit\u00e9 possible pour vos supports. Cr\u00e9ez davantage avec nos deux gammes de papier haute performance, telles que le papier acrylique, le papier calque, le papier noir et les papiers multi-techniques (pastels, aquarelle, etc.).<\/p>\n","protected":false},"excerpt":{"rendered":"<p>Peignez sur du papier con\u00e7u sp\u00e9cialement pour l&#8217;acrylique. Nos blocs de papier acrylique contiennent 15 feuilles con\u00e7ues pour l&#8217;acrylique et le Flashe, avec une texture qui rappelle la sensation d&#8217;une toile tiss\u00e9e serr\u00e9e.<\/p>\n<p>Fabriqu\u00e9 dans un moule pour assurer sa stabilit\u00e9 et sa r\u00e9sistance au vieillissement, il est 100 % sans acide et sa surface est calibr\u00e9e pour rehausser la brillance des peintures vinyliques. 15 feuilles gomm\u00e9es  de 300g\/m, disponibles en A4, A3 et 51x41cm. <span class=\"more_dots\">&#8230;<\/span><\/p>\n<p><a class=\"btn btn-secondary understrap-read-more-link\" href=\"https:\/\/trade.colart.com\/fr\/product\/lefranc-bourgeois-papier-pour-acrylique\/\">Read More&#8230;<span class=\"screen-reader-text\"> from Papier pour Acrylique<\/span><\/a><\/p>\n","protected":false},"featured_media":13258,"comment_status":"closed","ping_status":"closed","template":"","meta":{"_acf_changed":false},"product_brand":[],"product_cat":[364],"product_tag":[],"class_list":{"0":"post-12615","1":"product","2":"type-product","3":"status-publish","4":"has-post-thumbnail","6":"product_cat-winsor-newton-coffrets-sets-pinceaux-foundation","7":"no-variations-price","8":"d-none","10":"first","11":"instock","12":"shipping-taxable","13":"purchasable","14":"product-type-variable"},"acf":[],"_links":{"self":[{"href":"https:\/\/trade.colart.com\/fr\/wp-json\/wp\/v2\/product\/12615","targetHints":{"allow":["GET"]}}],"collection":[{"href":"https:\/\/trade.colart.com\/fr\/wp-json\/wp\/v2\/product"}],"about":[{"href":"https:\/\/trade.colart.com\/fr\/wp-json\/wp\/v2\/types\/product"}],"replies":[{"embeddable":true,"href":"https:\/\/trade.colart.com\/fr\/wp-json\/wp\/v2\/comments?post=12615"}],"wp:featuredmedia":[{"embeddable":true,"href":"https:\/\/trade.colart.com\/fr\/wp-json\/wp\/v2\/media\/13258"}],"wp:attachment":[{"href":"https:\/\/trade.colart.com\/fr\/wp-json\/wp\/v2\/media?parent=12615"}],"wp:term":[{"taxonomy":"product_brand","embeddable":true,"href":"https:\/\/trade.colart.com\/fr\/wp-json\/wp\/v2\/product_brand?post=12615"},{"taxonomy":"product_cat","embeddable":true,"href":"https:\/\/trade.colart.com\/fr\/wp-json\/wp\/v2\/product_cat?post=12615"},{"taxonomy":"product_tag","embeddable":true,"href":"https:\/\/trade.colart.com\/fr\/wp-json\/wp\/v2\/product_tag?post=12615"}],"curies":[{"name":"wp","href":"https:\/\/api.w.org\/{rel}","templated":true}]}}