{"id":12688,"date":"2025-02-25T23:08:06","date_gmt":"2025-02-25T23:08:06","guid":{"rendered":"https:\/\/trade.colart.com\/fr\/product\/lefranc-bourgeois-couleurs-ceramic\/"},"modified":"2026-04-17T09:11:16","modified_gmt":"2026-04-17T09:11:16","slug":"lefranc-bourgeois-couleurs-ceramic","status":"publish","type":"product","link":"https:\/\/trade.colart.com\/fr\/product\/lefranc-bourgeois-couleurs-ceramic\/","title":{"rendered":"Couleurs Ceramic"},"content":{"rendered":"<p>D\u00e9corez vos surfaces lisses avec nos peintures pour c\u00e9ramique. S\u00e9chant avec un fini brillant et opaque semblable \u00e0 l&#8217;\u00e9mail, ces peintures sont parfaites pour les projets d\u00e9coratifs et la cr\u00e9ation d&#8217;\u0153uvres d&#8217;art au-del\u00e0 des limites de la toile.<\/p>\n<p>D\u00e9velopp\u00e9es \u00e0 partir d&#8217;une r\u00e9sine \u00e0 base de pigments, chaque couleur est enti\u00e8rement m\u00e9langeable. Tr\u00e8s polyvalente, cette gamme peut \u00eatre utilis\u00e9e de concert avec notre gamme compl\u00e8te d&#8217;additifs. Convient au verre, \u00e0 la porcelaine et au m\u00e9tal.<\/p>\n","protected":false},"excerpt":{"rendered":"<p>D\u00e9corez vos surfaces lisses avec nos peintures pour c\u00e9ramique. S\u00e9chant avec un fini brillant et opaque semblable \u00e0 l&#8217;\u00e9mail, ces peintures sont parfaites pour les projets d\u00e9coratifs et la cr\u00e9ation d&#8217;\u0153uvres d&#8217;art au-del\u00e0 des limites de la toile. D\u00e9velopp\u00e9es \u00e0 partir d&#8217;une r\u00e9sine \u00e0 base de pigments, chaque couleur est enti\u00e8rement m\u00e9langeable. Tr\u00e8s polyvalente, cette <span class=\"more_dots\">&#8230;<\/span><\/p>\n<p><a class=\"btn btn-secondary understrap-read-more-link\" href=\"https:\/\/trade.colart.com\/fr\/product\/lefranc-bourgeois-couleurs-ceramic\/\">Read More&#8230;<span class=\"screen-reader-text\"> from Couleurs Ceramic<\/span><\/a><\/p>\n","protected":false},"featured_media":21382,"comment_status":"closed","ping_status":"closed","template":"","meta":{"_acf_changed":false},"product_brand":[],"product_cat":[2866],"product_tag":[],"class_list":{"0":"post-12688","1":"product","2":"type-product","3":"status-publish","4":"has-post-thumbnail","6":"product_cat-lefranc-bourgeois-loisirs","8":"first","9":"instock","10":"shipping-taxable","11":"purchasable","12":"product-type-variable"},"acf":[],"_links":{"self":[{"href":"https:\/\/trade.colart.com\/fr\/wp-json\/wp\/v2\/product\/12688","targetHints":{"allow":["GET"]}}],"collection":[{"href":"https:\/\/trade.colart.com\/fr\/wp-json\/wp\/v2\/product"}],"about":[{"href":"https:\/\/trade.colart.com\/fr\/wp-json\/wp\/v2\/types\/product"}],"replies":[{"embeddable":true,"href":"https:\/\/trade.colart.com\/fr\/wp-json\/wp\/v2\/comments?post=12688"}],"wp:featuredmedia":[{"embeddable":true,"href":"https:\/\/trade.colart.com\/fr\/wp-json\/wp\/v2\/media\/21382"}],"wp:attachment":[{"href":"https:\/\/trade.colart.com\/fr\/wp-json\/wp\/v2\/media?parent=12688"}],"wp:term":[{"taxonomy":"product_brand","embeddable":true,"href":"https:\/\/trade.colart.com\/fr\/wp-json\/wp\/v2\/product_brand?post=12688"},{"taxonomy":"product_cat","embeddable":true,"href":"https:\/\/trade.colart.com\/fr\/wp-json\/wp\/v2\/product_cat?post=12688"},{"taxonomy":"product_tag","embeddable":true,"href":"https:\/\/trade.colart.com\/fr\/wp-json\/wp\/v2\/product_tag?post=12688"}],"curies":[{"name":"wp","href":"https:\/\/api.w.org\/{rel}","templated":true}]}}