{"id":12707,"date":"2025-02-26T01:48:36","date_gmt":"2025-02-26T01:48:36","guid":{"rendered":"https:\/\/trade.colart.com\/fr\/product\/lefranc-bourgeois-couleurs-vitrail\/"},"modified":"2026-04-17T10:23:01","modified_gmt":"2026-04-17T10:23:01","slug":"lefranc-bourgeois-couleurs-vitrail","status":"publish","type":"product","link":"https:\/\/trade.colart.com\/fr\/product\/lefranc-bourgeois-couleurs-vitrail\/","title":{"rendered":"Couleurs Vitrail"},"content":{"rendered":"<p>D\u00e9couvrez la transparence in\u00e9gal\u00e9e de nos peintures Vitrail, con\u00e7ues pour peindre sur le verre.<br \/>\nCette gamme compos\u00e9e de 22 couleurs vives, inalt\u00e9rables et miscibles, est parfaite pour une application sur des surfaces lisses. Elle peut \u00eatre utilis\u00e9e avec la peinture pour c\u00e9ramique, et ponctu\u00e9e de lignes et contours avec notre gamme Cern Couleurs. Pour obtenir la meilleure r\u00e9sistance \u00e0 la lumi\u00e8re, appliquez une couche \u00e9paisse.<\/p>\n","protected":false},"excerpt":{"rendered":"<p>D\u00e9couvrez la transparence in\u00e9gal\u00e9e de nos peintures Vitrail, con\u00e7ues pour peindre sur le verre. Cette gamme compos\u00e9e de 22 couleurs vives, inalt\u00e9rables et miscibles, est parfaite pour une application sur des surfaces lisses. Elle peut \u00eatre utilis\u00e9e avec la peinture pour c\u00e9ramique, et ponctu\u00e9e de lignes et contours avec notre gamme Cern Couleurs. Pour obtenir <span class=\"more_dots\">&#8230;<\/span><\/p>\n<p><a class=\"btn btn-secondary understrap-read-more-link\" href=\"https:\/\/trade.colart.com\/fr\/product\/lefranc-bourgeois-couleurs-vitrail\/\">Read More&#8230;<span class=\"screen-reader-text\"> from Couleurs Vitrail<\/span><\/a><\/p>\n","protected":false},"featured_media":21383,"comment_status":"closed","ping_status":"closed","template":"","meta":{"_acf_changed":false},"product_brand":[],"product_cat":[2866],"product_tag":[],"class_list":{"0":"post-12707","1":"product","2":"type-product","3":"status-publish","4":"has-post-thumbnail","6":"product_cat-lefranc-bourgeois-loisirs","8":"first","9":"instock","10":"shipping-taxable","11":"purchasable","12":"product-type-variable"},"acf":[],"_links":{"self":[{"href":"https:\/\/trade.colart.com\/fr\/wp-json\/wp\/v2\/product\/12707","targetHints":{"allow":["GET"]}}],"collection":[{"href":"https:\/\/trade.colart.com\/fr\/wp-json\/wp\/v2\/product"}],"about":[{"href":"https:\/\/trade.colart.com\/fr\/wp-json\/wp\/v2\/types\/product"}],"replies":[{"embeddable":true,"href":"https:\/\/trade.colart.com\/fr\/wp-json\/wp\/v2\/comments?post=12707"}],"wp:featuredmedia":[{"embeddable":true,"href":"https:\/\/trade.colart.com\/fr\/wp-json\/wp\/v2\/media\/21383"}],"wp:attachment":[{"href":"https:\/\/trade.colart.com\/fr\/wp-json\/wp\/v2\/media?parent=12707"}],"wp:term":[{"taxonomy":"product_brand","embeddable":true,"href":"https:\/\/trade.colart.com\/fr\/wp-json\/wp\/v2\/product_brand?post=12707"},{"taxonomy":"product_cat","embeddable":true,"href":"https:\/\/trade.colart.com\/fr\/wp-json\/wp\/v2\/product_cat?post=12707"},{"taxonomy":"product_tag","embeddable":true,"href":"https:\/\/trade.colart.com\/fr\/wp-json\/wp\/v2\/product_tag?post=12707"}],"curies":[{"name":"wp","href":"https:\/\/api.w.org\/{rel}","templated":true}]}}