{"id":12788,"date":"2026-03-12T09:50:56","date_gmt":"2026-03-12T09:50:56","guid":{"rendered":"https:\/\/trade.colart.com\/fr\/product\/lefranc-bourgeois-fine-pinceaux-manche-long-x6-assortiment\/"},"modified":"2026-04-17T13:31:36","modified_gmt":"2026-04-17T13:31:36","slug":"lefranc-bourgeois-assortiment-de-pinceaux-fins-%c3%a0-manche-long-6-pi%c3%a8ces","status":"publish","type":"product","link":"https:\/\/trade.colart.com\/fr\/product\/lefranc-bourgeois-assortiment-de-pinceaux-fins-%c3%a0-manche-long-6-pi%c3%a8ces\/","title":{"rendered":"Lefranc Bourgeois Assortiment de Pinceaux Fins \u00e0 Manche Long 6 pi\u00e8ces"},"content":{"rendered":"<p>Donnez des coups de pinceaux audacieux et textur\u00e9s avec nos kit de pinceaux synth\u00e9tiques pour acrylique fine. Avec des fibres synth\u00e9tiques fermes, chaque pinceau est con\u00e7u pour lib\u00e9rer votre expression \u00e0 l&#8217;\u00e9tat brut. Nos kits comprennent des pinceaux \u00e0 pointe plate, ronde et filbert, avec des manches courts et longs pour les d\u00e9tails et le travail de chevalet.<\/p>\n<p>Disponibles en sets de trois \u00e0 six, ces pinceaux sont les plus performants avec l&#8217;acrylique, mais conviennent \u00e9galement \u00e0 tous les autres m\u00e9diums. Choisissez votre set d\u00e8s \u00e0 pr\u00e9sent.<\/p>\n","protected":false},"excerpt":{"rendered":"<p>Donnez des coups de pinceaux audacieux et textur\u00e9s avec nos kit de pinceaux synth\u00e9tiques pour acrylique fine. Avec des fibres synth\u00e9tiques fermes, chaque pinceau est con\u00e7u pour lib\u00e9rer votre expression \u00e0 l&#8217;\u00e9tat brut. Nos kits comprennent des pinceaux \u00e0 pointe plate, ronde et filbert, avec des manches courts et longs pour les d\u00e9tails et le travail de chevalet.<\/p>\n<p>Disponibles en sets de trois \u00e0 six, ces pinceaux sont les plus performants avec l&#8217;acrylique, mais conviennent \u00e9galement \u00e0 tous les autres m\u00e9diums. Choisissez votre set d\u00e8s \u00e0 pr\u00e9sent. <span class=\"more_dots\">&#8230;<\/span><\/p>\n<p><a class=\"btn btn-secondary understrap-read-more-link\" href=\"https:\/\/trade.colart.com\/fr\/product\/lefranc-bourgeois-assortiment-de-pinceaux-fins-%c3%a0-manche-long-6-pi%c3%a8ces\/\">Read More&#8230;<span class=\"screen-reader-text\"> from Lefranc Bourgeois Assortiment de Pinceaux Fins \u00e0 Manche Long 6 pi\u00e8ces<\/span><\/a><\/p>\n","protected":false},"featured_media":13386,"comment_status":"closed","ping_status":"closed","template":"","meta":{"_acf_changed":false},"product_brand":[],"product_cat":[2853],"product_tag":[],"class_list":{"0":"post-12788","1":"product","2":"type-product","3":"status-publish","4":"has-post-thumbnail","6":"product_cat-lefranc-bourgeois-beaux-arts-applicateurs-pinceaux-pinceaux-huile-acrylique","8":"first","9":"instock","10":"shipping-taxable","11":"purchasable","12":"product-type-simple"},"acf":[],"_links":{"self":[{"href":"https:\/\/trade.colart.com\/fr\/wp-json\/wp\/v2\/product\/12788","targetHints":{"allow":["GET"]}}],"collection":[{"href":"https:\/\/trade.colart.com\/fr\/wp-json\/wp\/v2\/product"}],"about":[{"href":"https:\/\/trade.colart.com\/fr\/wp-json\/wp\/v2\/types\/product"}],"replies":[{"embeddable":true,"href":"https:\/\/trade.colart.com\/fr\/wp-json\/wp\/v2\/comments?post=12788"}],"wp:featuredmedia":[{"embeddable":true,"href":"https:\/\/trade.colart.com\/fr\/wp-json\/wp\/v2\/media\/13386"}],"wp:attachment":[{"href":"https:\/\/trade.colart.com\/fr\/wp-json\/wp\/v2\/media?parent=12788"}],"wp:term":[{"taxonomy":"product_brand","embeddable":true,"href":"https:\/\/trade.colart.com\/fr\/wp-json\/wp\/v2\/product_brand?post=12788"},{"taxonomy":"product_cat","embeddable":true,"href":"https:\/\/trade.colart.com\/fr\/wp-json\/wp\/v2\/product_cat?post=12788"},{"taxonomy":"product_tag","embeddable":true,"href":"https:\/\/trade.colart.com\/fr\/wp-json\/wp\/v2\/product_tag?post=12788"}],"curies":[{"name":"wp","href":"https:\/\/api.w.org\/{rel}","templated":true}]}}