{"id":12795,"date":"2026-03-12T17:04:17","date_gmt":"2026-03-12T17:04:17","guid":{"rendered":"https:\/\/trade.colart.com\/fr\/product\/lefranc-bourgeois-fine-huile-pinceaux-assortiment-soies-de-porc-manche-long-x6-assortiment\/"},"modified":"2026-04-17T13:21:04","modified_gmt":"2026-04-17T13:21:04","slug":"lefranc-bourgeois-enfants-assortiment-de-6-pinceaux-pour-lhuile-en-soies-de-porc-%c3%a0-manche-long","status":"publish","type":"product","link":"https:\/\/trade.colart.com\/fr\/product\/lefranc-bourgeois-enfants-assortiment-de-6-pinceaux-pour-lhuile-en-soies-de-porc-%c3%a0-manche-long\/","title":{"rendered":"Lefranc Bourgeois Enfants Assortiment de 6 Pinceaux pour l&#8217;Huile en Soies de Porc \u00e0 Manche Long"},"content":{"rendered":"<p>Contr\u00f4lez chacun de vos coups de pinceau gr\u00e2ce \u00e0 nos sets de pinceaux \u00e0 l&#8217;huile fine, en soie de porc. Chaque pinceau est fabriqu\u00e9 avec des poils de porc Chungking pour une \u00e9lasticit\u00e9 et une durabilit\u00e9 incroyables. Adapt\u00e9s \u00e0 tous les styles, nos sets comprennent des pinceaux plats, ronds et \u00e0 pointe filbert, avec des manches courts et longs pour le travail de pr\u00e8s et sur chevalet.<\/p>\n<p>Disponibles par lots de trois \u00e0 six, ils sont id\u00e9aux pour les \u00e9tudiants et les artistes qui explorent ce m\u00e9dium. S\u00e9lectionnez votre set d\u00e8s maintenant.<\/p>\n","protected":false},"excerpt":{"rendered":"<p>Contr\u00f4lez chacun de vos coups de pinceau gr\u00e2ce \u00e0 nos sets de pinceaux \u00e0 l&#8217;huile fine, en soie de porc. Chaque pinceau est fabriqu\u00e9 avec des poils de porc Chungking pour une \u00e9lasticit\u00e9 et une durabilit\u00e9 incroyables. Adapt\u00e9s \u00e0 tous les styles, nos sets comprennent des pinceaux plats, ronds et \u00e0 pointe filbert, avec des manches courts et longs pour le travail de pr\u00e8s et sur chevalet.<\/p>\n<p>Disponibles par lots de trois \u00e0 six, ils sont id\u00e9aux pour les \u00e9tudiants et les artistes qui explorent ce m\u00e9dium. S\u00e9lectionnez votre set d\u00e8s maintenant. <span class=\"more_dots\">&#8230;<\/span><\/p>\n<p><a class=\"btn btn-secondary understrap-read-more-link\" href=\"https:\/\/trade.colart.com\/fr\/product\/lefranc-bourgeois-enfants-assortiment-de-6-pinceaux-pour-lhuile-en-soies-de-porc-%c3%a0-manche-long\/\">Read More&#8230;<span class=\"screen-reader-text\"> from Lefranc Bourgeois Enfants Assortiment de 6 Pinceaux pour l&#8217;Huile en Soies de Porc \u00e0 Manche Long<\/span><\/a><\/p>\n","protected":false},"featured_media":13394,"comment_status":"closed","ping_status":"closed","template":"","meta":{"_acf_changed":false},"product_brand":[],"product_cat":[2853],"product_tag":[],"class_list":{"0":"post-12795","1":"product","2":"type-product","3":"status-publish","4":"has-post-thumbnail","6":"product_cat-lefranc-bourgeois-beaux-arts-applicateurs-pinceaux-pinceaux-huile-acrylique","8":"first","9":"instock","10":"shipping-taxable","11":"purchasable","12":"product-type-simple"},"acf":[],"_links":{"self":[{"href":"https:\/\/trade.colart.com\/fr\/wp-json\/wp\/v2\/product\/12795","targetHints":{"allow":["GET"]}}],"collection":[{"href":"https:\/\/trade.colart.com\/fr\/wp-json\/wp\/v2\/product"}],"about":[{"href":"https:\/\/trade.colart.com\/fr\/wp-json\/wp\/v2\/types\/product"}],"replies":[{"embeddable":true,"href":"https:\/\/trade.colart.com\/fr\/wp-json\/wp\/v2\/comments?post=12795"}],"wp:featuredmedia":[{"embeddable":true,"href":"https:\/\/trade.colart.com\/fr\/wp-json\/wp\/v2\/media\/13394"}],"wp:attachment":[{"href":"https:\/\/trade.colart.com\/fr\/wp-json\/wp\/v2\/media?parent=12795"}],"wp:term":[{"taxonomy":"product_brand","embeddable":true,"href":"https:\/\/trade.colart.com\/fr\/wp-json\/wp\/v2\/product_brand?post=12795"},{"taxonomy":"product_cat","embeddable":true,"href":"https:\/\/trade.colart.com\/fr\/wp-json\/wp\/v2\/product_cat?post=12795"},{"taxonomy":"product_tag","embeddable":true,"href":"https:\/\/trade.colart.com\/fr\/wp-json\/wp\/v2\/product_tag?post=12795"}],"curies":[{"name":"wp","href":"https:\/\/api.w.org\/{rel}","templated":true}]}}