{"id":12799,"date":"2026-03-12T09:51:43","date_gmt":"2026-03-12T09:51:43","guid":{"rendered":"https:\/\/trade.colart.com\/fr\/product\/lefranc-bourgeois-fine-pinceaux-assortiment-petits-gris-manche-court-x3-4812\/"},"modified":"2026-04-17T13:35:08","modified_gmt":"2026-04-17T13:35:08","slug":"lefranc-bourgeois-assortiment-de-pinceaux-%c3%a0-manche-court-ronds-n4812","status":"publish","type":"product","link":"https:\/\/trade.colart.com\/fr\/product\/lefranc-bourgeois-assortiment-de-pinceaux-%c3%a0-manche-court-ronds-n4812\/","title":{"rendered":"Lefranc Bourgeois Assortiment de Pinceaux \u00e0 Manche Court Ronds (N\u00b04\/8\/12)"},"content":{"rendered":"<p>Exprimez-vous davantage avec des d\u00e9grad\u00e9s et des lavis en utilisant notre set de pinceaux fins en poils d&#8217;\u00e9cureuil pour l&#8217;aquarelle. Ces trois pinceaux pinceaux \u00e0 bouts ronds (N\u00b04, 8 &amp; 12), en poils d&#8217;\u00e9cureuil naturels, ont des manches courts, id\u00e9aux pour peindre de pr\u00e8s.<\/p>\n<p>Con\u00e7u pour l&#8217;aquarelle et la gouache, chaque pinceau a une excellente r\u00e9tention d&#8217;eau pour un m\u00e9lange des couleurs et un travail de d\u00e9tail de qualit\u00e9 sup\u00e9rieure. Id\u00e9al pour les \u00e9tudiants et les artistes.<\/p>\n","protected":false},"excerpt":{"rendered":"<p>Exprimez-vous davantage avec des d\u00e9grad\u00e9s et des lavis en utilisant notre set de pinceaux fins en poils d&#8217;\u00e9cureuil pour l&#8217;aquarelle. Ces trois pinceaux pinceaux \u00e0 bouts ronds (N\u00b04, 8 &amp; 12), en poils d&#8217;\u00e9cureuil naturels, ont des manches courts, id\u00e9aux pour peindre de pr\u00e8s.<\/p>\n<p>Con\u00e7u pour l&#8217;aquarelle et la gouache, chaque pinceau a une excellente r\u00e9tention d&#8217;eau pour un m\u00e9lange des couleurs et un travail de d\u00e9tail de qualit\u00e9 sup\u00e9rieure. Id\u00e9al pour les \u00e9tudiants et les artistes. <span class=\"more_dots\">&#8230;<\/span><\/p>\n<p><a class=\"btn btn-secondary understrap-read-more-link\" href=\"https:\/\/trade.colart.com\/fr\/product\/lefranc-bourgeois-assortiment-de-pinceaux-%c3%a0-manche-court-ronds-n4812\/\">Read More&#8230;<span class=\"screen-reader-text\"> from Lefranc Bourgeois Assortiment de Pinceaux \u00e0 Manche Court Ronds (N\u00b04\/8\/12)<\/span><\/a><\/p>\n","protected":false},"featured_media":13397,"comment_status":"closed","ping_status":"closed","template":"","meta":{"_acf_changed":false},"product_brand":[],"product_cat":[2854],"product_tag":[],"class_list":{"0":"post-12799","1":"product","2":"type-product","3":"status-publish","4":"has-post-thumbnail","6":"product_cat-lefranc-bourgeois-beaux-arts-applicateurs-pinceaux-pinceaux-gouache-aquarelle","8":"first","9":"instock","10":"shipping-taxable","11":"purchasable","12":"product-type-simple"},"acf":[],"_links":{"self":[{"href":"https:\/\/trade.colart.com\/fr\/wp-json\/wp\/v2\/product\/12799","targetHints":{"allow":["GET"]}}],"collection":[{"href":"https:\/\/trade.colart.com\/fr\/wp-json\/wp\/v2\/product"}],"about":[{"href":"https:\/\/trade.colart.com\/fr\/wp-json\/wp\/v2\/types\/product"}],"replies":[{"embeddable":true,"href":"https:\/\/trade.colart.com\/fr\/wp-json\/wp\/v2\/comments?post=12799"}],"wp:featuredmedia":[{"embeddable":true,"href":"https:\/\/trade.colart.com\/fr\/wp-json\/wp\/v2\/media\/13397"}],"wp:attachment":[{"href":"https:\/\/trade.colart.com\/fr\/wp-json\/wp\/v2\/media?parent=12799"}],"wp:term":[{"taxonomy":"product_brand","embeddable":true,"href":"https:\/\/trade.colart.com\/fr\/wp-json\/wp\/v2\/product_brand?post=12799"},{"taxonomy":"product_cat","embeddable":true,"href":"https:\/\/trade.colart.com\/fr\/wp-json\/wp\/v2\/product_cat?post=12799"},{"taxonomy":"product_tag","embeddable":true,"href":"https:\/\/trade.colart.com\/fr\/wp-json\/wp\/v2\/product_tag?post=12799"}],"curies":[{"name":"wp","href":"https:\/\/api.w.org\/{rel}","templated":true}]}}