{"id":12803,"date":"2026-03-12T15:51:48","date_gmt":"2026-03-12T15:51:48","guid":{"rendered":"https:\/\/trade.colart.com\/fr\/product\/lefranc-bourgeois-lefranc-pinceaux-pour-multi-usage-rond-x4-n4bombe-n14pl-court-n8event-n8\/"},"modified":"2026-04-06T14:19:47","modified_gmt":"2026-04-06T14:19:47","slug":"lefranc-bourgeois-assortiment-de-pinceaux-en-soies-de-porcrond-n4bomb%c3%a9-n14plat-court-n8eventail-n8","status":"publish","type":"product","link":"https:\/\/trade.colart.com\/fr\/product\/lefranc-bourgeois-assortiment-de-pinceaux-en-soies-de-porcrond-n4bomb%c3%a9-n14plat-court-n8eventail-n8\/","title":{"rendered":"Lefranc Bourgeois Assortiment de Pinceaux en Soies de Porc(Rond N\u00b04\/Bomb\u00e9 N\u00b014\/Plat Court N\u00b08\/Eventail N\u00b08)"},"content":{"rendered":"<p>Ma\u00eetrisez chaque coup de pinceau avec nos kits de pinceaux Lefranc Professional Oil Hog. Chaque kit est con\u00e7u pour diff\u00e9rentes techniques de peinture \u00e0 l&#8217;huile, de la cr\u00e9ation de textures \u00e0 la r\u00e9alisation de d\u00e9tails.<\/p>\n<p>Con\u00e7u pour les artistes professionnels, chaque ensemble de deux \u00e0 quatre pi\u00e8ces comprend nos pinceaux \u00e0 huile de la meilleure qualit\u00e9, dans diff\u00e9rents mod\u00e8les. Chacun d&#8217;eux est dot\u00e9 de pointes en poils de porc Chungking extr\u00eamement r\u00e9sistantes, li\u00e9es \u00e0 la main, et de manches en bois de bouleau. Choisissez votre kit d\u00e8s maintenant.<\/p>\n","protected":false},"excerpt":{"rendered":"<p>Ma\u00eetrisez chaque coup de pinceau avec nos kits de pinceaux Lefranc Professional Oil Hog. Chaque kit est con\u00e7u pour diff\u00e9rentes techniques de peinture \u00e0 l&#8217;huile, de la cr\u00e9ation de textures \u00e0 la r\u00e9alisation de d\u00e9tails.<\/p>\n<p>Con\u00e7u pour les artistes professionnels, chaque ensemble de deux \u00e0 quatre pi\u00e8ces comprend nos pinceaux \u00e0 huile de la meilleure qualit\u00e9, dans diff\u00e9rents mod\u00e8les. Chacun d&#8217;eux est dot\u00e9 de pointes en poils de porc Chungking extr\u00eamement r\u00e9sistantes, li\u00e9es \u00e0 la main, et de manches en bois de bouleau. Choisissez votre kit d\u00e8s maintenant. <span class=\"more_dots\">&#8230;<\/span><\/p>\n<p><a class=\"btn btn-secondary understrap-read-more-link\" href=\"https:\/\/trade.colart.com\/fr\/product\/lefranc-bourgeois-assortiment-de-pinceaux-en-soies-de-porcrond-n4bomb%c3%a9-n14plat-court-n8eventail-n8\/\">Read More&#8230;<span class=\"screen-reader-text\"> from Lefranc Bourgeois Assortiment de Pinceaux en Soies de Porc(Rond N\u00b04\/Bomb\u00e9 N\u00b014\/Plat Court N\u00b08\/Eventail N\u00b08)<\/span><\/a><\/p>\n","protected":false},"featured_media":22978,"comment_status":"closed","ping_status":"closed","template":"","meta":{"_acf_changed":false},"product_brand":[],"product_cat":[2853],"product_tag":[],"class_list":{"0":"post-12803","1":"product","2":"type-product","3":"status-publish","4":"has-post-thumbnail","6":"product_cat-lefranc-bourgeois-beaux-arts-applicateurs-pinceaux-pinceaux-huile-acrylique","8":"first","9":"instock","10":"shipping-taxable","11":"purchasable","12":"product-type-simple"},"acf":[],"_links":{"self":[{"href":"https:\/\/trade.colart.com\/fr\/wp-json\/wp\/v2\/product\/12803","targetHints":{"allow":["GET"]}}],"collection":[{"href":"https:\/\/trade.colart.com\/fr\/wp-json\/wp\/v2\/product"}],"about":[{"href":"https:\/\/trade.colart.com\/fr\/wp-json\/wp\/v2\/types\/product"}],"replies":[{"embeddable":true,"href":"https:\/\/trade.colart.com\/fr\/wp-json\/wp\/v2\/comments?post=12803"}],"wp:featuredmedia":[{"embeddable":true,"href":"https:\/\/trade.colart.com\/fr\/wp-json\/wp\/v2\/media\/22978"}],"wp:attachment":[{"href":"https:\/\/trade.colart.com\/fr\/wp-json\/wp\/v2\/media?parent=12803"}],"wp:term":[{"taxonomy":"product_brand","embeddable":true,"href":"https:\/\/trade.colart.com\/fr\/wp-json\/wp\/v2\/product_brand?post=12803"},{"taxonomy":"product_cat","embeddable":true,"href":"https:\/\/trade.colart.com\/fr\/wp-json\/wp\/v2\/product_cat?post=12803"},{"taxonomy":"product_tag","embeddable":true,"href":"https:\/\/trade.colart.com\/fr\/wp-json\/wp\/v2\/product_tag?post=12803"}],"curies":[{"name":"wp","href":"https:\/\/api.w.org\/{rel}","templated":true}]}}