{"id":12806,"date":"2026-03-12T09:52:17","date_gmt":"2026-03-12T09:52:17","guid":{"rendered":"https:\/\/trade.colart.com\/fr\/product\/lefranc-bourgeois-set-fine-acrylique-12x20ml\/"},"modified":"2026-04-17T09:38:33","modified_gmt":"2026-04-17T09:38:33","slug":"lefranc-bourgeois-assortiment-dacrylique-fine-les-fondamentales-12-tubes","status":"publish","type":"product","link":"https:\/\/trade.colart.com\/fr\/product\/lefranc-bourgeois-assortiment-dacrylique-fine-les-fondamentales-12-tubes\/","title":{"rendered":"Lefranc Bourgeois Assortiment d&#8217;Acrylique Fine &#8220;Les Fondamentales&#8221; 12 Tubes"},"content":{"rendered":"<p>Exprimez votre talent avec des couleurs vibrantes gr\u00e2ce \u00e0 notre set de peinture acrylique fine Les essentiels. Ce coffret de peinture acrylique fine comprend 12 couleurs polyvalentes. Faites pour \u00eatre m\u00e9lang\u00e9es, elles ont une texture dense qui saisit tous vos coups de pinceau.<\/p>\n<p>Ce coffret de peinture acrylique fine est notre kit le plus complet, c&#8217;est le cadeau id\u00e9al pour les \u00e9tudiants et les artistes qui explorent ce m\u00e9dium. Fabriqu\u00e9 en France, chaque tube offre une qualit\u00e9 incroyable. 12 tubes de 20 ml<\/p>\n","protected":false},"excerpt":{"rendered":"<p>Exprimez votre talent avec des couleurs vibrantes gr\u00e2ce \u00e0 notre set de peinture acrylique fine Les essentiels. Ce coffret de peinture acrylique fine comprend 12 couleurs polyvalentes. Faites pour \u00eatre m\u00e9lang\u00e9es, elles ont une texture dense qui saisit tous vos coups de pinceau.<\/p>\n<p>Ce coffret de peinture acrylique fine est notre kit le plus complet, c&#8217;est le cadeau id\u00e9al pour les \u00e9tudiants et les artistes qui explorent ce m\u00e9dium. Fabriqu\u00e9 en France, chaque tube offre une qualit\u00e9 incroyable. 12 tubes de 20 ml <span class=\"more_dots\">&#8230;<\/span><\/p>\n<p><a class=\"btn btn-secondary understrap-read-more-link\" href=\"https:\/\/trade.colart.com\/fr\/product\/lefranc-bourgeois-assortiment-dacrylique-fine-les-fondamentales-12-tubes\/\">Read More&#8230;<span class=\"screen-reader-text\"> from Lefranc Bourgeois Assortiment d&#8217;Acrylique Fine &#8220;Les Fondamentales&#8221; 12 Tubes<\/span><\/a><\/p>\n","protected":false},"featured_media":68205,"comment_status":"closed","ping_status":"closed","template":"","meta":{"_acf_changed":false},"product_brand":[],"product_cat":[2820],"product_tag":[],"class_list":{"0":"post-12806","1":"product","2":"type-product","3":"status-publish","4":"has-post-thumbnail","6":"product_cat-lefranc-bourgeois-beaux-arts-acrylique-vinylique-fine-acrylique-sets-fine-acrylique","8":"first","9":"instock","10":"shipping-taxable","11":"purchasable","12":"product-type-simple"},"acf":[],"_links":{"self":[{"href":"https:\/\/trade.colart.com\/fr\/wp-json\/wp\/v2\/product\/12806","targetHints":{"allow":["GET"]}}],"collection":[{"href":"https:\/\/trade.colart.com\/fr\/wp-json\/wp\/v2\/product"}],"about":[{"href":"https:\/\/trade.colart.com\/fr\/wp-json\/wp\/v2\/types\/product"}],"replies":[{"embeddable":true,"href":"https:\/\/trade.colart.com\/fr\/wp-json\/wp\/v2\/comments?post=12806"}],"wp:featuredmedia":[{"embeddable":true,"href":"https:\/\/trade.colart.com\/fr\/wp-json\/wp\/v2\/media\/68205"}],"wp:attachment":[{"href":"https:\/\/trade.colart.com\/fr\/wp-json\/wp\/v2\/media?parent=12806"}],"wp:term":[{"taxonomy":"product_brand","embeddable":true,"href":"https:\/\/trade.colart.com\/fr\/wp-json\/wp\/v2\/product_brand?post=12806"},{"taxonomy":"product_cat","embeddable":true,"href":"https:\/\/trade.colart.com\/fr\/wp-json\/wp\/v2\/product_cat?post=12806"},{"taxonomy":"product_tag","embeddable":true,"href":"https:\/\/trade.colart.com\/fr\/wp-json\/wp\/v2\/product_tag?post=12806"}],"curies":[{"name":"wp","href":"https:\/\/api.w.org\/{rel}","templated":true}]}}